{"id":7966,"date":"2022-12-13T17:54:28","date_gmt":"2022-12-13T17:54:28","guid":{"rendered":"https:\/\/www.aimmportugal.org\/product\/jogo-de-memoria\/"},"modified":"2022-12-13T18:06:52","modified_gmt":"2022-12-13T18:06:52","slug":"jogo-de-memoria","status":"publish","type":"product","link":"https:\/\/aimmportugal.org\/pt\/produto\/jogo-de-memoria\/","title":{"rendered":"Jogo de Mem\u00f3ria"},"content":{"rendered":"<p>Diverte-te a testar a tua mem\u00f3ria com este jogo cheio de mam\u00edferos marinhos que podes encontrar pelos nossos oceanos! Descobre mais informa\u00e7\u00e3o sobre cada animal dentro da caixa.<\/p>\n<p>Este jogo est\u00e1 em Ingl\u00eas e Portugu\u00eas. Design e ilustra\u00e7\u00f5es por Federica Lombardi. Orgulhosamente feito em Portugal.<\/p>\n","protected":false},"excerpt":{"rendered":"<p>Diverte-te a testar a tua mem\u00f3ria com este jogo cheio de mam\u00edferos marinhos que podes encontrar pelos nossos oceanos! Descobre mais informa\u00e7\u00e3o sobre cada animal dentro da caixa.<\/p>\n","protected":false},"featured_media":7964,"template":"","meta":{"give_campaign_id":0},"product_brand":[],"product_cat":[78],"product_tag":[],"class_list":{"0":"post-7966","1":"product","2":"type-product","3":"status-publish","4":"has-post-thumbnail","6":"product_cat-sem-categoria-pt","8":"first","9":"instock","10":"shipping-taxable","11":"purchasable","12":"product-type-simple"},"acf":[],"yoast_head":"<!-- This site is optimized with the Yoast SEO plugin v26.5 - https:\/\/yoast.com\/wordpress\/plugins\/seo\/ -->\n<title>Jogo de Mem\u00f3ria - AIMM<\/title>\n<meta name=\"robots\" content=\"index, follow, max-snippet:-1, max-image-preview:large, max-video-preview:-1\" \/>\n<link rel=\"canonical\" href=\"https:\/\/aimmportugal.org\/pt\/produto\/jogo-de-memoria\/\" \/>\n<meta property=\"og:locale\" content=\"pt_PT\" \/>\n<meta property=\"og:type\" content=\"article\" \/>\n<meta property=\"og:title\" content=\"Jogo de Mem\u00f3ria - AIMM\" \/>\n<meta property=\"og:description\" content=\"Diverte-te a testar a tua mem\u00f3ria com este jogo cheio de mam\u00edferos marinhos que podes encontrar pelos nossos oceanos! Descobre mais informa\u00e7\u00e3o sobre cada animal dentro da caixa.\" \/>\n<meta property=\"og:url\" content=\"https:\/\/aimmportugal.org\/pt\/produto\/jogo-de-memoria\/\" \/>\n<meta property=\"og:site_name\" content=\"AIMM\" \/>\n<meta property=\"article:modified_time\" content=\"2022-12-13T18:06:52+00:00\" \/>\n<meta property=\"og:image\" content=\"https:\/\/aimmportugal.org\/wp-content\/uploads\/2022\/12\/memory-game-AIMM.jpg\" \/>\n\t<meta property=\"og:image:width\" content=\"907\" \/>\n\t<meta property=\"og:image:height\" content=\"1210\" \/>\n\t<meta property=\"og:image:type\" content=\"image\/jpeg\" \/>\n<meta name=\"twitter:card\" content=\"summary_large_image\" \/>\n<meta name=\"twitter:label1\" content=\"Tempo estimado de leitura\" \/>\n\t<meta name=\"twitter:data1\" content=\"1 minuto\" \/>\n<script type=\"application\/ld+json\" class=\"yoast-schema-graph\">{\"@context\":\"https:\/\/schema.org\",\"@graph\":[{\"@type\":\"WebPage\",\"@id\":\"https:\/\/aimmportugal.org\/pt\/produto\/jogo-de-memoria\/\",\"url\":\"https:\/\/aimmportugal.org\/pt\/produto\/jogo-de-memoria\/\",\"name\":\"Jogo de Mem\u00f3ria - AIMM\",\"isPartOf\":{\"@id\":\"https:\/\/aimmportugal.org\/pt\/#website\"},\"primaryImageOfPage\":{\"@id\":\"https:\/\/aimmportugal.org\/pt\/produto\/jogo-de-memoria\/#primaryimage\"},\"image\":{\"@id\":\"https:\/\/aimmportugal.org\/pt\/produto\/jogo-de-memoria\/#primaryimage\"},\"thumbnailUrl\":\"https:\/\/aimmportugal.org\/wp-content\/uploads\/2022\/12\/memory-game-AIMM.jpg\",\"datePublished\":\"2022-12-13T17:54:28+00:00\",\"dateModified\":\"2022-12-13T18:06:52+00:00\",\"breadcrumb\":{\"@id\":\"https:\/\/aimmportugal.org\/pt\/produto\/jogo-de-memoria\/#breadcrumb\"},\"inLanguage\":\"pt-PT\",\"potentialAction\":[{\"@type\":\"ReadAction\",\"target\":[\"https:\/\/aimmportugal.org\/pt\/produto\/jogo-de-memoria\/\"]}]},{\"@type\":\"ImageObject\",\"inLanguage\":\"pt-PT\",\"@id\":\"https:\/\/aimmportugal.org\/pt\/produto\/jogo-de-memoria\/#primaryimage\",\"url\":\"https:\/\/aimmportugal.org\/wp-content\/uploads\/2022\/12\/memory-game-AIMM.jpg\",\"contentUrl\":\"https:\/\/aimmportugal.org\/wp-content\/uploads\/2022\/12\/memory-game-AIMM.jpg\",\"width\":907,\"height\":1210},{\"@type\":\"BreadcrumbList\",\"@id\":\"https:\/\/aimmportugal.org\/pt\/produto\/jogo-de-memoria\/#breadcrumb\",\"itemListElement\":[{\"@type\":\"ListItem\",\"position\":1,\"name\":\"\",\"item\":\"https:\/\/aimmportugal.org\/pt\/\"},{\"@type\":\"ListItem\",\"position\":2,\"name\":\"Torna-te um Her\u00f3i dos Oceanos!\",\"item\":\"https:\/\/aimmportugal.org\/pt\/shop\/\"},{\"@type\":\"ListItem\",\"position\":3,\"name\":\"Jogo de Mem\u00f3ria\"}]},{\"@type\":\"WebSite\",\"@id\":\"https:\/\/aimmportugal.org\/pt\/#website\",\"url\":\"https:\/\/aimmportugal.org\/pt\/\",\"name\":\"AIMM\",\"description\":\"Marine Environment Research Association\",\"publisher\":{\"@id\":\"https:\/\/aimmportugal.org\/pt\/#organization\"},\"potentialAction\":[{\"@type\":\"SearchAction\",\"target\":{\"@type\":\"EntryPoint\",\"urlTemplate\":\"https:\/\/aimmportugal.org\/pt\/?s={search_term_string}\"},\"query-input\":{\"@type\":\"PropertyValueSpecification\",\"valueRequired\":true,\"valueName\":\"search_term_string\"}}],\"inLanguage\":\"pt-PT\"},{\"@type\":\"Organization\",\"@id\":\"https:\/\/aimmportugal.org\/pt\/#organization\",\"name\":\"AIMM Portugal\",\"url\":\"https:\/\/aimmportugal.org\/pt\/\",\"logo\":{\"@type\":\"ImageObject\",\"inLanguage\":\"pt-PT\",\"@id\":\"https:\/\/aimmportugal.org\/pt\/#\/schema\/logo\/image\/\",\"url\":\"https:\/\/aimmportugal.org\/wp-content\/uploads\/2021\/07\/logo_AIMM_bilingue_blue.png\",\"contentUrl\":\"https:\/\/aimmportugal.org\/wp-content\/uploads\/2021\/07\/logo_AIMM_bilingue_blue.png\",\"width\":2560,\"height\":1484,\"caption\":\"AIMM Portugal\"},\"image\":{\"@id\":\"https:\/\/aimmportugal.org\/pt\/#\/schema\/logo\/image\/\"}}]}<\/script>\n<!-- \/ Yoast SEO plugin. -->","yoast_head_json":{"title":"Jogo de Mem\u00f3ria - AIMM","robots":{"index":"index","follow":"follow","max-snippet":"max-snippet:-1","max-image-preview":"max-image-preview:large","max-video-preview":"max-video-preview:-1"},"canonical":"https:\/\/aimmportugal.org\/pt\/produto\/jogo-de-memoria\/","og_locale":"pt_PT","og_type":"article","og_title":"Jogo de Mem\u00f3ria - AIMM","og_description":"Diverte-te a testar a tua mem\u00f3ria com este jogo cheio de mam\u00edferos marinhos que podes encontrar pelos nossos oceanos! Descobre mais informa\u00e7\u00e3o sobre cada animal dentro da caixa.","og_url":"https:\/\/aimmportugal.org\/pt\/produto\/jogo-de-memoria\/","og_site_name":"AIMM","article_modified_time":"2022-12-13T18:06:52+00:00","og_image":[{"width":907,"height":1210,"url":"https:\/\/aimmportugal.org\/wp-content\/uploads\/2022\/12\/memory-game-AIMM.jpg","type":"image\/jpeg"}],"twitter_card":"summary_large_image","twitter_misc":{"Tempo estimado de leitura":"1 minuto"},"schema":{"@context":"https:\/\/schema.org","@graph":[{"@type":"WebPage","@id":"https:\/\/aimmportugal.org\/pt\/produto\/jogo-de-memoria\/","url":"https:\/\/aimmportugal.org\/pt\/produto\/jogo-de-memoria\/","name":"Jogo de Mem\u00f3ria - AIMM","isPartOf":{"@id":"https:\/\/aimmportugal.org\/pt\/#website"},"primaryImageOfPage":{"@id":"https:\/\/aimmportugal.org\/pt\/produto\/jogo-de-memoria\/#primaryimage"},"image":{"@id":"https:\/\/aimmportugal.org\/pt\/produto\/jogo-de-memoria\/#primaryimage"},"thumbnailUrl":"https:\/\/aimmportugal.org\/wp-content\/uploads\/2022\/12\/memory-game-AIMM.jpg","datePublished":"2022-12-13T17:54:28+00:00","dateModified":"2022-12-13T18:06:52+00:00","breadcrumb":{"@id":"https:\/\/aimmportugal.org\/pt\/produto\/jogo-de-memoria\/#breadcrumb"},"inLanguage":"pt-PT","potentialAction":[{"@type":"ReadAction","target":["https:\/\/aimmportugal.org\/pt\/produto\/jogo-de-memoria\/"]}]},{"@type":"ImageObject","inLanguage":"pt-PT","@id":"https:\/\/aimmportugal.org\/pt\/produto\/jogo-de-memoria\/#primaryimage","url":"https:\/\/aimmportugal.org\/wp-content\/uploads\/2022\/12\/memory-game-AIMM.jpg","contentUrl":"https:\/\/aimmportugal.org\/wp-content\/uploads\/2022\/12\/memory-game-AIMM.jpg","width":907,"height":1210},{"@type":"BreadcrumbList","@id":"https:\/\/aimmportugal.org\/pt\/produto\/jogo-de-memoria\/#breadcrumb","itemListElement":[{"@type":"ListItem","position":1,"name":"","item":"https:\/\/aimmportugal.org\/pt\/"},{"@type":"ListItem","position":2,"name":"Torna-te um Her\u00f3i dos Oceanos!","item":"https:\/\/aimmportugal.org\/pt\/shop\/"},{"@type":"ListItem","position":3,"name":"Jogo de Mem\u00f3ria"}]},{"@type":"WebSite","@id":"https:\/\/aimmportugal.org\/pt\/#website","url":"https:\/\/aimmportugal.org\/pt\/","name":"AIMM","description":"Marine Environment Research Association","publisher":{"@id":"https:\/\/aimmportugal.org\/pt\/#organization"},"potentialAction":[{"@type":"SearchAction","target":{"@type":"EntryPoint","urlTemplate":"https:\/\/aimmportugal.org\/pt\/?s={search_term_string}"},"query-input":{"@type":"PropertyValueSpecification","valueRequired":true,"valueName":"search_term_string"}}],"inLanguage":"pt-PT"},{"@type":"Organization","@id":"https:\/\/aimmportugal.org\/pt\/#organization","name":"AIMM Portugal","url":"https:\/\/aimmportugal.org\/pt\/","logo":{"@type":"ImageObject","inLanguage":"pt-PT","@id":"https:\/\/aimmportugal.org\/pt\/#\/schema\/logo\/image\/","url":"https:\/\/aimmportugal.org\/wp-content\/uploads\/2021\/07\/logo_AIMM_bilingue_blue.png","contentUrl":"https:\/\/aimmportugal.org\/wp-content\/uploads\/2021\/07\/logo_AIMM_bilingue_blue.png","width":2560,"height":1484,"caption":"AIMM Portugal"},"image":{"@id":"https:\/\/aimmportugal.org\/pt\/#\/schema\/logo\/image\/"}}]}},"_links":{"self":[{"href":"https:\/\/aimmportugal.org\/pt\/wp-json\/wp\/v2\/product\/7966","targetHints":{"allow":["GET"]}}],"collection":[{"href":"https:\/\/aimmportugal.org\/pt\/wp-json\/wp\/v2\/product"}],"about":[{"href":"https:\/\/aimmportugal.org\/pt\/wp-json\/wp\/v2\/types\/product"}],"wp:featuredmedia":[{"embeddable":true,"href":"https:\/\/aimmportugal.org\/pt\/wp-json\/wp\/v2\/media\/7964"}],"wp:attachment":[{"href":"https:\/\/aimmportugal.org\/pt\/wp-json\/wp\/v2\/media?parent=7966"}],"wp:term":[{"taxonomy":"product_brand","embeddable":true,"href":"https:\/\/aimmportugal.org\/pt\/wp-json\/wp\/v2\/product_brand?post=7966"},{"taxonomy":"product_cat","embeddable":true,"href":"https:\/\/aimmportugal.org\/pt\/wp-json\/wp\/v2\/product_cat?post=7966"},{"taxonomy":"product_tag","embeddable":true,"href":"https:\/\/aimmportugal.org\/pt\/wp-json\/wp\/v2\/product_tag?post=7966"}],"curies":[{"name":"wp","href":"https:\/\/api.w.org\/{rel}","templated":true}]}}