{"id":3879,"date":"2021-07-30T10:26:30","date_gmt":"2021-07-30T09:26:30","guid":{"rendered":"https:\/\/www.aimmportugal.org\/product\/bone-hero\/"},"modified":"2026-01-30T16:25:02","modified_gmt":"2026-01-30T16:25:02","slug":"bone-hero","status":"publish","type":"product","link":"https:\/\/aimmportugal.org\/pt\/produto\/bone-hero\/","title":{"rendered":"Bon\u00e9 Hero"},"content":{"rendered":"<p>Um bon\u00e9 para todas as ocasi\u00f5es! Este bon\u00e9 de 6 pain\u00e9is tem o nosso logotipo e o slogan \u201cHer\u00f3i dos Oceanos\u201d bordado a branco.<\/p>\n<p>Pala sandwich curvada em contraste. 100% algod\u00e3o aveludado, 260 g\/m\u00b2. Ajuste e passador met\u00e1licos.<\/p>\n","protected":false},"excerpt":{"rendered":"<p>Um bon\u00e9 para todas as ocasi\u00f5es! Este bon\u00e9 de 6 pain\u00e9is tem o nosso logotipo e o slogan \u201cHer\u00f3i dos Oceanos\u201d bordado a branco.<\/p>\n","protected":false},"featured_media":3889,"template":"","meta":{"give_campaign_id":0},"product_brand":[],"product_cat":[78],"product_tag":[],"class_list":{"0":"post-3879","1":"product","2":"type-product","3":"status-publish","4":"has-post-thumbnail","6":"product_cat-sem-categoria-pt","8":"first","9":"instock","10":"shipping-taxable","11":"purchasable","12":"product-type-variable"},"acf":[],"yoast_head":"<!-- This site is optimized with the Yoast SEO plugin v26.5 - https:\/\/yoast.com\/wordpress\/plugins\/seo\/ -->\n<title>Bon\u00e9 Hero - AIMM<\/title>\n<meta name=\"robots\" content=\"index, follow, max-snippet:-1, max-image-preview:large, max-video-preview:-1\" \/>\n<link rel=\"canonical\" href=\"https:\/\/aimmportugal.org\/pt\/produto\/bone-hero\/\" \/>\n<meta property=\"og:locale\" content=\"pt_PT\" \/>\n<meta property=\"og:type\" content=\"article\" \/>\n<meta property=\"og:title\" content=\"Bon\u00e9 Hero - AIMM\" \/>\n<meta property=\"og:description\" content=\"Um bon\u00e9 para todas as ocasi\u00f5es! Este bon\u00e9 de 6 pain\u00e9is tem o nosso logotipo e o slogan \u201cHer\u00f3i dos Oceanos\u201d bordado a branco.\" \/>\n<meta property=\"og:url\" content=\"https:\/\/aimmportugal.org\/pt\/produto\/bone-hero\/\" \/>\n<meta property=\"og:site_name\" content=\"AIMM\" \/>\n<meta property=\"article:modified_time\" content=\"2026-01-30T16:25:02+00:00\" \/>\n<meta property=\"og:image\" content=\"https:\/\/aimmportugal.org\/wp-content\/uploads\/2021\/07\/bone-marinho-1-scaled.jpg\" \/>\n\t<meta property=\"og:image:width\" content=\"2560\" \/>\n\t<meta property=\"og:image:height\" content=\"1707\" \/>\n\t<meta property=\"og:image:type\" content=\"image\/jpeg\" \/>\n<meta name=\"twitter:card\" content=\"summary_large_image\" \/>\n<script type=\"application\/ld+json\" class=\"yoast-schema-graph\">{\"@context\":\"https:\/\/schema.org\",\"@graph\":[{\"@type\":\"WebPage\",\"@id\":\"https:\/\/aimmportugal.org\/pt\/produto\/bone-hero\/\",\"url\":\"https:\/\/aimmportugal.org\/pt\/produto\/bone-hero\/\",\"name\":\"Bon\u00e9 Hero - AIMM\",\"isPartOf\":{\"@id\":\"https:\/\/aimmportugal.org\/pt\/#website\"},\"primaryImageOfPage\":{\"@id\":\"https:\/\/aimmportugal.org\/pt\/produto\/bone-hero\/#primaryimage\"},\"image\":{\"@id\":\"https:\/\/aimmportugal.org\/pt\/produto\/bone-hero\/#primaryimage\"},\"thumbnailUrl\":\"https:\/\/aimmportugal.org\/wp-content\/uploads\/2021\/07\/bone-marinho-1-scaled.jpg\",\"datePublished\":\"2021-07-30T09:26:30+00:00\",\"dateModified\":\"2026-01-30T16:25:02+00:00\",\"breadcrumb\":{\"@id\":\"https:\/\/aimmportugal.org\/pt\/produto\/bone-hero\/#breadcrumb\"},\"inLanguage\":\"pt-PT\",\"potentialAction\":[{\"@type\":\"ReadAction\",\"target\":[\"https:\/\/aimmportugal.org\/pt\/produto\/bone-hero\/\"]}]},{\"@type\":\"ImageObject\",\"inLanguage\":\"pt-PT\",\"@id\":\"https:\/\/aimmportugal.org\/pt\/produto\/bone-hero\/#primaryimage\",\"url\":\"https:\/\/aimmportugal.org\/wp-content\/uploads\/2021\/07\/bone-marinho-1-scaled.jpg\",\"contentUrl\":\"https:\/\/aimmportugal.org\/wp-content\/uploads\/2021\/07\/bone-marinho-1-scaled.jpg\",\"width\":2560,\"height\":1707},{\"@type\":\"BreadcrumbList\",\"@id\":\"https:\/\/aimmportugal.org\/pt\/produto\/bone-hero\/#breadcrumb\",\"itemListElement\":[{\"@type\":\"ListItem\",\"position\":1,\"name\":\"\",\"item\":\"https:\/\/aimmportugal.org\/pt\/\"},{\"@type\":\"ListItem\",\"position\":2,\"name\":\"Torna-te um Her\u00f3i dos Oceanos!\",\"item\":\"https:\/\/aimmportugal.org\/pt\/shop\/\"},{\"@type\":\"ListItem\",\"position\":3,\"name\":\"Bon\u00e9 Hero\"}]},{\"@type\":\"WebSite\",\"@id\":\"https:\/\/aimmportugal.org\/pt\/#website\",\"url\":\"https:\/\/aimmportugal.org\/pt\/\",\"name\":\"AIMM\",\"description\":\"Marine Environment Research Association\",\"publisher\":{\"@id\":\"https:\/\/aimmportugal.org\/pt\/#organization\"},\"potentialAction\":[{\"@type\":\"SearchAction\",\"target\":{\"@type\":\"EntryPoint\",\"urlTemplate\":\"https:\/\/aimmportugal.org\/pt\/?s={search_term_string}\"},\"query-input\":{\"@type\":\"PropertyValueSpecification\",\"valueRequired\":true,\"valueName\":\"search_term_string\"}}],\"inLanguage\":\"pt-PT\"},{\"@type\":\"Organization\",\"@id\":\"https:\/\/aimmportugal.org\/pt\/#organization\",\"name\":\"AIMM Portugal\",\"url\":\"https:\/\/aimmportugal.org\/pt\/\",\"logo\":{\"@type\":\"ImageObject\",\"inLanguage\":\"pt-PT\",\"@id\":\"https:\/\/aimmportugal.org\/pt\/#\/schema\/logo\/image\/\",\"url\":\"https:\/\/aimmportugal.org\/wp-content\/uploads\/2021\/07\/logo_AIMM_bilingue_blue.png\",\"contentUrl\":\"https:\/\/aimmportugal.org\/wp-content\/uploads\/2021\/07\/logo_AIMM_bilingue_blue.png\",\"width\":2560,\"height\":1484,\"caption\":\"AIMM Portugal\"},\"image\":{\"@id\":\"https:\/\/aimmportugal.org\/pt\/#\/schema\/logo\/image\/\"}}]}<\/script>\n<!-- \/ Yoast SEO plugin. -->","yoast_head_json":{"title":"Bon\u00e9 Hero - AIMM","robots":{"index":"index","follow":"follow","max-snippet":"max-snippet:-1","max-image-preview":"max-image-preview:large","max-video-preview":"max-video-preview:-1"},"canonical":"https:\/\/aimmportugal.org\/pt\/produto\/bone-hero\/","og_locale":"pt_PT","og_type":"article","og_title":"Bon\u00e9 Hero - AIMM","og_description":"Um bon\u00e9 para todas as ocasi\u00f5es! Este bon\u00e9 de 6 pain\u00e9is tem o nosso logotipo e o slogan \u201cHer\u00f3i dos Oceanos\u201d bordado a branco.","og_url":"https:\/\/aimmportugal.org\/pt\/produto\/bone-hero\/","og_site_name":"AIMM","article_modified_time":"2026-01-30T16:25:02+00:00","og_image":[{"width":2560,"height":1707,"url":"https:\/\/aimmportugal.org\/wp-content\/uploads\/2021\/07\/bone-marinho-1-scaled.jpg","type":"image\/jpeg"}],"twitter_card":"summary_large_image","schema":{"@context":"https:\/\/schema.org","@graph":[{"@type":"WebPage","@id":"https:\/\/aimmportugal.org\/pt\/produto\/bone-hero\/","url":"https:\/\/aimmportugal.org\/pt\/produto\/bone-hero\/","name":"Bon\u00e9 Hero - AIMM","isPartOf":{"@id":"https:\/\/aimmportugal.org\/pt\/#website"},"primaryImageOfPage":{"@id":"https:\/\/aimmportugal.org\/pt\/produto\/bone-hero\/#primaryimage"},"image":{"@id":"https:\/\/aimmportugal.org\/pt\/produto\/bone-hero\/#primaryimage"},"thumbnailUrl":"https:\/\/aimmportugal.org\/wp-content\/uploads\/2021\/07\/bone-marinho-1-scaled.jpg","datePublished":"2021-07-30T09:26:30+00:00","dateModified":"2026-01-30T16:25:02+00:00","breadcrumb":{"@id":"https:\/\/aimmportugal.org\/pt\/produto\/bone-hero\/#breadcrumb"},"inLanguage":"pt-PT","potentialAction":[{"@type":"ReadAction","target":["https:\/\/aimmportugal.org\/pt\/produto\/bone-hero\/"]}]},{"@type":"ImageObject","inLanguage":"pt-PT","@id":"https:\/\/aimmportugal.org\/pt\/produto\/bone-hero\/#primaryimage","url":"https:\/\/aimmportugal.org\/wp-content\/uploads\/2021\/07\/bone-marinho-1-scaled.jpg","contentUrl":"https:\/\/aimmportugal.org\/wp-content\/uploads\/2021\/07\/bone-marinho-1-scaled.jpg","width":2560,"height":1707},{"@type":"BreadcrumbList","@id":"https:\/\/aimmportugal.org\/pt\/produto\/bone-hero\/#breadcrumb","itemListElement":[{"@type":"ListItem","position":1,"name":"","item":"https:\/\/aimmportugal.org\/pt\/"},{"@type":"ListItem","position":2,"name":"Torna-te um Her\u00f3i dos Oceanos!","item":"https:\/\/aimmportugal.org\/pt\/shop\/"},{"@type":"ListItem","position":3,"name":"Bon\u00e9 Hero"}]},{"@type":"WebSite","@id":"https:\/\/aimmportugal.org\/pt\/#website","url":"https:\/\/aimmportugal.org\/pt\/","name":"AIMM","description":"Marine Environment Research Association","publisher":{"@id":"https:\/\/aimmportugal.org\/pt\/#organization"},"potentialAction":[{"@type":"SearchAction","target":{"@type":"EntryPoint","urlTemplate":"https:\/\/aimmportugal.org\/pt\/?s={search_term_string}"},"query-input":{"@type":"PropertyValueSpecification","valueRequired":true,"valueName":"search_term_string"}}],"inLanguage":"pt-PT"},{"@type":"Organization","@id":"https:\/\/aimmportugal.org\/pt\/#organization","name":"AIMM Portugal","url":"https:\/\/aimmportugal.org\/pt\/","logo":{"@type":"ImageObject","inLanguage":"pt-PT","@id":"https:\/\/aimmportugal.org\/pt\/#\/schema\/logo\/image\/","url":"https:\/\/aimmportugal.org\/wp-content\/uploads\/2021\/07\/logo_AIMM_bilingue_blue.png","contentUrl":"https:\/\/aimmportugal.org\/wp-content\/uploads\/2021\/07\/logo_AIMM_bilingue_blue.png","width":2560,"height":1484,"caption":"AIMM Portugal"},"image":{"@id":"https:\/\/aimmportugal.org\/pt\/#\/schema\/logo\/image\/"}}]}},"_links":{"self":[{"href":"https:\/\/aimmportugal.org\/pt\/wp-json\/wp\/v2\/product\/3879","targetHints":{"allow":["GET"]}}],"collection":[{"href":"https:\/\/aimmportugal.org\/pt\/wp-json\/wp\/v2\/product"}],"about":[{"href":"https:\/\/aimmportugal.org\/pt\/wp-json\/wp\/v2\/types\/product"}],"wp:featuredmedia":[{"embeddable":true,"href":"https:\/\/aimmportugal.org\/pt\/wp-json\/wp\/v2\/media\/3889"}],"wp:attachment":[{"href":"https:\/\/aimmportugal.org\/pt\/wp-json\/wp\/v2\/media?parent=3879"}],"wp:term":[{"taxonomy":"product_brand","embeddable":true,"href":"https:\/\/aimmportugal.org\/pt\/wp-json\/wp\/v2\/product_brand?post=3879"},{"taxonomy":"product_cat","embeddable":true,"href":"https:\/\/aimmportugal.org\/pt\/wp-json\/wp\/v2\/product_cat?post=3879"},{"taxonomy":"product_tag","embeddable":true,"href":"https:\/\/aimmportugal.org\/pt\/wp-json\/wp\/v2\/product_tag?post=3879"}],"curies":[{"name":"wp","href":"https:\/\/api.w.org\/{rel}","templated":true}]}}