{"id":3874,"date":"2021-07-30T10:37:17","date_gmt":"2021-07-30T09:37:17","guid":{"rendered":"https:\/\/www.aimmportugal.org\/product\/porta-chaves-de-borracha-natural\/"},"modified":"2023-04-03T15:33:29","modified_gmt":"2023-04-03T14:33:29","slug":"porta-chaves-de-borracha-natural","status":"publish","type":"product","link":"https:\/\/aimmportugal.org\/pt\/produto\/porta-chaves-de-borracha-natural\/","title":{"rendered":"Porta-chaves de Borracha Natural"},"content":{"rendered":"<p>Sabias que esta borracha se dissolve completamente e por isso n\u00e3o ir\u00e1 acabar no oceano? Este porta-chaves \u00e9 feito \u00e0 m\u00e3o e pintado por Kautschuk-tiere, e a borracha usada \u00e9 processada exclusivamente na sua pr\u00f3pria oficina. Podes us\u00e1-los como porta-chaves ou como pe\u00e7a decorativa para malas. Cada animal \u00e9 \u00fanico, n\u00e3o encontrar\u00e1 dois iguais.<\/p>\n<p>Porta-chaves em borracha com argola e mosquet\u00e3o. As imagens s\u00e3o meramente ilustrativas, o produto real pode variar na pintura e no padr\u00e3o.<br \/>\n<strong>Por favor, adicione nas notas que animal gostaria de adquirir: golfinho, baleia, caranguejo, polvo, tartaruga ou cavalo-marinho.<\/strong><\/p>\n","protected":false},"excerpt":{"rendered":"<p>Sabias que esta borracha se dissolve completamente e por isso n\u00e3o ir\u00e1 acabar no oceano? Este porta-chaves \u00e9 feito \u00e0 m\u00e3o e pintado por Kautschuk-tiere, e a borracha usada \u00e9 processada exclusivamente na sua pr\u00f3pria oficina. Podes us\u00e1-los como porta-chaves ou como pe\u00e7a decorativa para malas. Cada animal \u00e9 \u00fanico, n\u00e3o encontrar\u00e1 dois iguais.<\/p>\n<p><strong>Por favor, adicione nas notas que animal gostaria de adquirir: golfinho, baleia, caranguejo, polvo, tartaruga ou cavalo-marinho.<\/strong><\/p>\n","protected":false},"featured_media":3875,"template":"","meta":{"give_campaign_id":0},"product_brand":[],"product_cat":[78],"product_tag":[],"class_list":{"0":"post-3874","1":"product","2":"type-product","3":"status-publish","4":"has-post-thumbnail","6":"product_cat-sem-categoria-pt","8":"first","9":"instock","10":"shipping-taxable","11":"purchasable","12":"product-type-simple"},"acf":[],"yoast_head":"<!-- This site is optimized with the Yoast SEO plugin v26.5 - https:\/\/yoast.com\/wordpress\/plugins\/seo\/ -->\n<title>Porta-chaves de Borracha Natural - AIMM<\/title>\n<meta name=\"robots\" content=\"index, follow, max-snippet:-1, max-image-preview:large, max-video-preview:-1\" \/>\n<link rel=\"canonical\" href=\"https:\/\/aimmportugal.org\/pt\/produto\/porta-chaves-de-borracha-natural\/\" \/>\n<meta property=\"og:locale\" content=\"pt_PT\" \/>\n<meta property=\"og:type\" content=\"article\" \/>\n<meta property=\"og:title\" content=\"Porta-chaves de Borracha Natural - AIMM\" \/>\n<meta property=\"og:description\" content=\"Sabias que esta borracha se dissolve completamente e por isso n\u00e3o ir\u00e1 acabar no oceano? Este porta-chaves \u00e9 feito \u00e0 m\u00e3o e pintado por Kautschuk-tiere, e a borracha usada \u00e9 processada exclusivamente na sua pr\u00f3pria oficina. Podes us\u00e1-los como porta-chaves ou como pe\u00e7a decorativa para malas. Cada animal \u00e9 \u00fanico, n\u00e3o encontrar\u00e1 dois iguais.  Por favor, adicione nas notas que animal gostaria de adquirir: golfinho, baleia, caranguejo, polvo, tartaruga ou cavalo-marinho.\" \/>\n<meta property=\"og:url\" content=\"https:\/\/aimmportugal.org\/pt\/produto\/porta-chaves-de-borracha-natural\/\" \/>\n<meta property=\"og:site_name\" content=\"AIMM\" \/>\n<meta property=\"article:modified_time\" content=\"2023-04-03T14:33:29+00:00\" \/>\n<meta property=\"og:image\" content=\"https:\/\/aimmportugal.org\/wp-content\/uploads\/2021\/07\/baleia-scaled.jpg\" \/>\n\t<meta property=\"og:image:width\" content=\"2560\" \/>\n\t<meta property=\"og:image:height\" content=\"1707\" \/>\n\t<meta property=\"og:image:type\" content=\"image\/jpeg\" \/>\n<meta name=\"twitter:card\" content=\"summary_large_image\" \/>\n<meta name=\"twitter:label1\" content=\"Tempo estimado de leitura\" \/>\n\t<meta name=\"twitter:data1\" content=\"1 minuto\" \/>\n<script type=\"application\/ld+json\" class=\"yoast-schema-graph\">{\"@context\":\"https:\/\/schema.org\",\"@graph\":[{\"@type\":\"WebPage\",\"@id\":\"https:\/\/aimmportugal.org\/pt\/produto\/porta-chaves-de-borracha-natural\/\",\"url\":\"https:\/\/aimmportugal.org\/pt\/produto\/porta-chaves-de-borracha-natural\/\",\"name\":\"Porta-chaves de Borracha Natural - AIMM\",\"isPartOf\":{\"@id\":\"https:\/\/aimmportugal.org\/pt\/#website\"},\"primaryImageOfPage\":{\"@id\":\"https:\/\/aimmportugal.org\/pt\/produto\/porta-chaves-de-borracha-natural\/#primaryimage\"},\"image\":{\"@id\":\"https:\/\/aimmportugal.org\/pt\/produto\/porta-chaves-de-borracha-natural\/#primaryimage\"},\"thumbnailUrl\":\"https:\/\/aimmportugal.org\/wp-content\/uploads\/2021\/07\/baleia-scaled.jpg\",\"datePublished\":\"2021-07-30T09:37:17+00:00\",\"dateModified\":\"2023-04-03T14:33:29+00:00\",\"breadcrumb\":{\"@id\":\"https:\/\/aimmportugal.org\/pt\/produto\/porta-chaves-de-borracha-natural\/#breadcrumb\"},\"inLanguage\":\"pt-PT\",\"potentialAction\":[{\"@type\":\"ReadAction\",\"target\":[\"https:\/\/aimmportugal.org\/pt\/produto\/porta-chaves-de-borracha-natural\/\"]}]},{\"@type\":\"ImageObject\",\"inLanguage\":\"pt-PT\",\"@id\":\"https:\/\/aimmportugal.org\/pt\/produto\/porta-chaves-de-borracha-natural\/#primaryimage\",\"url\":\"https:\/\/aimmportugal.org\/wp-content\/uploads\/2021\/07\/baleia-scaled.jpg\",\"contentUrl\":\"https:\/\/aimmportugal.org\/wp-content\/uploads\/2021\/07\/baleia-scaled.jpg\",\"width\":2560,\"height\":1707},{\"@type\":\"BreadcrumbList\",\"@id\":\"https:\/\/aimmportugal.org\/pt\/produto\/porta-chaves-de-borracha-natural\/#breadcrumb\",\"itemListElement\":[{\"@type\":\"ListItem\",\"position\":1,\"name\":\"\",\"item\":\"https:\/\/aimmportugal.org\/pt\/\"},{\"@type\":\"ListItem\",\"position\":2,\"name\":\"Torna-te um Her\u00f3i dos Oceanos!\",\"item\":\"https:\/\/aimmportugal.org\/pt\/shop\/\"},{\"@type\":\"ListItem\",\"position\":3,\"name\":\"Porta-chaves de Borracha Natural\"}]},{\"@type\":\"WebSite\",\"@id\":\"https:\/\/aimmportugal.org\/pt\/#website\",\"url\":\"https:\/\/aimmportugal.org\/pt\/\",\"name\":\"AIMM\",\"description\":\"Marine Environment Research Association\",\"publisher\":{\"@id\":\"https:\/\/aimmportugal.org\/pt\/#organization\"},\"potentialAction\":[{\"@type\":\"SearchAction\",\"target\":{\"@type\":\"EntryPoint\",\"urlTemplate\":\"https:\/\/aimmportugal.org\/pt\/?s={search_term_string}\"},\"query-input\":{\"@type\":\"PropertyValueSpecification\",\"valueRequired\":true,\"valueName\":\"search_term_string\"}}],\"inLanguage\":\"pt-PT\"},{\"@type\":\"Organization\",\"@id\":\"https:\/\/aimmportugal.org\/pt\/#organization\",\"name\":\"AIMM Portugal\",\"url\":\"https:\/\/aimmportugal.org\/pt\/\",\"logo\":{\"@type\":\"ImageObject\",\"inLanguage\":\"pt-PT\",\"@id\":\"https:\/\/aimmportugal.org\/pt\/#\/schema\/logo\/image\/\",\"url\":\"https:\/\/aimmportugal.org\/wp-content\/uploads\/2021\/07\/logo_AIMM_bilingue_blue.png\",\"contentUrl\":\"https:\/\/aimmportugal.org\/wp-content\/uploads\/2021\/07\/logo_AIMM_bilingue_blue.png\",\"width\":2560,\"height\":1484,\"caption\":\"AIMM Portugal\"},\"image\":{\"@id\":\"https:\/\/aimmportugal.org\/pt\/#\/schema\/logo\/image\/\"}}]}<\/script>\n<!-- \/ Yoast SEO plugin. -->","yoast_head_json":{"title":"Porta-chaves de Borracha Natural - AIMM","robots":{"index":"index","follow":"follow","max-snippet":"max-snippet:-1","max-image-preview":"max-image-preview:large","max-video-preview":"max-video-preview:-1"},"canonical":"https:\/\/aimmportugal.org\/pt\/produto\/porta-chaves-de-borracha-natural\/","og_locale":"pt_PT","og_type":"article","og_title":"Porta-chaves de Borracha Natural - AIMM","og_description":"Sabias que esta borracha se dissolve completamente e por isso n\u00e3o ir\u00e1 acabar no oceano? Este porta-chaves \u00e9 feito \u00e0 m\u00e3o e pintado por Kautschuk-tiere, e a borracha usada \u00e9 processada exclusivamente na sua pr\u00f3pria oficina. Podes us\u00e1-los como porta-chaves ou como pe\u00e7a decorativa para malas. Cada animal \u00e9 \u00fanico, n\u00e3o encontrar\u00e1 dois iguais.  Por favor, adicione nas notas que animal gostaria de adquirir: golfinho, baleia, caranguejo, polvo, tartaruga ou cavalo-marinho.","og_url":"https:\/\/aimmportugal.org\/pt\/produto\/porta-chaves-de-borracha-natural\/","og_site_name":"AIMM","article_modified_time":"2023-04-03T14:33:29+00:00","og_image":[{"width":2560,"height":1707,"url":"https:\/\/aimmportugal.org\/wp-content\/uploads\/2021\/07\/baleia-scaled.jpg","type":"image\/jpeg"}],"twitter_card":"summary_large_image","twitter_misc":{"Tempo estimado de leitura":"1 minuto"},"schema":{"@context":"https:\/\/schema.org","@graph":[{"@type":"WebPage","@id":"https:\/\/aimmportugal.org\/pt\/produto\/porta-chaves-de-borracha-natural\/","url":"https:\/\/aimmportugal.org\/pt\/produto\/porta-chaves-de-borracha-natural\/","name":"Porta-chaves de Borracha Natural - AIMM","isPartOf":{"@id":"https:\/\/aimmportugal.org\/pt\/#website"},"primaryImageOfPage":{"@id":"https:\/\/aimmportugal.org\/pt\/produto\/porta-chaves-de-borracha-natural\/#primaryimage"},"image":{"@id":"https:\/\/aimmportugal.org\/pt\/produto\/porta-chaves-de-borracha-natural\/#primaryimage"},"thumbnailUrl":"https:\/\/aimmportugal.org\/wp-content\/uploads\/2021\/07\/baleia-scaled.jpg","datePublished":"2021-07-30T09:37:17+00:00","dateModified":"2023-04-03T14:33:29+00:00","breadcrumb":{"@id":"https:\/\/aimmportugal.org\/pt\/produto\/porta-chaves-de-borracha-natural\/#breadcrumb"},"inLanguage":"pt-PT","potentialAction":[{"@type":"ReadAction","target":["https:\/\/aimmportugal.org\/pt\/produto\/porta-chaves-de-borracha-natural\/"]}]},{"@type":"ImageObject","inLanguage":"pt-PT","@id":"https:\/\/aimmportugal.org\/pt\/produto\/porta-chaves-de-borracha-natural\/#primaryimage","url":"https:\/\/aimmportugal.org\/wp-content\/uploads\/2021\/07\/baleia-scaled.jpg","contentUrl":"https:\/\/aimmportugal.org\/wp-content\/uploads\/2021\/07\/baleia-scaled.jpg","width":2560,"height":1707},{"@type":"BreadcrumbList","@id":"https:\/\/aimmportugal.org\/pt\/produto\/porta-chaves-de-borracha-natural\/#breadcrumb","itemListElement":[{"@type":"ListItem","position":1,"name":"","item":"https:\/\/aimmportugal.org\/pt\/"},{"@type":"ListItem","position":2,"name":"Torna-te um Her\u00f3i dos Oceanos!","item":"https:\/\/aimmportugal.org\/pt\/shop\/"},{"@type":"ListItem","position":3,"name":"Porta-chaves de Borracha Natural"}]},{"@type":"WebSite","@id":"https:\/\/aimmportugal.org\/pt\/#website","url":"https:\/\/aimmportugal.org\/pt\/","name":"AIMM","description":"Marine Environment Research Association","publisher":{"@id":"https:\/\/aimmportugal.org\/pt\/#organization"},"potentialAction":[{"@type":"SearchAction","target":{"@type":"EntryPoint","urlTemplate":"https:\/\/aimmportugal.org\/pt\/?s={search_term_string}"},"query-input":{"@type":"PropertyValueSpecification","valueRequired":true,"valueName":"search_term_string"}}],"inLanguage":"pt-PT"},{"@type":"Organization","@id":"https:\/\/aimmportugal.org\/pt\/#organization","name":"AIMM Portugal","url":"https:\/\/aimmportugal.org\/pt\/","logo":{"@type":"ImageObject","inLanguage":"pt-PT","@id":"https:\/\/aimmportugal.org\/pt\/#\/schema\/logo\/image\/","url":"https:\/\/aimmportugal.org\/wp-content\/uploads\/2021\/07\/logo_AIMM_bilingue_blue.png","contentUrl":"https:\/\/aimmportugal.org\/wp-content\/uploads\/2021\/07\/logo_AIMM_bilingue_blue.png","width":2560,"height":1484,"caption":"AIMM Portugal"},"image":{"@id":"https:\/\/aimmportugal.org\/pt\/#\/schema\/logo\/image\/"}}]}},"_links":{"self":[{"href":"https:\/\/aimmportugal.org\/pt\/wp-json\/wp\/v2\/product\/3874","targetHints":{"allow":["GET"]}}],"collection":[{"href":"https:\/\/aimmportugal.org\/pt\/wp-json\/wp\/v2\/product"}],"about":[{"href":"https:\/\/aimmportugal.org\/pt\/wp-json\/wp\/v2\/types\/product"}],"wp:featuredmedia":[{"embeddable":true,"href":"https:\/\/aimmportugal.org\/pt\/wp-json\/wp\/v2\/media\/3875"}],"wp:attachment":[{"href":"https:\/\/aimmportugal.org\/pt\/wp-json\/wp\/v2\/media?parent=3874"}],"wp:term":[{"taxonomy":"product_brand","embeddable":true,"href":"https:\/\/aimmportugal.org\/pt\/wp-json\/wp\/v2\/product_brand?post=3874"},{"taxonomy":"product_cat","embeddable":true,"href":"https:\/\/aimmportugal.org\/pt\/wp-json\/wp\/v2\/product_cat?post=3874"},{"taxonomy":"product_tag","embeddable":true,"href":"https:\/\/aimmportugal.org\/pt\/wp-json\/wp\/v2\/product_tag?post=3874"}],"curies":[{"name":"wp","href":"https:\/\/api.w.org\/{rel}","templated":true}]}}