{"id":3872,"date":"2021-07-30T10:38:54","date_gmt":"2021-07-30T09:38:54","guid":{"rendered":"https:\/\/www.aimmportugal.org\/product\/especies-marinhas-guia-de-bolso\/"},"modified":"2021-07-30T10:38:54","modified_gmt":"2021-07-30T09:38:54","slug":"especies-marinhas-guia-de-bolso","status":"publish","type":"product","link":"https:\/\/aimmportugal.org\/pt\/produto\/especies-marinhas-guia-de-bolso\/","title":{"rendered":"Esp\u00e9cies Marinhas de Portugal Continental &#8211; Guia de Bolso"},"content":{"rendered":"<p>Este guia apresenta algumas das esp\u00e9cies mais avistadas no sul de Portugal incluindo: 6 esp\u00e9cies de golfinhos, 3 baleias, 3 tartarugas marinhas, 2 tubar\u00f5es e 12 aves marinhas. Esta \u00e9 uma excelente ferramenta para quem quer aprender mais sobre as esp\u00e9cies, incluindo as crian\u00e7as! Este produto \u00e9 digital e ser\u00e1 transfer\u00edvel ap\u00f3s o pagamento.<\/p>\n","protected":false},"excerpt":{"rendered":"<p>Este guia apresenta algumas das esp\u00e9cies mais avistadas no sul de Portugal incluindo: 6 esp\u00e9cies de golfinhos, 3 baleias, 3 tartarugas marinhas, 2 tubar\u00f5es e 12 aves marinhas. Esta \u00e9 uma excelente ferramenta para quem quer aprender mais sobre as esp\u00e9cies, incluindo as crian\u00e7as! Este produto \u00e9 digital e ser\u00e1 transfer\u00edvel ap\u00f3s o pagamento.<\/p>\n","protected":false},"featured_media":3873,"template":"","meta":{"give_campaign_id":0},"product_brand":[],"product_cat":[78],"product_tag":[],"class_list":{"0":"post-3872","1":"product","2":"type-product","3":"status-publish","4":"has-post-thumbnail","6":"product_cat-sem-categoria-pt","8":"first","9":"outofstock","10":"downloadable","11":"virtual","12":"purchasable","13":"product-type-simple"},"acf":[],"yoast_head":"<!-- This site is optimized with the Yoast SEO plugin v26.5 - https:\/\/yoast.com\/wordpress\/plugins\/seo\/ -->\n<title>Esp\u00e9cies Marinhas de Portugal Continental - Guia de Bolso - AIMM<\/title>\n<meta name=\"robots\" content=\"index, follow, max-snippet:-1, max-image-preview:large, max-video-preview:-1\" \/>\n<link rel=\"canonical\" href=\"https:\/\/aimmportugal.org\/pt\/produto\/especies-marinhas-guia-de-bolso\/\" \/>\n<meta property=\"og:locale\" content=\"pt_PT\" \/>\n<meta property=\"og:type\" content=\"article\" \/>\n<meta property=\"og:title\" content=\"Esp\u00e9cies Marinhas de Portugal Continental - Guia de Bolso - AIMM\" \/>\n<meta property=\"og:description\" content=\"Este guia apresenta algumas das esp\u00e9cies mais avistadas no sul de Portugal incluindo: 6 esp\u00e9cies de golfinhos, 3 baleias, 3 tartarugas marinhas, 2 tubar\u00f5es e 12 aves marinhas. Esta \u00e9 uma excelente ferramenta para quem quer aprender mais sobre as esp\u00e9cies, incluindo as crian\u00e7as! Este produto \u00e9 digital e ser\u00e1 transfer\u00edvel ap\u00f3s o pagamento.\" \/>\n<meta property=\"og:url\" content=\"https:\/\/aimmportugal.org\/pt\/produto\/especies-marinhas-guia-de-bolso\/\" \/>\n<meta property=\"og:site_name\" content=\"AIMM\" \/>\n<meta name=\"twitter:card\" content=\"summary_large_image\" \/>\n<script type=\"application\/ld+json\" class=\"yoast-schema-graph\">{\"@context\":\"https:\/\/schema.org\",\"@graph\":[{\"@type\":\"WebPage\",\"@id\":\"https:\/\/aimmportugal.org\/pt\/produto\/especies-marinhas-guia-de-bolso\/\",\"url\":\"https:\/\/aimmportugal.org\/pt\/produto\/especies-marinhas-guia-de-bolso\/\",\"name\":\"Esp\u00e9cies Marinhas de Portugal Continental - Guia de Bolso - AIMM\",\"isPartOf\":{\"@id\":\"https:\/\/aimmportugal.org\/pt\/#website\"},\"primaryImageOfPage\":{\"@id\":\"https:\/\/aimmportugal.org\/pt\/produto\/especies-marinhas-guia-de-bolso\/#primaryimage\"},\"image\":{\"@id\":\"https:\/\/aimmportugal.org\/pt\/produto\/especies-marinhas-guia-de-bolso\/#primaryimage\"},\"thumbnailUrl\":\"https:\/\/aimmportugal.org\/wp-content\/uploads\/2021\/07\/Especies-Marinhas_Guia-de-Bolso.png\",\"datePublished\":\"2021-07-30T09:38:54+00:00\",\"breadcrumb\":{\"@id\":\"https:\/\/aimmportugal.org\/pt\/produto\/especies-marinhas-guia-de-bolso\/#breadcrumb\"},\"inLanguage\":\"pt-PT\",\"potentialAction\":[{\"@type\":\"ReadAction\",\"target\":[\"https:\/\/aimmportugal.org\/pt\/produto\/especies-marinhas-guia-de-bolso\/\"]}]},{\"@type\":\"ImageObject\",\"inLanguage\":\"pt-PT\",\"@id\":\"https:\/\/aimmportugal.org\/pt\/produto\/especies-marinhas-guia-de-bolso\/#primaryimage\",\"url\":\"https:\/\/aimmportugal.org\/wp-content\/uploads\/2021\/07\/Especies-Marinhas_Guia-de-Bolso.png\",\"contentUrl\":\"https:\/\/aimmportugal.org\/wp-content\/uploads\/2021\/07\/Especies-Marinhas_Guia-de-Bolso.png\",\"width\":1539,\"height\":1154},{\"@type\":\"BreadcrumbList\",\"@id\":\"https:\/\/aimmportugal.org\/pt\/produto\/especies-marinhas-guia-de-bolso\/#breadcrumb\",\"itemListElement\":[{\"@type\":\"ListItem\",\"position\":1,\"name\":\"\",\"item\":\"https:\/\/aimmportugal.org\/pt\/\"},{\"@type\":\"ListItem\",\"position\":2,\"name\":\"Torna-te um Her\u00f3i dos Oceanos!\",\"item\":\"https:\/\/aimmportugal.org\/pt\/shop\/\"},{\"@type\":\"ListItem\",\"position\":3,\"name\":\"Esp\u00e9cies Marinhas de Portugal Continental &#8211; Guia de Bolso\"}]},{\"@type\":\"WebSite\",\"@id\":\"https:\/\/aimmportugal.org\/pt\/#website\",\"url\":\"https:\/\/aimmportugal.org\/pt\/\",\"name\":\"AIMM\",\"description\":\"Marine Environment Research Association\",\"publisher\":{\"@id\":\"https:\/\/aimmportugal.org\/pt\/#organization\"},\"potentialAction\":[{\"@type\":\"SearchAction\",\"target\":{\"@type\":\"EntryPoint\",\"urlTemplate\":\"https:\/\/aimmportugal.org\/pt\/?s={search_term_string}\"},\"query-input\":{\"@type\":\"PropertyValueSpecification\",\"valueRequired\":true,\"valueName\":\"search_term_string\"}}],\"inLanguage\":\"pt-PT\"},{\"@type\":\"Organization\",\"@id\":\"https:\/\/aimmportugal.org\/pt\/#organization\",\"name\":\"AIMM Portugal\",\"url\":\"https:\/\/aimmportugal.org\/pt\/\",\"logo\":{\"@type\":\"ImageObject\",\"inLanguage\":\"pt-PT\",\"@id\":\"https:\/\/aimmportugal.org\/pt\/#\/schema\/logo\/image\/\",\"url\":\"https:\/\/aimmportugal.org\/wp-content\/uploads\/2021\/07\/logo_AIMM_bilingue_blue.png\",\"contentUrl\":\"https:\/\/aimmportugal.org\/wp-content\/uploads\/2021\/07\/logo_AIMM_bilingue_blue.png\",\"width\":2560,\"height\":1484,\"caption\":\"AIMM Portugal\"},\"image\":{\"@id\":\"https:\/\/aimmportugal.org\/pt\/#\/schema\/logo\/image\/\"}}]}<\/script>\n<!-- \/ Yoast SEO plugin. -->","yoast_head_json":{"title":"Esp\u00e9cies Marinhas de Portugal Continental - Guia de Bolso - AIMM","robots":{"index":"index","follow":"follow","max-snippet":"max-snippet:-1","max-image-preview":"max-image-preview:large","max-video-preview":"max-video-preview:-1"},"canonical":"https:\/\/aimmportugal.org\/pt\/produto\/especies-marinhas-guia-de-bolso\/","og_locale":"pt_PT","og_type":"article","og_title":"Esp\u00e9cies Marinhas de Portugal Continental - Guia de Bolso - AIMM","og_description":"Este guia apresenta algumas das esp\u00e9cies mais avistadas no sul de Portugal incluindo: 6 esp\u00e9cies de golfinhos, 3 baleias, 3 tartarugas marinhas, 2 tubar\u00f5es e 12 aves marinhas. Esta \u00e9 uma excelente ferramenta para quem quer aprender mais sobre as esp\u00e9cies, incluindo as crian\u00e7as! Este produto \u00e9 digital e ser\u00e1 transfer\u00edvel ap\u00f3s o pagamento.","og_url":"https:\/\/aimmportugal.org\/pt\/produto\/especies-marinhas-guia-de-bolso\/","og_site_name":"AIMM","twitter_card":"summary_large_image","schema":{"@context":"https:\/\/schema.org","@graph":[{"@type":"WebPage","@id":"https:\/\/aimmportugal.org\/pt\/produto\/especies-marinhas-guia-de-bolso\/","url":"https:\/\/aimmportugal.org\/pt\/produto\/especies-marinhas-guia-de-bolso\/","name":"Esp\u00e9cies Marinhas de Portugal Continental - Guia de Bolso - AIMM","isPartOf":{"@id":"https:\/\/aimmportugal.org\/pt\/#website"},"primaryImageOfPage":{"@id":"https:\/\/aimmportugal.org\/pt\/produto\/especies-marinhas-guia-de-bolso\/#primaryimage"},"image":{"@id":"https:\/\/aimmportugal.org\/pt\/produto\/especies-marinhas-guia-de-bolso\/#primaryimage"},"thumbnailUrl":"https:\/\/aimmportugal.org\/wp-content\/uploads\/2021\/07\/Especies-Marinhas_Guia-de-Bolso.png","datePublished":"2021-07-30T09:38:54+00:00","breadcrumb":{"@id":"https:\/\/aimmportugal.org\/pt\/produto\/especies-marinhas-guia-de-bolso\/#breadcrumb"},"inLanguage":"pt-PT","potentialAction":[{"@type":"ReadAction","target":["https:\/\/aimmportugal.org\/pt\/produto\/especies-marinhas-guia-de-bolso\/"]}]},{"@type":"ImageObject","inLanguage":"pt-PT","@id":"https:\/\/aimmportugal.org\/pt\/produto\/especies-marinhas-guia-de-bolso\/#primaryimage","url":"https:\/\/aimmportugal.org\/wp-content\/uploads\/2021\/07\/Especies-Marinhas_Guia-de-Bolso.png","contentUrl":"https:\/\/aimmportugal.org\/wp-content\/uploads\/2021\/07\/Especies-Marinhas_Guia-de-Bolso.png","width":1539,"height":1154},{"@type":"BreadcrumbList","@id":"https:\/\/aimmportugal.org\/pt\/produto\/especies-marinhas-guia-de-bolso\/#breadcrumb","itemListElement":[{"@type":"ListItem","position":1,"name":"","item":"https:\/\/aimmportugal.org\/pt\/"},{"@type":"ListItem","position":2,"name":"Torna-te um Her\u00f3i dos Oceanos!","item":"https:\/\/aimmportugal.org\/pt\/shop\/"},{"@type":"ListItem","position":3,"name":"Esp\u00e9cies Marinhas de Portugal Continental &#8211; Guia de Bolso"}]},{"@type":"WebSite","@id":"https:\/\/aimmportugal.org\/pt\/#website","url":"https:\/\/aimmportugal.org\/pt\/","name":"AIMM","description":"Marine Environment Research Association","publisher":{"@id":"https:\/\/aimmportugal.org\/pt\/#organization"},"potentialAction":[{"@type":"SearchAction","target":{"@type":"EntryPoint","urlTemplate":"https:\/\/aimmportugal.org\/pt\/?s={search_term_string}"},"query-input":{"@type":"PropertyValueSpecification","valueRequired":true,"valueName":"search_term_string"}}],"inLanguage":"pt-PT"},{"@type":"Organization","@id":"https:\/\/aimmportugal.org\/pt\/#organization","name":"AIMM Portugal","url":"https:\/\/aimmportugal.org\/pt\/","logo":{"@type":"ImageObject","inLanguage":"pt-PT","@id":"https:\/\/aimmportugal.org\/pt\/#\/schema\/logo\/image\/","url":"https:\/\/aimmportugal.org\/wp-content\/uploads\/2021\/07\/logo_AIMM_bilingue_blue.png","contentUrl":"https:\/\/aimmportugal.org\/wp-content\/uploads\/2021\/07\/logo_AIMM_bilingue_blue.png","width":2560,"height":1484,"caption":"AIMM Portugal"},"image":{"@id":"https:\/\/aimmportugal.org\/pt\/#\/schema\/logo\/image\/"}}]}},"_links":{"self":[{"href":"https:\/\/aimmportugal.org\/pt\/wp-json\/wp\/v2\/product\/3872","targetHints":{"allow":["GET"]}}],"collection":[{"href":"https:\/\/aimmportugal.org\/pt\/wp-json\/wp\/v2\/product"}],"about":[{"href":"https:\/\/aimmportugal.org\/pt\/wp-json\/wp\/v2\/types\/product"}],"wp:featuredmedia":[{"embeddable":true,"href":"https:\/\/aimmportugal.org\/pt\/wp-json\/wp\/v2\/media\/3873"}],"wp:attachment":[{"href":"https:\/\/aimmportugal.org\/pt\/wp-json\/wp\/v2\/media?parent=3872"}],"wp:term":[{"taxonomy":"product_brand","embeddable":true,"href":"https:\/\/aimmportugal.org\/pt\/wp-json\/wp\/v2\/product_brand?post=3872"},{"taxonomy":"product_cat","embeddable":true,"href":"https:\/\/aimmportugal.org\/pt\/wp-json\/wp\/v2\/product_cat?post=3872"},{"taxonomy":"product_tag","embeddable":true,"href":"https:\/\/aimmportugal.org\/pt\/wp-json\/wp\/v2\/product_tag?post=3872"}],"curies":[{"name":"wp","href":"https:\/\/api.w.org\/{rel}","templated":true}]}}