{"id":3869,"date":"2021-07-30T10:40:23","date_gmt":"2021-07-30T09:40:23","guid":{"rendered":"https:\/\/www.aimmportugal.org\/product\/especies-cartaz-digital\/"},"modified":"2023-03-08T15:48:27","modified_gmt":"2023-03-08T15:48:27","slug":"especies-cartaz-digital","status":"publish","type":"product","link":"https:\/\/aimmportugal.org\/pt\/produto\/especies-cartaz-digital\/","title":{"rendered":"Esp\u00e9cies de Cet\u00e1ceos do Algarve &#8211; Cartaz Digital"},"content":{"rendered":"<p>Este cartaz digital A3 apresenta as 10 esp\u00e9cies de golfinhos e baleias mais emblem\u00e1ticas e comuns no sul de Portugal. Este produto \u00e9 digital e ser\u00e1 transfer\u00edvel ap\u00f3s o pagamento.<\/p>\n<p>Este cartaz cont\u00e9m ilustra\u00e7\u00f5es cient\u00edficas criadas por Haruoshi Kawai. As esp\u00e9cies presentes no cartaz s\u00e3o: a baleia-comum, a baleia-de-bossa, a baleia-piloto, a baleia-an\u00e3, a orca, o golfinho-de-Risso, o golfinho-comum, o boto, o golfinho-riscado e o golfinho-roaz. As esp\u00e9cies est\u00e3o divididas em dois grupos, por motivos de escala. Os golfinhos de porte pequeno est\u00e3o ilustrados numa escala maior para melhor clareza.<\/p>\n","protected":false},"excerpt":{"rendered":"<p>Este cartaz digital A3 apresenta as 10 esp\u00e9cies de golfinhos e baleias mais emblem\u00e1ticas e comuns no sul de Portugal. As esp\u00e9cies est\u00e3o divididas em dois grupos, por motivos de escala. Os golfinhos de porte pequeno est\u00e3o ilustrados numa escala maior para melhor clareza. Este produto \u00e9 digital e ser\u00e1 transfer\u00edvel ap\u00f3s o pagamento.<\/p>\n","protected":false},"featured_media":3871,"template":"","meta":{"give_campaign_id":0},"product_brand":[],"product_cat":[78],"product_tag":[],"class_list":{"0":"post-3869","1":"product","2":"type-product","3":"status-publish","4":"has-post-thumbnail","6":"product_cat-sem-categoria-pt","8":"first","9":"instock","10":"shipping-taxable","11":"purchasable","12":"product-type-variable","13":"has-default-attributes"},"acf":[],"yoast_head":"<!-- This site is optimized with the Yoast SEO plugin v26.5 - https:\/\/yoast.com\/wordpress\/plugins\/seo\/ -->\n<title>Esp\u00e9cies de Cet\u00e1ceos do Algarve - Cartaz Digital - AIMM<\/title>\n<meta name=\"robots\" content=\"index, follow, max-snippet:-1, max-image-preview:large, max-video-preview:-1\" \/>\n<link rel=\"canonical\" href=\"https:\/\/aimmportugal.org\/pt\/produto\/especies-cartaz-digital\/\" \/>\n<meta property=\"og:locale\" content=\"pt_PT\" \/>\n<meta property=\"og:type\" content=\"article\" \/>\n<meta property=\"og:title\" content=\"Esp\u00e9cies de Cet\u00e1ceos do Algarve - Cartaz Digital - AIMM\" \/>\n<meta property=\"og:description\" content=\"Este cartaz digital A3 apresenta as 10 esp\u00e9cies de golfinhos e baleias mais emblem\u00e1ticas e comuns no sul de Portugal. As esp\u00e9cies est\u00e3o divididas em dois grupos, por motivos de escala. Os golfinhos de porte pequeno est\u00e3o ilustrados numa escala maior para melhor clareza. Este produto \u00e9 digital e ser\u00e1 transfer\u00edvel ap\u00f3s o pagamento.\" \/>\n<meta property=\"og:url\" content=\"https:\/\/aimmportugal.org\/pt\/produto\/especies-cartaz-digital\/\" \/>\n<meta property=\"og:site_name\" content=\"AIMM\" \/>\n<meta property=\"article:modified_time\" content=\"2023-03-08T15:48:27+00:00\" \/>\n<meta property=\"og:image\" content=\"https:\/\/aimmportugal.org\/wp-content\/uploads\/2021\/07\/AIMM_poster_mockup_en_wtrmk.jpg\" \/>\n\t<meta property=\"og:image:width\" content=\"1097\" \/>\n\t<meta property=\"og:image:height\" content=\"1509\" \/>\n\t<meta property=\"og:image:type\" content=\"image\/jpeg\" \/>\n<meta name=\"twitter:card\" content=\"summary_large_image\" \/>\n<meta name=\"twitter:label1\" content=\"Tempo estimado de leitura\" \/>\n\t<meta name=\"twitter:data1\" content=\"1 minuto\" \/>\n<script type=\"application\/ld+json\" class=\"yoast-schema-graph\">{\"@context\":\"https:\/\/schema.org\",\"@graph\":[{\"@type\":\"WebPage\",\"@id\":\"https:\/\/aimmportugal.org\/pt\/produto\/especies-cartaz-digital\/\",\"url\":\"https:\/\/aimmportugal.org\/pt\/produto\/especies-cartaz-digital\/\",\"name\":\"Esp\u00e9cies de Cet\u00e1ceos do Algarve - Cartaz Digital - AIMM\",\"isPartOf\":{\"@id\":\"https:\/\/aimmportugal.org\/pt\/#website\"},\"primaryImageOfPage\":{\"@id\":\"https:\/\/aimmportugal.org\/pt\/produto\/especies-cartaz-digital\/#primaryimage\"},\"image\":{\"@id\":\"https:\/\/aimmportugal.org\/pt\/produto\/especies-cartaz-digital\/#primaryimage\"},\"thumbnailUrl\":\"https:\/\/aimmportugal.org\/wp-content\/uploads\/2021\/07\/AIMM_poster_mockup_en_wtrmk.jpg\",\"datePublished\":\"2021-07-30T09:40:23+00:00\",\"dateModified\":\"2023-03-08T15:48:27+00:00\",\"breadcrumb\":{\"@id\":\"https:\/\/aimmportugal.org\/pt\/produto\/especies-cartaz-digital\/#breadcrumb\"},\"inLanguage\":\"pt-PT\",\"potentialAction\":[{\"@type\":\"ReadAction\",\"target\":[\"https:\/\/aimmportugal.org\/pt\/produto\/especies-cartaz-digital\/\"]}]},{\"@type\":\"ImageObject\",\"inLanguage\":\"pt-PT\",\"@id\":\"https:\/\/aimmportugal.org\/pt\/produto\/especies-cartaz-digital\/#primaryimage\",\"url\":\"https:\/\/aimmportugal.org\/wp-content\/uploads\/2021\/07\/AIMM_poster_mockup_en_wtrmk.jpg\",\"contentUrl\":\"https:\/\/aimmportugal.org\/wp-content\/uploads\/2021\/07\/AIMM_poster_mockup_en_wtrmk.jpg\",\"width\":1097,\"height\":1509},{\"@type\":\"BreadcrumbList\",\"@id\":\"https:\/\/aimmportugal.org\/pt\/produto\/especies-cartaz-digital\/#breadcrumb\",\"itemListElement\":[{\"@type\":\"ListItem\",\"position\":1,\"name\":\"\",\"item\":\"https:\/\/aimmportugal.org\/pt\/\"},{\"@type\":\"ListItem\",\"position\":2,\"name\":\"Torna-te um Her\u00f3i dos Oceanos!\",\"item\":\"https:\/\/aimmportugal.org\/pt\/shop\/\"},{\"@type\":\"ListItem\",\"position\":3,\"name\":\"Esp\u00e9cies de Cet\u00e1ceos do Algarve &#8211; Cartaz Digital\"}]},{\"@type\":\"WebSite\",\"@id\":\"https:\/\/aimmportugal.org\/pt\/#website\",\"url\":\"https:\/\/aimmportugal.org\/pt\/\",\"name\":\"AIMM\",\"description\":\"Marine Environment Research Association\",\"publisher\":{\"@id\":\"https:\/\/aimmportugal.org\/pt\/#organization\"},\"potentialAction\":[{\"@type\":\"SearchAction\",\"target\":{\"@type\":\"EntryPoint\",\"urlTemplate\":\"https:\/\/aimmportugal.org\/pt\/?s={search_term_string}\"},\"query-input\":{\"@type\":\"PropertyValueSpecification\",\"valueRequired\":true,\"valueName\":\"search_term_string\"}}],\"inLanguage\":\"pt-PT\"},{\"@type\":\"Organization\",\"@id\":\"https:\/\/aimmportugal.org\/pt\/#organization\",\"name\":\"AIMM Portugal\",\"url\":\"https:\/\/aimmportugal.org\/pt\/\",\"logo\":{\"@type\":\"ImageObject\",\"inLanguage\":\"pt-PT\",\"@id\":\"https:\/\/aimmportugal.org\/pt\/#\/schema\/logo\/image\/\",\"url\":\"https:\/\/aimmportugal.org\/wp-content\/uploads\/2021\/07\/logo_AIMM_bilingue_blue.png\",\"contentUrl\":\"https:\/\/aimmportugal.org\/wp-content\/uploads\/2021\/07\/logo_AIMM_bilingue_blue.png\",\"width\":2560,\"height\":1484,\"caption\":\"AIMM Portugal\"},\"image\":{\"@id\":\"https:\/\/aimmportugal.org\/pt\/#\/schema\/logo\/image\/\"}}]}<\/script>\n<!-- \/ Yoast SEO plugin. -->","yoast_head_json":{"title":"Esp\u00e9cies de Cet\u00e1ceos do Algarve - Cartaz Digital - AIMM","robots":{"index":"index","follow":"follow","max-snippet":"max-snippet:-1","max-image-preview":"max-image-preview:large","max-video-preview":"max-video-preview:-1"},"canonical":"https:\/\/aimmportugal.org\/pt\/produto\/especies-cartaz-digital\/","og_locale":"pt_PT","og_type":"article","og_title":"Esp\u00e9cies de Cet\u00e1ceos do Algarve - Cartaz Digital - AIMM","og_description":"Este cartaz digital A3 apresenta as 10 esp\u00e9cies de golfinhos e baleias mais emblem\u00e1ticas e comuns no sul de Portugal. As esp\u00e9cies est\u00e3o divididas em dois grupos, por motivos de escala. Os golfinhos de porte pequeno est\u00e3o ilustrados numa escala maior para melhor clareza. Este produto \u00e9 digital e ser\u00e1 transfer\u00edvel ap\u00f3s o pagamento.","og_url":"https:\/\/aimmportugal.org\/pt\/produto\/especies-cartaz-digital\/","og_site_name":"AIMM","article_modified_time":"2023-03-08T15:48:27+00:00","og_image":[{"width":1097,"height":1509,"url":"https:\/\/aimmportugal.org\/wp-content\/uploads\/2021\/07\/AIMM_poster_mockup_en_wtrmk.jpg","type":"image\/jpeg"}],"twitter_card":"summary_large_image","twitter_misc":{"Tempo estimado de leitura":"1 minuto"},"schema":{"@context":"https:\/\/schema.org","@graph":[{"@type":"WebPage","@id":"https:\/\/aimmportugal.org\/pt\/produto\/especies-cartaz-digital\/","url":"https:\/\/aimmportugal.org\/pt\/produto\/especies-cartaz-digital\/","name":"Esp\u00e9cies de Cet\u00e1ceos do Algarve - Cartaz Digital - AIMM","isPartOf":{"@id":"https:\/\/aimmportugal.org\/pt\/#website"},"primaryImageOfPage":{"@id":"https:\/\/aimmportugal.org\/pt\/produto\/especies-cartaz-digital\/#primaryimage"},"image":{"@id":"https:\/\/aimmportugal.org\/pt\/produto\/especies-cartaz-digital\/#primaryimage"},"thumbnailUrl":"https:\/\/aimmportugal.org\/wp-content\/uploads\/2021\/07\/AIMM_poster_mockup_en_wtrmk.jpg","datePublished":"2021-07-30T09:40:23+00:00","dateModified":"2023-03-08T15:48:27+00:00","breadcrumb":{"@id":"https:\/\/aimmportugal.org\/pt\/produto\/especies-cartaz-digital\/#breadcrumb"},"inLanguage":"pt-PT","potentialAction":[{"@type":"ReadAction","target":["https:\/\/aimmportugal.org\/pt\/produto\/especies-cartaz-digital\/"]}]},{"@type":"ImageObject","inLanguage":"pt-PT","@id":"https:\/\/aimmportugal.org\/pt\/produto\/especies-cartaz-digital\/#primaryimage","url":"https:\/\/aimmportugal.org\/wp-content\/uploads\/2021\/07\/AIMM_poster_mockup_en_wtrmk.jpg","contentUrl":"https:\/\/aimmportugal.org\/wp-content\/uploads\/2021\/07\/AIMM_poster_mockup_en_wtrmk.jpg","width":1097,"height":1509},{"@type":"BreadcrumbList","@id":"https:\/\/aimmportugal.org\/pt\/produto\/especies-cartaz-digital\/#breadcrumb","itemListElement":[{"@type":"ListItem","position":1,"name":"","item":"https:\/\/aimmportugal.org\/pt\/"},{"@type":"ListItem","position":2,"name":"Torna-te um Her\u00f3i dos Oceanos!","item":"https:\/\/aimmportugal.org\/pt\/shop\/"},{"@type":"ListItem","position":3,"name":"Esp\u00e9cies de Cet\u00e1ceos do Algarve &#8211; Cartaz Digital"}]},{"@type":"WebSite","@id":"https:\/\/aimmportugal.org\/pt\/#website","url":"https:\/\/aimmportugal.org\/pt\/","name":"AIMM","description":"Marine Environment Research Association","publisher":{"@id":"https:\/\/aimmportugal.org\/pt\/#organization"},"potentialAction":[{"@type":"SearchAction","target":{"@type":"EntryPoint","urlTemplate":"https:\/\/aimmportugal.org\/pt\/?s={search_term_string}"},"query-input":{"@type":"PropertyValueSpecification","valueRequired":true,"valueName":"search_term_string"}}],"inLanguage":"pt-PT"},{"@type":"Organization","@id":"https:\/\/aimmportugal.org\/pt\/#organization","name":"AIMM Portugal","url":"https:\/\/aimmportugal.org\/pt\/","logo":{"@type":"ImageObject","inLanguage":"pt-PT","@id":"https:\/\/aimmportugal.org\/pt\/#\/schema\/logo\/image\/","url":"https:\/\/aimmportugal.org\/wp-content\/uploads\/2021\/07\/logo_AIMM_bilingue_blue.png","contentUrl":"https:\/\/aimmportugal.org\/wp-content\/uploads\/2021\/07\/logo_AIMM_bilingue_blue.png","width":2560,"height":1484,"caption":"AIMM Portugal"},"image":{"@id":"https:\/\/aimmportugal.org\/pt\/#\/schema\/logo\/image\/"}}]}},"_links":{"self":[{"href":"https:\/\/aimmportugal.org\/pt\/wp-json\/wp\/v2\/product\/3869","targetHints":{"allow":["GET"]}}],"collection":[{"href":"https:\/\/aimmportugal.org\/pt\/wp-json\/wp\/v2\/product"}],"about":[{"href":"https:\/\/aimmportugal.org\/pt\/wp-json\/wp\/v2\/types\/product"}],"wp:featuredmedia":[{"embeddable":true,"href":"https:\/\/aimmportugal.org\/pt\/wp-json\/wp\/v2\/media\/3871"}],"wp:attachment":[{"href":"https:\/\/aimmportugal.org\/pt\/wp-json\/wp\/v2\/media?parent=3869"}],"wp:term":[{"taxonomy":"product_brand","embeddable":true,"href":"https:\/\/aimmportugal.org\/pt\/wp-json\/wp\/v2\/product_brand?post=3869"},{"taxonomy":"product_cat","embeddable":true,"href":"https:\/\/aimmportugal.org\/pt\/wp-json\/wp\/v2\/product_cat?post=3869"},{"taxonomy":"product_tag","embeddable":true,"href":"https:\/\/aimmportugal.org\/pt\/wp-json\/wp\/v2\/product_tag?post=3869"}],"curies":[{"name":"wp","href":"https:\/\/api.w.org\/{rel}","templated":true}]}}