{"id":4236,"date":"2020-10-01T14:20:02","date_gmt":"2020-10-01T13:20:02","guid":{"rendered":"https:\/\/www.aimmportugal.org\/guia-de-especies\/especies-do-sul-de-portugal\/"},"modified":"2026-03-17T11:49:33","modified_gmt":"2026-03-17T11:49:33","slug":"especies-portugal-continental","status":"publish","type":"page","link":"https:\/\/aimmportugal.org\/pt\/guia-de-especies\/especies-portugal-continental\/","title":{"rendered":"Esp\u00e9cies de Portugal Continental"},"content":{"rendered":"\n<p>As \u00e1guas portuguesas s\u00e3o ricas em biodiversidade marinha \u2013 com mais de 25 esp\u00e9cies de cet\u00e1ceos, mais de 40 esp\u00e9cies de tubar\u00f5es e 3 esp\u00e9cies de tartarugas marinhas. Apesar da diversidade existente, a distribui\u00e7\u00e3o e h\u00e1bitos destas esp\u00e9cies, nomeadamente das que habitam o Sul de Portugal, s\u00e3o pouco conhecidos. Predadores de topo, como cet\u00e1ceos e tubar\u00f5es, desempenham um papel fundamental nos ecossistemas marinhos e s\u00e3o indicadores da sa\u00fade dos oceanos.<\/p>\n","protected":false},"excerpt":{"rendered":"<p>As \u00e1guas portuguesas s\u00e3o ricas em biodiversidade marinha \u2013 com mais de 25 esp\u00e9cies de cet\u00e1ceos, mais de 40 esp\u00e9cies de tubar\u00f5es e 3 esp\u00e9cies de tartarugas marinhas. Apesar da diversidade existente, a distribui\u00e7\u00e3o e [&hellip;]<\/p>\n","protected":false},"author":1,"featured_media":0,"parent":4213,"menu_order":61,"comment_status":"closed","ping_status":"closed","template":"page-species-cat.php","meta":{"give_campaign_id":0,"footnotes":""},"class_list":["post-4236","page","type-page","status-publish","hentry"],"acf":[],"yoast_head":"<!-- This site is optimized with the Yoast SEO plugin v26.5 - https:\/\/yoast.com\/wordpress\/plugins\/seo\/ -->\n<title>Esp\u00e9cies de Portugal Continental - AIMM<\/title>\n<meta name=\"robots\" content=\"index, follow, max-snippet:-1, max-image-preview:large, max-video-preview:-1\" \/>\n<link rel=\"canonical\" href=\"https:\/\/aimmportugal.org\/pt\/guia-de-especies\/especies-portugal-continental\/\" \/>\n<meta property=\"og:locale\" content=\"pt_PT\" \/>\n<meta property=\"og:type\" content=\"article\" \/>\n<meta property=\"og:title\" content=\"Esp\u00e9cies de Portugal Continental - AIMM\" \/>\n<meta property=\"og:description\" content=\"As \u00e1guas portuguesas s\u00e3o ricas em biodiversidade marinha \u2013 com mais de 25 esp\u00e9cies de cet\u00e1ceos, mais de 40 esp\u00e9cies de tubar\u00f5es e 3 esp\u00e9cies de tartarugas marinhas. Apesar da diversidade existente, a distribui\u00e7\u00e3o e [&hellip;]\" \/>\n<meta property=\"og:url\" content=\"https:\/\/aimmportugal.org\/pt\/guia-de-especies\/especies-portugal-continental\/\" \/>\n<meta property=\"og:site_name\" content=\"AIMM\" \/>\n<meta property=\"article:modified_time\" content=\"2026-03-17T11:49:33+00:00\" \/>\n<meta name=\"twitter:card\" content=\"summary_large_image\" \/>\n<meta name=\"twitter:label1\" content=\"Tempo estimado de leitura\" \/>\n\t<meta name=\"twitter:data1\" content=\"1 minuto\" \/>\n<script type=\"application\/ld+json\" class=\"yoast-schema-graph\">{\"@context\":\"https:\/\/schema.org\",\"@graph\":[{\"@type\":\"WebPage\",\"@id\":\"https:\/\/aimmportugal.org\/pt\/guia-de-especies\/especies-portugal-continental\/\",\"url\":\"https:\/\/aimmportugal.org\/pt\/guia-de-especies\/especies-portugal-continental\/\",\"name\":\"Esp\u00e9cies de Portugal Continental - AIMM\",\"isPartOf\":{\"@id\":\"https:\/\/aimmportugal.org\/pt\/#website\"},\"datePublished\":\"2020-10-01T13:20:02+00:00\",\"dateModified\":\"2026-03-17T11:49:33+00:00\",\"breadcrumb\":{\"@id\":\"https:\/\/aimmportugal.org\/pt\/guia-de-especies\/especies-portugal-continental\/#breadcrumb\"},\"inLanguage\":\"pt-PT\",\"potentialAction\":[{\"@type\":\"ReadAction\",\"target\":[\"https:\/\/aimmportugal.org\/pt\/guia-de-especies\/especies-portugal-continental\/\"]}]},{\"@type\":\"BreadcrumbList\",\"@id\":\"https:\/\/aimmportugal.org\/pt\/guia-de-especies\/especies-portugal-continental\/#breadcrumb\",\"itemListElement\":[{\"@type\":\"ListItem\",\"position\":1,\"name\":\"\",\"item\":\"https:\/\/aimmportugal.org\/pt\/\"},{\"@type\":\"ListItem\",\"position\":2,\"name\":\"Guia de Esp\u00e9cies\",\"item\":\"https:\/\/aimmportugal.org\/pt\/guia-de-especies\/\"},{\"@type\":\"ListItem\",\"position\":3,\"name\":\"Esp\u00e9cies de Portugal Continental\"}]},{\"@type\":\"WebSite\",\"@id\":\"https:\/\/aimmportugal.org\/pt\/#website\",\"url\":\"https:\/\/aimmportugal.org\/pt\/\",\"name\":\"AIMM\",\"description\":\"Marine Environment Research Association\",\"publisher\":{\"@id\":\"https:\/\/aimmportugal.org\/pt\/#organization\"},\"potentialAction\":[{\"@type\":\"SearchAction\",\"target\":{\"@type\":\"EntryPoint\",\"urlTemplate\":\"https:\/\/aimmportugal.org\/pt\/?s={search_term_string}\"},\"query-input\":{\"@type\":\"PropertyValueSpecification\",\"valueRequired\":true,\"valueName\":\"search_term_string\"}}],\"inLanguage\":\"pt-PT\"},{\"@type\":\"Organization\",\"@id\":\"https:\/\/aimmportugal.org\/pt\/#organization\",\"name\":\"AIMM Portugal\",\"url\":\"https:\/\/aimmportugal.org\/pt\/\",\"logo\":{\"@type\":\"ImageObject\",\"inLanguage\":\"pt-PT\",\"@id\":\"https:\/\/aimmportugal.org\/pt\/#\/schema\/logo\/image\/\",\"url\":\"https:\/\/aimmportugal.org\/wp-content\/uploads\/2021\/07\/logo_AIMM_bilingue_blue.png\",\"contentUrl\":\"https:\/\/aimmportugal.org\/wp-content\/uploads\/2021\/07\/logo_AIMM_bilingue_blue.png\",\"width\":2560,\"height\":1484,\"caption\":\"AIMM Portugal\"},\"image\":{\"@id\":\"https:\/\/aimmportugal.org\/pt\/#\/schema\/logo\/image\/\"}}]}<\/script>\n<!-- \/ Yoast SEO plugin. -->","yoast_head_json":{"title":"Esp\u00e9cies de Portugal Continental - AIMM","robots":{"index":"index","follow":"follow","max-snippet":"max-snippet:-1","max-image-preview":"max-image-preview:large","max-video-preview":"max-video-preview:-1"},"canonical":"https:\/\/aimmportugal.org\/pt\/guia-de-especies\/especies-portugal-continental\/","og_locale":"pt_PT","og_type":"article","og_title":"Esp\u00e9cies de Portugal Continental - AIMM","og_description":"As \u00e1guas portuguesas s\u00e3o ricas em biodiversidade marinha \u2013 com mais de 25 esp\u00e9cies de cet\u00e1ceos, mais de 40 esp\u00e9cies de tubar\u00f5es e 3 esp\u00e9cies de tartarugas marinhas. Apesar da diversidade existente, a distribui\u00e7\u00e3o e [&hellip;]","og_url":"https:\/\/aimmportugal.org\/pt\/guia-de-especies\/especies-portugal-continental\/","og_site_name":"AIMM","article_modified_time":"2026-03-17T11:49:33+00:00","twitter_card":"summary_large_image","twitter_misc":{"Tempo estimado de leitura":"1 minuto"},"schema":{"@context":"https:\/\/schema.org","@graph":[{"@type":"WebPage","@id":"https:\/\/aimmportugal.org\/pt\/guia-de-especies\/especies-portugal-continental\/","url":"https:\/\/aimmportugal.org\/pt\/guia-de-especies\/especies-portugal-continental\/","name":"Esp\u00e9cies de Portugal Continental - AIMM","isPartOf":{"@id":"https:\/\/aimmportugal.org\/pt\/#website"},"datePublished":"2020-10-01T13:20:02+00:00","dateModified":"2026-03-17T11:49:33+00:00","breadcrumb":{"@id":"https:\/\/aimmportugal.org\/pt\/guia-de-especies\/especies-portugal-continental\/#breadcrumb"},"inLanguage":"pt-PT","potentialAction":[{"@type":"ReadAction","target":["https:\/\/aimmportugal.org\/pt\/guia-de-especies\/especies-portugal-continental\/"]}]},{"@type":"BreadcrumbList","@id":"https:\/\/aimmportugal.org\/pt\/guia-de-especies\/especies-portugal-continental\/#breadcrumb","itemListElement":[{"@type":"ListItem","position":1,"name":"","item":"https:\/\/aimmportugal.org\/pt\/"},{"@type":"ListItem","position":2,"name":"Guia de Esp\u00e9cies","item":"https:\/\/aimmportugal.org\/pt\/guia-de-especies\/"},{"@type":"ListItem","position":3,"name":"Esp\u00e9cies de Portugal Continental"}]},{"@type":"WebSite","@id":"https:\/\/aimmportugal.org\/pt\/#website","url":"https:\/\/aimmportugal.org\/pt\/","name":"AIMM","description":"Marine Environment Research Association","publisher":{"@id":"https:\/\/aimmportugal.org\/pt\/#organization"},"potentialAction":[{"@type":"SearchAction","target":{"@type":"EntryPoint","urlTemplate":"https:\/\/aimmportugal.org\/pt\/?s={search_term_string}"},"query-input":{"@type":"PropertyValueSpecification","valueRequired":true,"valueName":"search_term_string"}}],"inLanguage":"pt-PT"},{"@type":"Organization","@id":"https:\/\/aimmportugal.org\/pt\/#organization","name":"AIMM Portugal","url":"https:\/\/aimmportugal.org\/pt\/","logo":{"@type":"ImageObject","inLanguage":"pt-PT","@id":"https:\/\/aimmportugal.org\/pt\/#\/schema\/logo\/image\/","url":"https:\/\/aimmportugal.org\/wp-content\/uploads\/2021\/07\/logo_AIMM_bilingue_blue.png","contentUrl":"https:\/\/aimmportugal.org\/wp-content\/uploads\/2021\/07\/logo_AIMM_bilingue_blue.png","width":2560,"height":1484,"caption":"AIMM Portugal"},"image":{"@id":"https:\/\/aimmportugal.org\/pt\/#\/schema\/logo\/image\/"}}]}},"campaignId":"","_links":{"self":[{"href":"https:\/\/aimmportugal.org\/pt\/wp-json\/wp\/v2\/pages\/4236","targetHints":{"allow":["GET"]}}],"collection":[{"href":"https:\/\/aimmportugal.org\/pt\/wp-json\/wp\/v2\/pages"}],"about":[{"href":"https:\/\/aimmportugal.org\/pt\/wp-json\/wp\/v2\/types\/page"}],"author":[{"embeddable":true,"href":"https:\/\/aimmportugal.org\/pt\/wp-json\/wp\/v2\/users\/1"}],"replies":[{"embeddable":true,"href":"https:\/\/aimmportugal.org\/pt\/wp-json\/wp\/v2\/comments?post=4236"}],"version-history":[{"count":1,"href":"https:\/\/aimmportugal.org\/pt\/wp-json\/wp\/v2\/pages\/4236\/revisions"}],"predecessor-version":[{"id":672320,"href":"https:\/\/aimmportugal.org\/pt\/wp-json\/wp\/v2\/pages\/4236\/revisions\/672320"}],"up":[{"embeddable":true,"href":"https:\/\/aimmportugal.org\/pt\/wp-json\/wp\/v2\/pages\/4213"}],"wp:attachment":[{"href":"https:\/\/aimmportugal.org\/pt\/wp-json\/wp\/v2\/media?parent=4236"}],"curies":[{"name":"wp","href":"https:\/\/api.w.org\/{rel}","templated":true}]}}