{"id":4223,"date":"2020-08-18T12:58:12","date_gmt":"2020-08-18T11:58:12","guid":{"rendered":"https:\/\/www.aimmportugal.org\/sobre-nos\/trabalho\/"},"modified":"2025-10-14T10:46:43","modified_gmt":"2025-10-14T09:46:43","slug":"trabalho","status":"publish","type":"page","link":"https:\/\/aimmportugal.org\/pt\/sobre-nos\/trabalho\/","title":{"rendered":"O nosso trabalho"},"content":{"rendered":"\n<div style=\"height:30px\" aria-hidden=\"true\" class=\"wp-block-spacer\"><\/div>\n\n\n\n<div class=\"wp-block-media-text alignwide is-stacked-on-mobile\" style=\"grid-template-columns:30% auto\"><figure class=\"wp-block-media-text__media\"><img loading=\"lazy\" decoding=\"async\" width=\"1024\" height=\"683\" src=\"https:\/\/aimmportugal.org\/wp-content\/uploads\/2022\/02\/aimm-about-us-3-1024x683.jpg\" alt=\"\" class=\"wp-image-2914 size-medium\" srcset=\"https:\/\/aimmportugal.org\/wp-content\/uploads\/2022\/02\/aimm-about-us-3-1024x683.jpg 1024w, https:\/\/aimmportugal.org\/wp-content\/uploads\/2022\/02\/aimm-about-us-3-scaled-324x216.jpg 324w, https:\/\/aimmportugal.org\/wp-content\/uploads\/2022\/02\/aimm-about-us-3-scaled-416x278.jpg 416w, https:\/\/aimmportugal.org\/wp-content\/uploads\/2022\/02\/aimm-about-us-3-300x200.jpg 300w, https:\/\/aimmportugal.org\/wp-content\/uploads\/2022\/02\/aimm-about-us-3-768x512.jpg 768w, https:\/\/aimmportugal.org\/wp-content\/uploads\/2022\/02\/aimm-about-us-3-1536x1025.jpg 1536w, https:\/\/aimmportugal.org\/wp-content\/uploads\/2022\/02\/aimm-about-us-3-2048x1366.jpg 2048w\" sizes=\"auto, (max-width: 1024px) 100vw, 1024px\" \/><\/figure><div class=\"wp-block-media-text__content\">\n<div style=\"height:25px\" aria-hidden=\"true\" class=\"wp-block-spacer\"><\/div>\n\n\n\n<p class=\"has-text-color has-large-font-size\" style=\"color:#082e50\"><strong>Investiga\u00e7\u00e3o<\/strong><\/p>\n\n\n\n<div style=\"height:25px\" aria-hidden=\"true\" class=\"wp-block-spacer\"><\/div>\n\n\n\n<p class=\"has-text-color\" style=\"color:#082e50\">A investiga\u00e7\u00e3o constitui a base da nossa organiza\u00e7\u00e3o. Recolhemos dados no mar diariamente, conforme&nbsp;o clima assim o permita, para apoiar os nosso estudos cient\u00edficos e, ao mesmo tempo, atualizar o estado de conserva\u00e7\u00e3o dos mam\u00edferos marinhos. O nosso trabalho \u00e9 feito de forma n\u00e3o intrusiva para proteger e causar o menor impacto aos animais.<\/p>\n\n\n\n<div style=\"height:25px\" aria-hidden=\"true\" class=\"wp-block-spacer\"><\/div>\n\n\n\n<button style=\"background-color: white; padding: 0px;\" onclick=\"location.href = 'https:\/\/aimmportugal.org\/pt\/sobre-nos\/trabalho\/investigacao\/';\">\n                            \n<a class=\"round_btn transparent topology_black_15 smaller\">SABER MAIS<\/a>\n\n                        <\/button>\n<\/div><\/div>\n\n\n\n<div style=\"height:50px\" aria-hidden=\"true\" class=\"wp-block-spacer\"><\/div>\n\n\n\n<div class=\"wp-block-media-text alignwide is-stacked-on-mobile\" style=\"grid-template-columns:30% auto\"><figure class=\"wp-block-media-text__media\"><img loading=\"lazy\" decoding=\"async\" width=\"1024\" height=\"683\" src=\"https:\/\/aimmportugal.org\/wp-content\/uploads\/2022\/02\/our-work-education-1024x683.jpg\" alt=\"\" class=\"wp-image-2920 size-medium\" srcset=\"https:\/\/aimmportugal.org\/wp-content\/uploads\/2022\/02\/our-work-education-1024x683.jpg 1024w, https:\/\/aimmportugal.org\/wp-content\/uploads\/2022\/02\/our-work-education-324x216.jpg 324w, https:\/\/aimmportugal.org\/wp-content\/uploads\/2022\/02\/our-work-education-416x278.jpg 416w, https:\/\/aimmportugal.org\/wp-content\/uploads\/2022\/02\/our-work-education-300x200.jpg 300w, https:\/\/aimmportugal.org\/wp-content\/uploads\/2022\/02\/our-work-education-768x512.jpg 768w, https:\/\/aimmportugal.org\/wp-content\/uploads\/2022\/02\/our-work-education-1536x1025.jpg 1536w, https:\/\/aimmportugal.org\/wp-content\/uploads\/2022\/02\/our-work-education.jpg 1590w\" sizes=\"auto, (max-width: 1024px) 100vw, 1024px\" \/><\/figure><div class=\"wp-block-media-text__content\">\n<div style=\"height:25px\" aria-hidden=\"true\" class=\"wp-block-spacer\"><\/div>\n\n\n\n<p class=\"has-text-color has-large-font-size\" style=\"color:#082e50\"><strong>Educa\u00e7\u00e3o<\/strong><\/p>\n\n\n\n<div style=\"height:25px\" aria-hidden=\"true\" class=\"wp-block-spacer\"><\/div>\n\n\n\n<p class=\"has-text-color\" style=\"color:#082e50\">Para aumentar a consciencializa\u00e7\u00e3o e a compreens\u00e3o sobre o ambiente marinho, realizamos programas educacionais com escolas, organiza\u00e7\u00f5es e outras partes interessadas no mar,&nbsp;de forma a providenciar as oportunidades necess\u00e1rias para diminuir o impacto da humanidade no&nbsp;oceano.<\/p>\n\n\n\n<div style=\"height:25px\" aria-hidden=\"true\" class=\"wp-block-spacer\"><\/div>\n\n\n\n<button style=\"background-color: white; padding: 0px;\" onclick=\"location.href = 'https:\/\/aimmportugal.org\/pt\/sobre-nos\/trabalho\/educacao\/';\">\n                            \n<a class=\"round_btn transparent topology_black_15 smaller\">SABER MAIS<\/a>\n\n                        <\/button>\n<\/div><\/div>\n\n\n\n<div style=\"height:50px\" aria-hidden=\"true\" class=\"wp-block-spacer\"><\/div>\n\n\n\n<div class=\"wp-block-media-text alignwide is-stacked-on-mobile\" style=\"grid-template-columns:30% auto\"><figure class=\"wp-block-media-text__media\"><img loading=\"lazy\" decoding=\"async\" width=\"1024\" height=\"683\" src=\"https:\/\/aimmportugal.org\/wp-content\/uploads\/2022\/02\/our-work-expeditions-1024x683.jpg\" alt=\"\" class=\"wp-image-2930 size-medium\" srcset=\"https:\/\/aimmportugal.org\/wp-content\/uploads\/2022\/02\/our-work-expeditions-1024x683.jpg 1024w, https:\/\/aimmportugal.org\/wp-content\/uploads\/2022\/02\/our-work-expeditions-324x216.jpg 324w, https:\/\/aimmportugal.org\/wp-content\/uploads\/2022\/02\/our-work-expeditions-416x278.jpg 416w, https:\/\/aimmportugal.org\/wp-content\/uploads\/2022\/02\/our-work-expeditions-300x200.jpg 300w, https:\/\/aimmportugal.org\/wp-content\/uploads\/2022\/02\/our-work-expeditions-768x512.jpg 768w, https:\/\/aimmportugal.org\/wp-content\/uploads\/2022\/02\/our-work-expeditions-1536x1025.jpg 1536w, https:\/\/aimmportugal.org\/wp-content\/uploads\/2022\/02\/our-work-expeditions.jpg 1590w\" sizes=\"auto, (max-width: 1024px) 100vw, 1024px\" \/><\/figure><div class=\"wp-block-media-text__content\">\n<div style=\"height:25px\" aria-hidden=\"true\" class=\"wp-block-spacer\"><\/div>\n\n\n\n<p class=\"has-text-color has-large-font-size\" style=\"color:#082e50\"><strong>Conserva\u00e7\u00e3o<\/strong><\/p>\n\n\n\n<div style=\"height:25px\" aria-hidden=\"true\" class=\"wp-block-spacer\"><\/div>\n\n\n\n<p class=\"has-text-color\" style=\"color:#082e50\">A AIMM participa em expedi\u00e7\u00f5es oce\u00e2nicas juntamente com outras organiza\u00e7\u00f5es, investigadores e entidades governamentais para melhorar as pol\u00edticas relativas \u00e0 vida marinha. Muitas destas expedi\u00e7\u00f5es tiveram um impacto positivo nas decis\u00f5es pol\u00edticas tomadas em rela\u00e7\u00e3o \u00e0 prote\u00e7\u00e3o da vida marinha, aumentando assim a sustentabilidade e a biodiversidade dos nossos oceanos.<\/p>\n\n\n\n<div style=\"height:25px\" aria-hidden=\"true\" class=\"wp-block-spacer\"><\/div>\n\n\n\n<button style=\"background-color: white; padding: 0px;\" onclick=\"location.href = 'https:\/\/aimmportugal.org\/pt\/sobre-nos\/trabalho\/conservacao\/';\">\n                            \n<a class=\"round_btn transparent topology_black_15 smaller\">SABER MAIS<\/a>\n\n                        <\/button>\n<\/div><\/div>\n","protected":false},"excerpt":{"rendered":"","protected":false},"author":1,"featured_media":0,"parent":4204,"menu_order":42,"comment_status":"closed","ping_status":"closed","template":"","meta":{"give_campaign_id":0,"footnotes":""},"class_list":["post-4223","page","type-page","status-publish","hentry"],"acf":[],"yoast_head":"<!-- This site is optimized with the Yoast SEO plugin v26.5 - https:\/\/yoast.com\/wordpress\/plugins\/seo\/ -->\n<title>O nosso trabalho - AIMM<\/title>\n<meta name=\"robots\" content=\"index, follow, max-snippet:-1, max-image-preview:large, max-video-preview:-1\" \/>\n<link rel=\"canonical\" href=\"https:\/\/aimmportugal.org\/pt\/sobre-nos\/trabalho\/\" \/>\n<meta property=\"og:locale\" content=\"pt_PT\" \/>\n<meta property=\"og:type\" content=\"article\" \/>\n<meta property=\"og:title\" content=\"O nosso trabalho - AIMM\" \/>\n<meta property=\"og:url\" content=\"https:\/\/aimmportugal.org\/pt\/sobre-nos\/trabalho\/\" \/>\n<meta property=\"og:site_name\" content=\"AIMM\" \/>\n<meta property=\"article:modified_time\" content=\"2025-10-14T09:46:43+00:00\" \/>\n<meta property=\"og:image\" content=\"https:\/\/aimmportugal.org\/wp-content\/uploads\/2022\/02\/aimm-about-us-3-scaled.jpg\" \/>\n\t<meta property=\"og:image:width\" content=\"2560\" \/>\n\t<meta property=\"og:image:height\" content=\"1708\" \/>\n\t<meta property=\"og:image:type\" content=\"image\/jpeg\" \/>\n<meta name=\"twitter:card\" content=\"summary_large_image\" \/>\n<meta name=\"twitter:label1\" content=\"Tempo estimado de leitura\" \/>\n\t<meta name=\"twitter:data1\" content=\"2 minutos\" \/>\n<script type=\"application\/ld+json\" class=\"yoast-schema-graph\">{\"@context\":\"https:\/\/schema.org\",\"@graph\":[{\"@type\":\"WebPage\",\"@id\":\"https:\/\/aimmportugal.org\/pt\/sobre-nos\/trabalho\/\",\"url\":\"https:\/\/aimmportugal.org\/pt\/sobre-nos\/trabalho\/\",\"name\":\"O nosso trabalho - AIMM\",\"isPartOf\":{\"@id\":\"https:\/\/aimmportugal.org\/pt\/#website\"},\"primaryImageOfPage\":{\"@id\":\"https:\/\/aimmportugal.org\/pt\/sobre-nos\/trabalho\/#primaryimage\"},\"image\":{\"@id\":\"https:\/\/aimmportugal.org\/pt\/sobre-nos\/trabalho\/#primaryimage\"},\"thumbnailUrl\":\"https:\/\/aimmportugal.org\/wp-content\/uploads\/2022\/02\/aimm-about-us-3-1024x683.jpg\",\"datePublished\":\"2020-08-18T11:58:12+00:00\",\"dateModified\":\"2025-10-14T09:46:43+00:00\",\"breadcrumb\":{\"@id\":\"https:\/\/aimmportugal.org\/pt\/sobre-nos\/trabalho\/#breadcrumb\"},\"inLanguage\":\"pt-PT\",\"potentialAction\":[{\"@type\":\"ReadAction\",\"target\":[\"https:\/\/aimmportugal.org\/pt\/sobre-nos\/trabalho\/\"]}]},{\"@type\":\"ImageObject\",\"inLanguage\":\"pt-PT\",\"@id\":\"https:\/\/aimmportugal.org\/pt\/sobre-nos\/trabalho\/#primaryimage\",\"url\":\"https:\/\/aimmportugal.org\/wp-content\/uploads\/2022\/02\/aimm-about-us-3-1024x683.jpg\",\"contentUrl\":\"https:\/\/aimmportugal.org\/wp-content\/uploads\/2022\/02\/aimm-about-us-3-1024x683.jpg\"},{\"@type\":\"BreadcrumbList\",\"@id\":\"https:\/\/aimmportugal.org\/pt\/sobre-nos\/trabalho\/#breadcrumb\",\"itemListElement\":[{\"@type\":\"ListItem\",\"position\":1,\"name\":\"\",\"item\":\"https:\/\/aimmportugal.org\/pt\/\"},{\"@type\":\"ListItem\",\"position\":2,\"name\":\"Sobre n\u00f3s\",\"item\":\"https:\/\/aimmportugal.org\/pt\/sobre-nos\/\"},{\"@type\":\"ListItem\",\"position\":3,\"name\":\"O nosso trabalho\"}]},{\"@type\":\"WebSite\",\"@id\":\"https:\/\/aimmportugal.org\/pt\/#website\",\"url\":\"https:\/\/aimmportugal.org\/pt\/\",\"name\":\"AIMM\",\"description\":\"Marine Environment Research Association\",\"publisher\":{\"@id\":\"https:\/\/aimmportugal.org\/pt\/#organization\"},\"potentialAction\":[{\"@type\":\"SearchAction\",\"target\":{\"@type\":\"EntryPoint\",\"urlTemplate\":\"https:\/\/aimmportugal.org\/pt\/?s={search_term_string}\"},\"query-input\":{\"@type\":\"PropertyValueSpecification\",\"valueRequired\":true,\"valueName\":\"search_term_string\"}}],\"inLanguage\":\"pt-PT\"},{\"@type\":\"Organization\",\"@id\":\"https:\/\/aimmportugal.org\/pt\/#organization\",\"name\":\"AIMM Portugal\",\"url\":\"https:\/\/aimmportugal.org\/pt\/\",\"logo\":{\"@type\":\"ImageObject\",\"inLanguage\":\"pt-PT\",\"@id\":\"https:\/\/aimmportugal.org\/pt\/#\/schema\/logo\/image\/\",\"url\":\"https:\/\/aimmportugal.org\/wp-content\/uploads\/2021\/07\/logo_AIMM_bilingue_blue.png\",\"contentUrl\":\"https:\/\/aimmportugal.org\/wp-content\/uploads\/2021\/07\/logo_AIMM_bilingue_blue.png\",\"width\":2560,\"height\":1484,\"caption\":\"AIMM Portugal\"},\"image\":{\"@id\":\"https:\/\/aimmportugal.org\/pt\/#\/schema\/logo\/image\/\"}}]}<\/script>\n<!-- \/ Yoast SEO plugin. -->","yoast_head_json":{"title":"O nosso trabalho - AIMM","robots":{"index":"index","follow":"follow","max-snippet":"max-snippet:-1","max-image-preview":"max-image-preview:large","max-video-preview":"max-video-preview:-1"},"canonical":"https:\/\/aimmportugal.org\/pt\/sobre-nos\/trabalho\/","og_locale":"pt_PT","og_type":"article","og_title":"O nosso trabalho - AIMM","og_url":"https:\/\/aimmportugal.org\/pt\/sobre-nos\/trabalho\/","og_site_name":"AIMM","article_modified_time":"2025-10-14T09:46:43+00:00","og_image":[{"width":2560,"height":1708,"url":"https:\/\/aimmportugal.org\/wp-content\/uploads\/2022\/02\/aimm-about-us-3-scaled.jpg","type":"image\/jpeg"}],"twitter_card":"summary_large_image","twitter_misc":{"Tempo estimado de leitura":"2 minutos"},"schema":{"@context":"https:\/\/schema.org","@graph":[{"@type":"WebPage","@id":"https:\/\/aimmportugal.org\/pt\/sobre-nos\/trabalho\/","url":"https:\/\/aimmportugal.org\/pt\/sobre-nos\/trabalho\/","name":"O nosso trabalho - AIMM","isPartOf":{"@id":"https:\/\/aimmportugal.org\/pt\/#website"},"primaryImageOfPage":{"@id":"https:\/\/aimmportugal.org\/pt\/sobre-nos\/trabalho\/#primaryimage"},"image":{"@id":"https:\/\/aimmportugal.org\/pt\/sobre-nos\/trabalho\/#primaryimage"},"thumbnailUrl":"https:\/\/aimmportugal.org\/wp-content\/uploads\/2022\/02\/aimm-about-us-3-1024x683.jpg","datePublished":"2020-08-18T11:58:12+00:00","dateModified":"2025-10-14T09:46:43+00:00","breadcrumb":{"@id":"https:\/\/aimmportugal.org\/pt\/sobre-nos\/trabalho\/#breadcrumb"},"inLanguage":"pt-PT","potentialAction":[{"@type":"ReadAction","target":["https:\/\/aimmportugal.org\/pt\/sobre-nos\/trabalho\/"]}]},{"@type":"ImageObject","inLanguage":"pt-PT","@id":"https:\/\/aimmportugal.org\/pt\/sobre-nos\/trabalho\/#primaryimage","url":"https:\/\/aimmportugal.org\/wp-content\/uploads\/2022\/02\/aimm-about-us-3-1024x683.jpg","contentUrl":"https:\/\/aimmportugal.org\/wp-content\/uploads\/2022\/02\/aimm-about-us-3-1024x683.jpg"},{"@type":"BreadcrumbList","@id":"https:\/\/aimmportugal.org\/pt\/sobre-nos\/trabalho\/#breadcrumb","itemListElement":[{"@type":"ListItem","position":1,"name":"","item":"https:\/\/aimmportugal.org\/pt\/"},{"@type":"ListItem","position":2,"name":"Sobre n\u00f3s","item":"https:\/\/aimmportugal.org\/pt\/sobre-nos\/"},{"@type":"ListItem","position":3,"name":"O nosso trabalho"}]},{"@type":"WebSite","@id":"https:\/\/aimmportugal.org\/pt\/#website","url":"https:\/\/aimmportugal.org\/pt\/","name":"AIMM","description":"Marine Environment Research Association","publisher":{"@id":"https:\/\/aimmportugal.org\/pt\/#organization"},"potentialAction":[{"@type":"SearchAction","target":{"@type":"EntryPoint","urlTemplate":"https:\/\/aimmportugal.org\/pt\/?s={search_term_string}"},"query-input":{"@type":"PropertyValueSpecification","valueRequired":true,"valueName":"search_term_string"}}],"inLanguage":"pt-PT"},{"@type":"Organization","@id":"https:\/\/aimmportugal.org\/pt\/#organization","name":"AIMM Portugal","url":"https:\/\/aimmportugal.org\/pt\/","logo":{"@type":"ImageObject","inLanguage":"pt-PT","@id":"https:\/\/aimmportugal.org\/pt\/#\/schema\/logo\/image\/","url":"https:\/\/aimmportugal.org\/wp-content\/uploads\/2021\/07\/logo_AIMM_bilingue_blue.png","contentUrl":"https:\/\/aimmportugal.org\/wp-content\/uploads\/2021\/07\/logo_AIMM_bilingue_blue.png","width":2560,"height":1484,"caption":"AIMM Portugal"},"image":{"@id":"https:\/\/aimmportugal.org\/pt\/#\/schema\/logo\/image\/"}}]}},"campaignId":"","_links":{"self":[{"href":"https:\/\/aimmportugal.org\/pt\/wp-json\/wp\/v2\/pages\/4223","targetHints":{"allow":["GET"]}}],"collection":[{"href":"https:\/\/aimmportugal.org\/pt\/wp-json\/wp\/v2\/pages"}],"about":[{"href":"https:\/\/aimmportugal.org\/pt\/wp-json\/wp\/v2\/types\/page"}],"author":[{"embeddable":true,"href":"https:\/\/aimmportugal.org\/pt\/wp-json\/wp\/v2\/users\/1"}],"replies":[{"embeddable":true,"href":"https:\/\/aimmportugal.org\/pt\/wp-json\/wp\/v2\/comments?post=4223"}],"version-history":[{"count":5,"href":"https:\/\/aimmportugal.org\/pt\/wp-json\/wp\/v2\/pages\/4223\/revisions"}],"predecessor-version":[{"id":476426,"href":"https:\/\/aimmportugal.org\/pt\/wp-json\/wp\/v2\/pages\/4223\/revisions\/476426"}],"up":[{"embeddable":true,"href":"https:\/\/aimmportugal.org\/pt\/wp-json\/wp\/v2\/pages\/4204"}],"wp:attachment":[{"href":"https:\/\/aimmportugal.org\/pt\/wp-json\/wp\/v2\/media?parent=4223"}],"curies":[{"name":"wp","href":"https:\/\/api.w.org\/{rel}","templated":true}]}}