{"id":4221,"date":"2020-08-17T15:55:39","date_gmt":"2020-08-17T15:55:39","guid":{"rendered":"https:\/\/www.aimmportugal.org\/privacy-policy\/"},"modified":"2025-03-24T12:27:38","modified_gmt":"2025-03-24T12:27:38","slug":"privacy-policy","status":"publish","type":"page","link":"https:\/\/aimmportugal.org\/pt\/privacy-policy\/","title":{"rendered":"Pol\u00edtica de Privacidade"},"content":{"rendered":"\n<h4 class=\"wp-block-heading\">A presente Pol\u00edtica de Privacidade destina-se a explicar como a&nbsp;AIMM&nbsp;recolhe, armazena e trata os seus dados pessoais e outros que possam ser recolhidos para fins de an\u00e1lise estat\u00edstica.<\/h4>\n\n\n\n<div style=\"height:20px\" aria-hidden=\"true\" class=\"wp-block-spacer\"><\/div>\n\n\n\n<h3 class=\"wp-block-heading\">Quem somos?<\/h3>\n\n\n\n<p>A&nbsp;AIMM &#8211; ASSOCIA\u00c7\u00c3O PARA A INVESTIGA\u00c7\u00c3O DO MEIO MARINHO&nbsp;pessoa coletiva com NIPC&nbsp;509248780, com sede na&nbsp;Rua Maestro Frederico de Freitas, 15 1.\u00ba 1500-399 , em&nbsp;Lisboa (doravante \u201cAIMM\u201d)&nbsp;\u00e9 respons\u00e1vel pelo site&nbsp;<a href=\"https:\/\/aimmportugal.org\/pt-pt\/\">www.aimmportugal.org<\/a>, compromete-se a garantir a privacidade e a prote\u00e7\u00e3o dos dados pessoais dos utilizadores e visitantes, seguindo todas as normas legais e regulamentares em vigor.<\/p>\n\n\n\n<p>A&nbsp;AIMM<strong> <\/strong>reserva-se no direito de atualizar e alterar periodicamente a sua Pol\u00edtica de Privacidade, de forma a refletir qualquer modifica\u00e7\u00e3o na forma como os dados pessoais dos nossos utilizadores s\u00e3o processados ou em termos legais. Na&nbsp;AIMM&nbsp;ser\u00e1 exibida a vers\u00e3o mais recente e atual da Pol\u00edtica de Privacidade, sendo aconselh\u00e1vel que a verifique periodicamente, para averiguar qualquer atualiza\u00e7\u00e3o ou altera\u00e7\u00e3o.<\/p>\n\n\n\n<h3 class=\"wp-block-heading\">Princ\u00edpios orientadores<\/h3>\n\n\n\n<p>O objetivo principal desta Pol\u00edtica \u00e9 consolidar a rela\u00e7\u00e3o de confian\u00e7a e proximidade entre a&nbsp;AIMM&nbsp;e respetivos utilizadores. A mesma tem tamb\u00e9m como objetivo demonstrar a transpar\u00eancia no tratamento dos dados recolhidos e informar todos os utilizadores dos seus direitos e da forma como podem exerc\u00ea-los, enquanto titulares de dados pessoais.<\/p>\n\n\n\n<h3 class=\"wp-block-heading\">Base legal<\/h3>\n\n\n\n<p>A&nbsp;<strong>AIMM <\/strong>atua no estrito cumprimento dos princ\u00edpios descritos nesta Pol\u00edtica, do Regulamento (UE) 2016\/679 (Regulamento Geral sobre a Prote\u00e7\u00e3o de Dados \u2013 RGPD) e da legisla\u00e7\u00e3o de prote\u00e7\u00e3o de dados aplic\u00e1vel, em todos os processos que envolvam o tratamento de dados pessoais.<\/p>\n\n\n\n<p>Segundo o Acordo com o RGPD, por dados pessoais define-se: \u201cQualquer informa\u00e7\u00e3o relativa a uma pessoa singular identificada ou identific\u00e1vel (\u201dtitular da informa\u00e7\u00e3o\u201c); uma pessoa singular identific\u00e1vel \u00e9 aquela que pode ser identificado, direta ou indiretamente, em particular por refer\u00eancia a um identificador, como um nome, um n\u00famero de identifica\u00e7\u00e3o, dados de localiza\u00e7\u00e3o, um identificador online ou a um ou mais fatores espec\u00edficos do f\u00edsico, fisiol\u00f3gico, identidade gen\u00e9tica, mental, econ\u00f3mica, cultural ou social dessa pessoa natural.\u201d<\/p>\n\n\n\n<h3 class=\"wp-block-heading\">Prote\u00e7\u00e3o dos dados<\/h3>\n\n\n\n<p>Utilizamos v\u00e1rias medidas que visam garantir a seguran\u00e7a da informa\u00e7\u00e3o recolhida, a prote\u00e7\u00e3o dos dados pessoais recolhidos, impedir a utiliza\u00e7\u00e3o, altera\u00e7\u00e3o ou acesso indevido, a divulga\u00e7\u00e3o, a perda ou destrui\u00e7\u00e3o n\u00e3o autorizadas.<\/p>\n\n\n\n<p>Como titular dos dados, o utilizador tem direito a saber quais os dados recolhidos e armazenados, assim como a alterar os mesmos na \u00e1rea \u201cMinha conta\u201d e solicitar \u00e0 AIMM a sua exporta\u00e7\u00e3o ou elimina\u00e7\u00e3o.<\/p>\n\n\n\n<h3 class=\"wp-block-heading\">Os dados que s\u00e3o recolhidos<\/h3>\n\n\n\n<p><strong>Registo de cliente ou compra<br><\/strong>No registo ou compra na&nbsp;AIMM, s\u00e3o recolhidos os seguintes dados: e-mail, nome, morada, c\u00f3digo-postal e telefone. Os dados recolhidos atrav\u00e9s do processo de compra do utilizador ser\u00e3o processados automaticamente e destinam-se ao tratamento das encomendas.<\/p>\n\n\n\n<p><strong>Donativos<\/strong><br>A AIMM depende de donativos e outros tipos de apoio de equipamento e financeiro para continuar com os nossos esfor\u00e7os de investiga\u00e7\u00e3o e conserva\u00e7\u00e3o de esp\u00e9cies marinhas e seus ecossistemas. As informa\u00e7\u00f5es de contacto, como nome, morada, n\u00fameros de telefone e e-mail, s\u00e3o usadas para processar recibos e para fins de comunica\u00e7\u00e3o com o utilizador. Informa\u00e7\u00f5es financeiras, como conta banc\u00e1ria e detalhes de cart\u00e3o de cr\u00e9dito, s\u00e3o usadas apenas para processar transa\u00e7\u00f5es. As informa\u00e7\u00f5es que colectamos s\u00e3o sempre tratadas como estritamente confidenciais e nunca s\u00e3o divulgadas a terceiros sem o teu consentimento pr\u00e9vio a menos que exigido por lei. Nunca partilhamos o nosso banco de dados a outras organiza\u00e7\u00f5es.<\/p>\n\n\n\n<p><strong>Newsletter<\/strong><br>Na inscri\u00e7\u00e3o na Newsletter da&nbsp;AIMM, s\u00e3o recolhidos os seguintes dados: nome e e-mail. Se n\u00e3o desejas receber mais informa\u00e7\u00f5es sobre a AIMM ou ser contactado sobre as nossas novidades, tens a oportunidade de fazer esta escolha de cada vez que receberes uma newsletter, ou podes entrar em contacto connosco para cancelar as comunica\u00e7\u00f5es: <a href=\"mailto:info@aimmportugal.org\">info@aimmportugal.org<\/a>.<\/p>\n\n\n\n<p><strong>Formul\u00e1rio de contacto<br><\/strong>A&nbsp;AIMM&nbsp;pode ainda solicitar dados pessoais nos formul\u00e1rios de contacto, nomeadamente, o nome, e-mail e outras informa\u00e7\u00f5es que o visitante nos forne\u00e7a.<\/p>\n\n\n\n<p><strong>Navega\u00e7\u00e3o na&nbsp;AIMM<br><\/strong>Tamb\u00e9m s\u00e3o sempre recolhidos dados relacionados com a navega\u00e7\u00e3o no website e loja online da AIMM. Exemplos deste tipo de dados s\u00e3o a informa\u00e7\u00e3o do dispositivo e browser (navegador), informa\u00e7\u00f5es de rede e endere\u00e7o de IP.<\/p>\n\n\n\n<h3 class=\"wp-block-heading\">Finalidade com que os dados s\u00e3o recolhidos<\/h3>\n\n\n\n<p>Os dados pessoais s\u00e3o recolhidos e tratados com vista ao cumprimento das finalidades a seguir indicadas:<br><\/p>\n\n\n\n<p><strong>Presta\u00e7\u00e3o de servi\u00e7o:<\/strong><\/p>\n\n\n\n<ul class=\"wp-block-list\"><li>Cumprimento das obriga\u00e7\u00f5es fiscais<\/li><li>Expedi\u00e7\u00e3o de encomendas<\/li><li>Tratamento de encomendas<\/li><li>Resolu\u00e7\u00e3o de problemas como o cancelamento, devolu\u00e7\u00e3o de produtos ou reembolso do valor dos produtos de acordo com a lei em vigor<\/li><li>Apoio ao cliente: esclarecimento de d\u00favidas sobre produtos, o funcionamento da&nbsp;AIMM&nbsp;ou qualquer outra quest\u00e3o solicitada pelo utilizador<\/li><\/ul>\n\n\n\n<p><strong>Marketing Direto (ex. e-mail marketing):<\/strong><br>Para que o utilizador esteja atualizado sobre estados de encomendas ou qualquer novidade na&nbsp;AIMM, podemos enviar e-mails com comunica\u00e7\u00f5es comerciais referentes a ofertas, produtos ou campanhas, assim como conte\u00fados tem\u00e1ticos e informa\u00e7\u00f5es sobre o processamento de encomendas registadas.<\/p>\n\n\n\n<p>Para efeitos de marketing, na&nbsp;AIMM&nbsp;poderemos considerar e utilizar determinados dados como produtos visualizados, produtos em wishlist ou deixados no carrinho abandonado. As comunica\u00e7\u00f5es de marketing s\u00e3o efetuadas ap\u00f3s e com o consentimento pr\u00e9vio do utilizador.<\/p>\n\n\n\n<p>Em todo e qualquer caso, a&nbsp;AIMM&nbsp;procura garantir que a informa\u00e7\u00e3o e dados recolhidos e utilizados s\u00e3o adequados \u00e0s finalidades descritas e que n\u00e3o constituem uma invas\u00e3o da privacidade do utilizador.<\/p>\n\n\n\n<h3 class=\"wp-block-heading\">Quando recolhemos os dados?<\/h3>\n\n\n\n<p>Os dados s\u00e3o recolhidos quando h\u00e1 um registo de conta na&nbsp;AIMM, inscri\u00e7\u00e3o da newsletter, preenchimento do formul\u00e1rio de contacto, registo de uma encomenda ou durante a navega\u00e7\u00e3o no website e loja online.<\/p>\n\n\n\n<h3 class=\"wp-block-heading\">Quais s\u00e3o os seus direitos e como pode exerc\u00ea-los?<\/h3>\n\n\n\n<p>O titular de dados pessoais tem direito, a qualquer momento, a requerer o acesso, retifica\u00e7\u00e3o, oposi\u00e7\u00e3o, exporta\u00e7\u00e3o e\/ou elimina\u00e7\u00e3o, assim como o direito de n\u00e3o ficar sujeito a decis\u00f5es automatizadas.<\/p>\n\n\n\n<p>O utilizador pode exercer qualquer um destes direitos junto da&nbsp;AIMM, com a submiss\u00e3o de um pedido enviado para o endere\u00e7o seguinte <a href=\"mailto:info@aimmportugal.org\">info@aimmportugal.org<\/a>. Tentaremos ao m\u00e1ximo responder a quaisquer d\u00favidas que tenhas e corrigir quaisquer erros da nossa parte. O utilizador pode tamb\u00e9m apresentar uma reclama\u00e7\u00e3o junto da Comiss\u00e3o Nacional de Prote\u00e7\u00e3o de Dados (<a href=\"https:\/\/www.cnpd.pt\" target=\"_blank\" rel=\"noreferrer noopener\">CNPD<\/a>).<\/p>\n\n\n\n<h3 class=\"wp-block-heading\">Reten\u00e7\u00e3o dos dados<\/h3>\n\n\n\n<p>A&nbsp;AIMM&nbsp;est\u00e1 obrigada a reter informa\u00e7\u00f5es para fins fiscais e auditorias de acordo com a lei em vigor. A&nbsp;AIMM&nbsp;guarda os seus dados devido a requisitos e pr\u00e1ticas espec\u00edficas inerentes \u00e0&nbsp;AIMM&nbsp;e ao seu sector de atividade, at\u00e9 que o utilizador solicite para que os mesmos sejam eliminados da base de dados.<\/p>\n\n\n\n<p>O titular pode, a qualquer momento, pedir para aceder, retificar ou eliminar os seus dados pessoais ao enviar um e-mail para&nbsp;<a href=\"mailto:info@aimmportugal.org\">info@aimmportugal.org<\/a>.<\/p>\n\n\n\n<p>Caso o utilizador efetue um registo na&nbsp;AIMM, pode verificar, editar ou eliminar as suas informa\u00e7\u00f5es pessoais a qualquer momento a partir da \u00e1rea \u201cMinha conta&#8221; no website. A pedido do utilizador, a&nbsp;AIMM&nbsp;pode alterar determinados dados do utilizador associados a encomendas registadas.<\/p>\n\n\n\n<h3 class=\"wp-block-heading\">Partilha dos dados<\/h3>\n\n\n\n<p>A&nbsp;AIMM&nbsp;n\u00e3o cede ou vende qualquer tipo de dado pessoais a outra entidade al\u00e9m das que s\u00e3o necess\u00e1rias ao funcionamento do servi\u00e7o. N\u00e3o ser\u00e3o tamb\u00e9m utilizados dados pessoais para qualquer outro fim sem o devido consentimento do titular.<\/p>\n\n\n\n<p>Qualquer entidade terceira, com a qual os dados do cliente possam ser partilhados, \u00e9 obrigada a utiliz\u00e1-los exclusivamente como forma de executar o bom funcionamento do seu servi\u00e7o em nome da&nbsp;AIMM.<\/p>\n\n\n\n<p>A&nbsp;AIMM&nbsp;pode ainda revelar informa\u00e7\u00f5es pessoalmente identific\u00e1veis sob circunst\u00e2ncias especiais, tais como no cumprimento de ordens judiciais que assim o exijam ou quando determinadas a\u00e7\u00f5es violam os Termos e Condi\u00e7\u00f5es do neg\u00f3cio.<\/p>\n\n\n\n<h3 class=\"wp-block-heading\">Cookies<\/h3>\n\n\n\n<p>A&nbsp;AIMM&nbsp;utiliza cookies no website e loja online. Os cookies utilizados n\u00e3o recolhem informa\u00e7\u00f5es que identifiquem o visitante, mas sim sobre a forma como este interage com o website e com a loja online. Os dados recolhidos s\u00e3o utilizados para fins estat\u00edsticos, presta\u00e7\u00e3o e melhoria do servi\u00e7o e da experi\u00eancia de utiliza\u00e7\u00e3o.<\/p>\n\n\n\n<h3 class=\"wp-block-heading\">Que tipos de cookies s\u00e3o utilizados?<\/h3>\n\n\n\n<p><strong>Cookies Anal\u00edticos: <\/strong>s\u00e3o utilizados para efeitos de cria\u00e7\u00e3o e an\u00e1lise de estat\u00edsticas, no sentido de melhorar o funcionamento do website, sem nunca recolher informa\u00e7\u00e3o de car\u00e1cter pessoal;<\/p>\n\n\n\n<p><strong>Cookies de Funcionalidade: <\/strong>guardam as prefer\u00eancias do utilizador relativamente \u00e0 utiliza\u00e7\u00e3o do site, de forma que n\u00e3o seja necess\u00e1rio voltar a configurar o site cada vez que o visita;<\/p>\n\n\n\n<p><strong>Cookies de Terceiros:<\/strong> s\u00e3o criados a partir de servi\u00e7os de terceiros, como o Google, Youtube, Facebook, entre outros. Podem ser usados para mostrar-lhe publicidade relacionada com as suas ac\u00e7\u00f5es no website.<\/p>\n","protected":false},"excerpt":{"rendered":"<p>A presente Pol\u00edtica de Privacidade destina-se a explicar como a&nbsp;AIMM&nbsp;recolhe, armazena e trata os seus dados pessoais e outros que possam ser recolhidos para fins de an\u00e1lise estat\u00edstica. Quem somos? A&nbsp;AIMM &#8211; ASSOCIA\u00c7\u00c3O PARA A [&hellip;]<\/p>\n","protected":false},"author":1,"featured_media":0,"parent":0,"menu_order":39,"comment_status":"closed","ping_status":"closed","template":"","meta":{"give_campaign_id":0,"footnotes":""},"class_list":["post-4221","page","type-page","status-publish","hentry"],"acf":[],"yoast_head":"<!-- This site is optimized with the Yoast SEO plugin v26.5 - https:\/\/yoast.com\/wordpress\/plugins\/seo\/ -->\n<title>Pol\u00edtica de Privacidade - AIMM<\/title>\n<meta name=\"robots\" content=\"noindex, follow\" \/>\n<meta property=\"og:locale\" content=\"pt_PT\" \/>\n<meta property=\"og:type\" content=\"article\" \/>\n<meta property=\"og:title\" content=\"Pol\u00edtica de Privacidade - AIMM\" \/>\n<meta property=\"og:description\" content=\"A presente Pol\u00edtica de Privacidade destina-se a explicar como a&nbsp;AIMM&nbsp;recolhe, armazena e trata os seus dados pessoais e outros que possam ser recolhidos para fins de an\u00e1lise estat\u00edstica. Quem somos? A&nbsp;AIMM &#8211; ASSOCIA\u00c7\u00c3O PARA A [&hellip;]\" \/>\n<meta property=\"og:url\" content=\"https:\/\/aimmportugal.org\/pt\/privacy-policy\/\" \/>\n<meta property=\"og:site_name\" content=\"AIMM\" \/>\n<meta property=\"article:modified_time\" content=\"2025-03-24T12:27:38+00:00\" \/>\n<meta name=\"twitter:card\" content=\"summary_large_image\" \/>\n<meta name=\"twitter:label1\" content=\"Tempo estimado de leitura\" \/>\n\t<meta name=\"twitter:data1\" content=\"8 minutos\" \/>\n<script type=\"application\/ld+json\" class=\"yoast-schema-graph\">{\"@context\":\"https:\/\/schema.org\",\"@graph\":[{\"@type\":\"WebPage\",\"@id\":\"https:\/\/aimmportugal.org\/pt\/privacy-policy\/\",\"url\":\"https:\/\/aimmportugal.org\/pt\/privacy-policy\/\",\"name\":\"Pol\u00edtica de Privacidade - AIMM\",\"isPartOf\":{\"@id\":\"https:\/\/aimmportugal.org\/pt\/#website\"},\"datePublished\":\"2020-08-17T15:55:39+00:00\",\"dateModified\":\"2025-03-24T12:27:38+00:00\",\"breadcrumb\":{\"@id\":\"https:\/\/aimmportugal.org\/pt\/privacy-policy\/#breadcrumb\"},\"inLanguage\":\"pt-PT\",\"potentialAction\":[{\"@type\":\"ReadAction\",\"target\":[\"https:\/\/aimmportugal.org\/pt\/privacy-policy\/\"]}]},{\"@type\":\"BreadcrumbList\",\"@id\":\"https:\/\/aimmportugal.org\/pt\/privacy-policy\/#breadcrumb\",\"itemListElement\":[{\"@type\":\"ListItem\",\"position\":1,\"name\":\"\",\"item\":\"https:\/\/aimmportugal.org\/pt\/\"},{\"@type\":\"ListItem\",\"position\":2,\"name\":\"Pol\u00edtica de Privacidade\"}]},{\"@type\":\"WebSite\",\"@id\":\"https:\/\/aimmportugal.org\/pt\/#website\",\"url\":\"https:\/\/aimmportugal.org\/pt\/\",\"name\":\"AIMM\",\"description\":\"Marine Environment Research Association\",\"publisher\":{\"@id\":\"https:\/\/aimmportugal.org\/pt\/#organization\"},\"potentialAction\":[{\"@type\":\"SearchAction\",\"target\":{\"@type\":\"EntryPoint\",\"urlTemplate\":\"https:\/\/aimmportugal.org\/pt\/?s={search_term_string}\"},\"query-input\":{\"@type\":\"PropertyValueSpecification\",\"valueRequired\":true,\"valueName\":\"search_term_string\"}}],\"inLanguage\":\"pt-PT\"},{\"@type\":\"Organization\",\"@id\":\"https:\/\/aimmportugal.org\/pt\/#organization\",\"name\":\"AIMM Portugal\",\"url\":\"https:\/\/aimmportugal.org\/pt\/\",\"logo\":{\"@type\":\"ImageObject\",\"inLanguage\":\"pt-PT\",\"@id\":\"https:\/\/aimmportugal.org\/pt\/#\/schema\/logo\/image\/\",\"url\":\"https:\/\/aimmportugal.org\/wp-content\/uploads\/2021\/07\/logo_AIMM_bilingue_blue.png\",\"contentUrl\":\"https:\/\/aimmportugal.org\/wp-content\/uploads\/2021\/07\/logo_AIMM_bilingue_blue.png\",\"width\":2560,\"height\":1484,\"caption\":\"AIMM Portugal\"},\"image\":{\"@id\":\"https:\/\/aimmportugal.org\/pt\/#\/schema\/logo\/image\/\"}}]}<\/script>\n<!-- \/ Yoast SEO plugin. -->","yoast_head_json":{"title":"Pol\u00edtica de Privacidade - AIMM","robots":{"index":"noindex","follow":"follow"},"og_locale":"pt_PT","og_type":"article","og_title":"Pol\u00edtica de Privacidade - AIMM","og_description":"A presente Pol\u00edtica de Privacidade destina-se a explicar como a&nbsp;AIMM&nbsp;recolhe, armazena e trata os seus dados pessoais e outros que possam ser recolhidos para fins de an\u00e1lise estat\u00edstica. Quem somos? A&nbsp;AIMM &#8211; ASSOCIA\u00c7\u00c3O PARA A [&hellip;]","og_url":"https:\/\/aimmportugal.org\/pt\/privacy-policy\/","og_site_name":"AIMM","article_modified_time":"2025-03-24T12:27:38+00:00","twitter_card":"summary_large_image","twitter_misc":{"Tempo estimado de leitura":"8 minutos"},"schema":{"@context":"https:\/\/schema.org","@graph":[{"@type":"WebPage","@id":"https:\/\/aimmportugal.org\/pt\/privacy-policy\/","url":"https:\/\/aimmportugal.org\/pt\/privacy-policy\/","name":"Pol\u00edtica de Privacidade - AIMM","isPartOf":{"@id":"https:\/\/aimmportugal.org\/pt\/#website"},"datePublished":"2020-08-17T15:55:39+00:00","dateModified":"2025-03-24T12:27:38+00:00","breadcrumb":{"@id":"https:\/\/aimmportugal.org\/pt\/privacy-policy\/#breadcrumb"},"inLanguage":"pt-PT","potentialAction":[{"@type":"ReadAction","target":["https:\/\/aimmportugal.org\/pt\/privacy-policy\/"]}]},{"@type":"BreadcrumbList","@id":"https:\/\/aimmportugal.org\/pt\/privacy-policy\/#breadcrumb","itemListElement":[{"@type":"ListItem","position":1,"name":"","item":"https:\/\/aimmportugal.org\/pt\/"},{"@type":"ListItem","position":2,"name":"Pol\u00edtica de Privacidade"}]},{"@type":"WebSite","@id":"https:\/\/aimmportugal.org\/pt\/#website","url":"https:\/\/aimmportugal.org\/pt\/","name":"AIMM","description":"Marine Environment Research Association","publisher":{"@id":"https:\/\/aimmportugal.org\/pt\/#organization"},"potentialAction":[{"@type":"SearchAction","target":{"@type":"EntryPoint","urlTemplate":"https:\/\/aimmportugal.org\/pt\/?s={search_term_string}"},"query-input":{"@type":"PropertyValueSpecification","valueRequired":true,"valueName":"search_term_string"}}],"inLanguage":"pt-PT"},{"@type":"Organization","@id":"https:\/\/aimmportugal.org\/pt\/#organization","name":"AIMM Portugal","url":"https:\/\/aimmportugal.org\/pt\/","logo":{"@type":"ImageObject","inLanguage":"pt-PT","@id":"https:\/\/aimmportugal.org\/pt\/#\/schema\/logo\/image\/","url":"https:\/\/aimmportugal.org\/wp-content\/uploads\/2021\/07\/logo_AIMM_bilingue_blue.png","contentUrl":"https:\/\/aimmportugal.org\/wp-content\/uploads\/2021\/07\/logo_AIMM_bilingue_blue.png","width":2560,"height":1484,"caption":"AIMM Portugal"},"image":{"@id":"https:\/\/aimmportugal.org\/pt\/#\/schema\/logo\/image\/"}}]}},"campaignId":"","_links":{"self":[{"href":"https:\/\/aimmportugal.org\/pt\/wp-json\/wp\/v2\/pages\/4221","targetHints":{"allow":["GET"]}}],"collection":[{"href":"https:\/\/aimmportugal.org\/pt\/wp-json\/wp\/v2\/pages"}],"about":[{"href":"https:\/\/aimmportugal.org\/pt\/wp-json\/wp\/v2\/types\/page"}],"author":[{"embeddable":true,"href":"https:\/\/aimmportugal.org\/pt\/wp-json\/wp\/v2\/users\/1"}],"replies":[{"embeddable":true,"href":"https:\/\/aimmportugal.org\/pt\/wp-json\/wp\/v2\/comments?post=4221"}],"version-history":[{"count":1,"href":"https:\/\/aimmportugal.org\/pt\/wp-json\/wp\/v2\/pages\/4221\/revisions"}],"predecessor-version":[{"id":249702,"href":"https:\/\/aimmportugal.org\/pt\/wp-json\/wp\/v2\/pages\/4221\/revisions\/249702"}],"wp:attachment":[{"href":"https:\/\/aimmportugal.org\/pt\/wp-json\/wp\/v2\/media?parent=4221"}],"curies":[{"name":"wp","href":"https:\/\/api.w.org\/{rel}","templated":true}]}}