{"id":4219,"date":"2021-10-29T11:31:18","date_gmt":"2021-10-29T10:31:18","guid":{"rendered":"https:\/\/www.aimmportugal.org\/termos-condicoes\/"},"modified":"2023-08-04T15:20:57","modified_gmt":"2023-08-04T14:20:57","slug":"termos-condicoes","status":"publish","type":"page","link":"https:\/\/aimmportugal.org\/pt\/termos-condicoes\/","title":{"rendered":"Termos &#038; Condi\u00e7\u00f5es"},"content":{"rendered":"\n<p>A AIMM \u2013 Associa\u00e7\u00e3o para Investiga\u00e7\u00e3o do Meio Marinho,&nbsp;\u00e9 uma organiza\u00e7\u00e3o Portuguesa n\u00e3o governamental e sem fins lucrativos dedicada \u00e0 investiga\u00e7\u00e3o e conserva\u00e7\u00e3o de esp\u00e9cies marinhas e seus ecossistemas, especialmente de esp\u00e9cies que habitam no Sul de Portugal.<\/p>\n\n\n\n<p>Os presentes Termos e Condi\u00e7\u00f5es destinam-se a regular os termos e condi\u00e7\u00f5es pelos quais a&nbsp;AIMM &#8211; ASSOCIA\u00c7\u00c3O PARA A INVESTIGA\u00c7\u00c3O DO MEIO MARINHO, pessoa coletiva com NIPC&nbsp;509248780, com sede na&nbsp;Rua Maestro Frederico de Freitas, 15 1.\u00ba 1500-399 , em&nbsp;Lisboa (doravante \u201cAIMM\u201d) se reger\u00e1.<\/p>\n\n\n\n<p>O website e loja online da&nbsp;AIMM&nbsp;disponibiliza, para al\u00e9m de informa\u00e7\u00f5es sobre o trabalho da associa\u00e7\u00e3o a disponibiliza\u00e7\u00e3o e fornecimento de um conjunto de produtos e\/ou servi\u00e7os, no sentido de permitir ao utilizador, a encomenda e compra online, dos produtos e\/ou servi\u00e7os nela apresentados.<\/p>\n\n\n\n<p>Ao utilizar a&nbsp;AIMM&nbsp;implica a aceita\u00e7\u00e3o e concord\u00e2ncia plena de todos os par\u00e2metros presentes nos Termos e Condi\u00e7\u00f5es descritos, assim como da Pol\u00edtica de Privacidade em vigor no momento em que acede \u00e0&nbsp;AIMM. Caso n\u00e3o aceite, parcial ou integralmente, qualquer das condi\u00e7\u00f5es estipuladas n\u00e3o dever\u00e1 efetuar compras na&nbsp;AIMM.<\/p>\n\n\n\n<p>A&nbsp;AIMM&nbsp;reserva o direito de atualizar e alterar os Termos e Condi\u00e7\u00f5es sem aviso pr\u00e9vio. \u00c9 aconselh\u00e1vel verificar periodicamente os Termos e condi\u00e7\u00f5es para averiguar qualquer altera\u00e7\u00e3o ou atualiza\u00e7\u00e3o.<\/p>\n\n\n\n<h3 class=\"wp-block-heading\">Informa\u00e7\u00f5es de produtos e pre\u00e7os<\/h3>\n\n\n\n<p>A&nbsp;AIMM&nbsp;informa os utilizadores sobre as caracter\u00edsticas, descri\u00e7\u00f5es, imagens ou v\u00eddeos de cada produto e\/ou servi\u00e7o em cada p\u00e1gina disponibilizada. A&nbsp;AIMM&nbsp;compromete-se a disponibilizar os seus produtos e\/ou servi\u00e7os de forma clara e a corrigir poss\u00edveis erros que possam ocorrer com a maior brevidade poss\u00edvel.<\/p>\n\n\n\n<p>A&nbsp;AIMM&nbsp;apresenta, de forma concisa, os pre\u00e7os de cada produto e\/ou servi\u00e7o, incluindo taxas de IVA, portes de envio aplicados a cada encomenda e outros custos complementares que possam ser aplic\u00e1veis.<\/p>\n\n\n\n<p>Informa\u00e7\u00f5es sobre produtos, pre\u00e7os, conte\u00fados, imagens, v\u00eddeos, campanhas promocionais e servi\u00e7os podem ser atualizadas e alteradas pela&nbsp;AIMM a qualquer momento.<\/p>\n\n\n\n<h3 class=\"wp-block-heading\">Propriedade intelectual<\/h3>\n\n\n\n<p>O conte\u00fado, dom\u00ednio, informa\u00e7\u00f5es presentes e disponibilizadas na&nbsp;AIMM&nbsp;s\u00e3o propriedade da&nbsp;AIMM &#8211; ASSOCIA\u00c7\u00c3O PARA A INVESTIGA\u00c7\u00c3O DO MEIO MARINHO&nbsp;ou foram concedidos a esta, encontrando-se assim protegidos pelos direitos de autor e direitos conexos. Toda e qualquer utiliza\u00e7\u00e3o, reprodu\u00e7\u00e3o, c\u00f3pia ou divulga\u00e7\u00e3o de conte\u00fados visuais, audiovisuais ou escritos, est\u00e1 sujeita a aprova\u00e7\u00e3o pr\u00e9via por parte da&nbsp;AIMM.<\/p>\n\n\n\n<p>O utilizador compromete-se a respeitar integralmente as condi\u00e7\u00f5es e direitos referidos, bem como a abster-se de atos que possam ir contra a lei e direitos como direitos de autor, direitos conexos, entre outras legisla\u00e7\u00f5es aplic\u00e1veis \u00e0 utiliza\u00e7\u00e3o de imagens, v\u00eddeos, conte\u00fados, etc sem aprova\u00e7\u00e3o expressa da&nbsp;AIMM. A&nbsp;AIMM&nbsp;n\u00e3o poder\u00e1 ser responsabilizada pela eventual utiliza\u00e7\u00e3o indevida de tais produtos.<\/p>\n\n\n\n<h3 class=\"wp-block-heading\">M\u00e9todos de pagamento<\/h3>\n\n\n\n<p>A&nbsp;AIMM&nbsp;disponibiliza os seguintes m\u00e9todos de pagamento:<\/p>\n\n\n\n<ul class=\"wp-block-list\">\n<li>Cart\u00e3o de cr\u00e9dito<\/li>\n\n\n\n<li>Paypal<\/li>\n<\/ul>\n\n\n\n<p>Ap\u00f3s o pagamento ser conclu\u00eddo, a&nbsp;AIMM&nbsp;ir\u00e1 proceder com uma verifica\u00e7\u00e3o padr\u00e3o, de forma a que seja poss\u00edvel processar e enviar a encomenda. O utilizadores receber\u00e1 um e-mail com a confirma\u00e7\u00e3o de que a encomenda se encontra paga.<\/p>\n\n\n\n<h3 class=\"wp-block-heading\">Condi\u00e7\u00f5es de compra<\/h3>\n\n\n\n<p><strong>Disponibilidade dos produtos<br><\/strong>Todos os produtos e\/ou servi\u00e7os dispon\u00edveis na&nbsp;AIMM&nbsp;podem ser adquiridos, salvo em casos de quebra ou limita\u00e7\u00e3o de stock. Os produtos podem ficar indispon\u00edveis sem aviso pr\u00e9vio, mas, nestas circunst\u00e2ncias, ser\u00e3o devidamente identificados na loja online da AIMM.<\/p>\n\n\n\n<p>Em caso de o produto deixar de estar dispon\u00edvel ap\u00f3s a compra ter sido conclu\u00edda, a&nbsp;AIMM&nbsp;compromete-se a contactar o utilizador, por contacto telef\u00f3nico ou e-mail, com a maior brevidade poss\u00edvel de forma a agilizar o processo junto do mesmo.<\/p>\n\n\n\n<p><strong>Taxas e impostos<br><\/strong>Na&nbsp;AIMM&nbsp;os pre\u00e7os apresentados s\u00e3o em EURO, sendo aplicadas as devidas taxas de IVA e impostos de acordo com a lei em vigor, os quais j\u00e1 est\u00e3o inclu\u00eddos no pre\u00e7o apresentado.<\/p>\n\n\n\n<p><strong>Cancelamento da encomenda<br><\/strong>Apenas \u00e9 poss\u00edvel cancelar uma encomenda 24h antes da entrega. Para cancelar o pedido, deve enviar um e-mail para <a href=\"mailto:info@aimmportugal.org\">info@aimmportugal.org<\/a> com o t\u00edtulo &#8220;Cancelamento da Encomenda #0000\u201d, ou ligar para os contactos indicados no site. Em ambos os casos o utilizador receber\u00e1 um e-mail de confirma\u00e7\u00e3o do cancelamento para o endere\u00e7o eletr\u00f3nico constante do pedido. O reembolso, quando o pagamento tenha j\u00e1 sido efetuado, ser\u00e1 assegurado, sendo deduzidas as despesas de financeiras de cancelamento.&nbsp;<\/p>\n\n\n\n<p>Caso o pedido de cancelamento tenha sido efetuado ap\u00f3s a encomenda ter sido expedida, ser\u00e1 encaminhada para entrega e o utilizador poder\u00e1 escolher recusar-se em aceitar a mesma. A&nbsp;AIMM&nbsp;n\u00e3o \u00e9 respons\u00e1vel por poss\u00edveis atrasos no tratamento do cancelamento de encomendas.<\/p>\n\n\n\n<p>A&nbsp;AIMM&nbsp;reserva-se o direito de n\u00e3o processar encomendas ou reembolsos em casos de inconsist\u00eancia de dados, fraude ou m\u00e1 conduta do utilizador, assim como por quest\u00f5es t\u00e9cnicas alheias \u00e0&nbsp;AIMM.<\/p>\n\n\n\n<p><strong>Trocas e devolu\u00e7\u00f5es<br><\/strong>O processo de cancelamento ou devolu\u00e7\u00e3o \u00e9 tratado caso a caso, pela AIMM. O pedido dever\u00e1 chegar por escrito para o e-mail de contacto <a href=\"mailto:XXXX@XXX.PT\">info@aimmportugal.org<\/a>,&nbsp; at\u00e9 14 (catorze) dias ap\u00f3s a encomenda, sendo as instru\u00e7\u00f5es de cancelamento ou devolu\u00e7\u00e3o do valor pago e\/ou devolu\u00e7\u00e3o da mercadoria, respondidas e definidas pela AIMM, pelo mesmo meio de comunica\u00e7\u00e3o.<\/p>\n\n\n\n<p>Os produtos devem ser devolvidos intactos, selados, completos e dentro da embalagem original, a qual n\u00e3o poder\u00e1 estar danificada, alterada ou riscada. Se o(s) produto(s) devolvido(s) forem de tamanho reduzido, por favor, adapte uma embalagem proporcional.&nbsp; Ap\u00f3s rece\u00e7\u00e3o da devolu\u00e7\u00e3o na AIMM, ser\u00e1 devolvido ao utilizador o valor correspondente ao valor pago pelos produtos (exceptuando os valores dos portes de envio). Sempre que poss\u00edvel a devolu\u00e7\u00e3o dever\u00e1 realizar-se pela mesma via de pagamento, mas caso n\u00e3o seja poss\u00edvel, o utilizador dever\u00e1 apresentar comprovativos de pagamento e de titularidade de conta ou cart\u00e3o, para que se realize a devolu\u00e7\u00e3o por Transfer\u00eancia Banc\u00e1ria. A&nbsp; AIMM compromete-se a reembolsar o utilizador no prazo m\u00e1ximo de 10 dias.&nbsp;<\/p>\n\n\n\n<p>No caso de um pedido de devolu\u00e7\u00e3o de um produto comprado com pre\u00e7o reduzido, devido a uma oferta especial, a AIMM reembolsar\u00e1 o valor efetivamente pago pelo utilizador.<\/p>\n\n\n\n<p>No caso de compra de produtos digitais e\/ou dos cursos e workshops adquiridos na loja online da AIMM n\u00e3o se efetuam trocas ou devolu\u00e7\u00f5es.<\/p>\n\n\n\n<p><strong>Envio de encomendas<\/strong><br>O envio das encomendas realizar-se at\u00e9 7 dias \u00fateis ap\u00f3s a confirma\u00e7\u00e3o do pagamento da encomenda. A entrega \u00e9 realizada pela empresa CTT. <\/p>\n\n\n\n<p>A disponibiliza\u00e7\u00e3o do servi\u00e7o ser\u00e1 realizada ap\u00f3s a confirma\u00e7\u00e3o do pagamento efectuado. \u00c0 encomenda s\u00e3o acrescidos os custos de portes de envio, na finaliza\u00e7\u00e3o da compra. <\/p>\n\n\n\n<p><\/p>\n\n\n\n<ul class=\"wp-block-list\">\n<li>Portugal, Madeira e A\u00e7ores<\/li>\n<\/ul>\n\n\n<figure class=\"wp-block-table is-style-stripes\">\n<table class=\"has-black-color has-text-color has-background\" style=\"background-color: #c9eaff; width: 420px; height: 411px;\">\n<thead>\n<tr>\n<th><strong>Escal\u00e3o de Peso<\/strong><\/th>\n<th>Pre\u00e7o<\/th>\n<\/tr>\n<\/thead>\n<tbody>\n<tr>\n<td>at\u00e9 20 g<\/td>\n<td>3,60 \u20ac<\/td>\n<\/tr>\n<tr>\n<td>mais de 20 g &#8211; 50 g<\/td>\n<td>3,60 \u20ac<\/td>\n<\/tr>\n<tr>\n<td>mais de 50 g &#8211; 100 g<\/td>\n<td>3,60 \u20ac<\/td>\n<\/tr>\n<tr>\n<td>mais de 100 g &#8211; 500 g<\/td>\n<td>4,20 \u20ac<\/td>\n<\/tr>\n<tr>\n<td>mais de 500 g &#8211; 2 kg<\/td>\n<td>6,90 \u20ac<\/td>\n<\/tr>\n<\/tbody>\n<\/table>\n<\/figure>\n\n\n<ul class=\"wp-block-list\">\n<li>Resto da Europa<\/li>\n<\/ul>\n\n\n<figure class=\"wp-block-table is-style-stripes\">\n<table class=\"has-black-color has-text-color has-background\" style=\"background-color: #c9eaff; width: 420px; height: 431px;\">\n<thead>\n<tr>\n<th><strong>Escal\u00e3o de Peso<\/strong><\/th>\n<th>Pre\u00e7o<\/th>\n<\/tr>\n<\/thead>\n<tbody>\n<tr>\n<td>at\u00e9 20 g<\/td>\n<td>5,95 \u20ac<\/td>\n<\/tr>\n<tr>\n<td>20 g &#8211; 50 g<\/td>\n<td>5,95 \u20ac<\/td>\n<\/tr>\n<tr>\n<td>50 g &#8211; 100 g<\/td>\n<td>5,95 \u20ac<\/td>\n<\/tr>\n<tr>\n<td>100 g &#8211; 250 g<\/td>\n<td>6,90 \u20ac<\/td>\n<\/tr>\n<tr>\n<td>250 g &#8211; 500 g<\/td>\n<td>8,90 \u20ac<\/td>\n<\/tr>\n<tr>\n<td>500 g &#8211; 1 kg<\/td>\n<td>12,50 \u20ac<\/td>\n<\/tr>\n<tr>\n<td>1 k &#8211; 2 kg<\/td>\n<td>18,60 \u20ac<\/td>\n<\/tr>\n<\/tbody>\n<\/table>\n<\/figure>\n\n\n<ul class=\"wp-block-list\">\n<li>Resto do mundo (excepto USA)<\/li>\n<\/ul>\n\n\n<figure class=\"wp-block-table is-style-stripes\">\n<table class=\"has-black-color has-text-color has-background\" style=\"background-color: #c9eaff; width: 420px; height: 431px;\">\n<thead>\n<tr>\n<th><strong>Escal\u00e3o de Peso<\/strong><\/th>\n<th>Pre\u00e7o<\/th>\n<\/tr>\n<\/thead>\n<tbody>\n<tr>\n<td>at\u00e9 20 g<\/td>\n<td>5,90 \u20ac<\/td>\n<\/tr>\n<tr>\n<td>21 g &#8211; 50 g<\/td>\n<td>5,90 \u20ac<\/td>\n<\/tr>\n<tr>\n<td>50 g &#8211; 100 g<\/td>\n<td>5,90 \u20ac<\/td>\n<\/tr>\n<tr>\n<td>100 g &#8211; 250 g<\/td>\n<td>8,15 \u20ac<\/td>\n<\/tr>\n<tr>\n<td>250 g &#8211; 500 g<\/td>\n<td>12,05 \u20ac<\/td>\n<\/tr>\n<tr>\n<td>500 g &#8211; 1 kg<\/td>\n<td>19,80 \u20ac<\/td>\n<\/tr>\n<tr>\n<td>1 k &#8211; 2 kg<\/td>\n<td>30,45 \u20ac<\/td>\n<\/tr>\n<\/tbody>\n<\/table>\n<\/figure>\n\n\n<ul class=\"wp-block-list\">\n<li>USA<\/li>\n<\/ul>\n\n\n<figure class=\"wp-block-table is-style-stripes\">\n<table class=\"has-black-color has-text-color has-background\" style=\"background-color: #c9eaff; width: 420px; height: 432px;\">\n<thead>\n<tr>\n<th><strong>Escal\u00e3o de Peso<\/strong><\/th>\n<th>Pre\u00e7o<\/th>\n<\/tr>\n<\/thead>\n<tbody>\n<tr>\n<td>at\u00e9 20 g<\/td>\n<td>7,25 \u20ac<\/td>\n<\/tr>\n<tr>\n<td>21 g &#8211; 50 g<\/td>\n<td>7,25 \u20ac<\/td>\n<\/tr>\n<tr>\n<td>50 g &#8211; 100 g<\/td>\n<td>7,25 \u20ac<\/td>\n<\/tr>\n<tr>\n<td>100 g &#8211; 250 g<\/td>\n<td>9,75 \u20ac<\/td>\n<\/tr>\n<tr>\n<td>250 g &#8211; 500 g<\/td>\n<td>14,30 \u20ac<\/td>\n<\/tr>\n<tr>\n<td>500 g &#8211; 1 kg<\/td>\n<td>23,00 \u20ac<\/td>\n<\/tr>\n<tr>\n<td>1 k &#8211; 2 kg<\/td>\n<td>32,65 \u20ac<\/td>\n<\/tr>\n<\/tbody>\n<\/table>\n<\/figure>\n\n\n<h3 class=\"wp-block-heading\">Reclama\u00e7\u00f5es<\/h3>\n\n\n\n<p>O utilizador poder\u00e1 apresentar uma reclama\u00e7\u00e3o relativa a qualquer quest\u00e3o, ato, informa\u00e7\u00e3o ou servi\u00e7o prestado referentes \u00e0&nbsp;AIMM&nbsp;atrav\u00e9s do contacto de e-mail <a href=\"mailto:info@aimmportugal.org\">info@aimmportugal.org<\/a>&nbsp;ou atrav\u00e9s do Livro de reclama\u00e7\u00f5es eletr\u00f3nico dispon\u00edvel pelo link:&nbsp;<a href=\"https:\/\/www.livroreclamacoes.pt\/\">https:\/\/www.livroreclamacoes.pt<\/a>.<\/p>\n\n\n\n<h3 class=\"wp-block-heading\">Aviso de responsabilidade<\/h3>\n\n\n\n<p>Ao criar e usar a conta na&nbsp;AIMM, o utilizador \u00e9 respons\u00e1vel pela manuten\u00e7\u00e3o da conta, confidencialidade e por toda a atividade proveniente da sua conta. Ao criar a conta de utilizador e ao efetuar encomendas, o utilizador aceita expressa e inequivocamente os Termos e Condi\u00e7\u00f5es na sua vers\u00e3o mais atualizada.<\/p>\n\n\n\n<p>A&nbsp;AIMM&nbsp;n\u00e3o \u00e9 respons\u00e1vel por eventuais informa\u00e7\u00f5es divulgadas por terceiros, falhas t\u00e9cnicas ou quaisquer outros problemas que impe\u00e7am o acesso e bom funcionamento do website e loja online. A&nbsp;AIMM&nbsp;n\u00e3o \u00e9 respons\u00e1vel por poss\u00edveis danos, direta ou indiretamente relacionados com o uso, ou incapacidade de uso, dos produtos e\/ou servi\u00e7os disponibilizados, assim como por qualquer atraso ou imprevisto na entrega de encomendas.<\/p>\n\n\n\n<h3 class=\"wp-block-heading\">Tratamento e seguran\u00e7a de dados pessoais<\/h3>\n\n\n\n<p>Em cumprimento do disposto na Lei de Prote\u00e7\u00e3o de Dados Pessoais, o utilizador do website e loja online da AIMM poder\u00e1, a qualquer momento, exercer os direitos de acesso, retifica\u00e7\u00e3o, cancelamento e comunica\u00e7\u00e3o dos seus dados atrav\u00e9s das seguintes formas: na \u00e1rea do site designada por \u201cMinha conta\u201d ou atrav\u00e9s do email <a href=\"mailto:info@aimmportugal.org\">info@aimmportugal.org<\/a>. Se pretender anular o seu e-mail deve efetuar essa anula\u00e7\u00e3o atrav\u00e9s do endere\u00e7o de e-mail que se encontra na nossa base de dados, de outra forma ficaremos impossibilitados de o remover.<\/p>\n\n\n\n<p>O utilizador autoriza a AIMM a processar de modo automatizado os seus dados pessoais, incluindo todos os divulgados no momento do registo no site, para os fins necess\u00e1rios \u00e0 rela\u00e7\u00e3o com o utilizador, gest\u00e3o e execu\u00e7\u00e3o das compras e respetivos registos, controlo de acessos, incluindo a utiliza\u00e7\u00e3o da tecnologia &#8220;cookies&#8221;, podendo os mesmos ser acedidos por prestadores de servi\u00e7os e fornecedores da AIMM, designadamente, empresas de contabilidade e de auditoria.<\/p>\n\n\n\n<p>Por favor, verifique a <a href=\"https:\/\/aimmportugal.org\/pt\/politica-privacidade\" target=\"_blank\" rel=\"noreferrer noopener\">Pol\u00edtica de Privacidade<\/a>.<\/p>\n\n\n\n<h3 class=\"wp-block-heading\">Lei aplic\u00e1vel \u2013 jurisdi\u00e7\u00e3o<\/h3>\n\n\n\n<p>Estes Termos e Condi\u00e7\u00f5es est\u00e3o sujeitos \u00e0 Lei portuguesa e legisla\u00e7\u00e3o em vigor.<\/p>\n","protected":false},"excerpt":{"rendered":"<p>A AIMM \u2013 Associa\u00e7\u00e3o para Investiga\u00e7\u00e3o do Meio Marinho,&nbsp;\u00e9 uma organiza\u00e7\u00e3o Portuguesa n\u00e3o governamental e sem fins lucrativos dedicada \u00e0 investiga\u00e7\u00e3o e conserva\u00e7\u00e3o de esp\u00e9cies marinhas e seus ecossistemas, especialmente de esp\u00e9cies que habitam no [&hellip;]<\/p>\n","protected":false},"author":1,"featured_media":0,"parent":0,"menu_order":35,"comment_status":"closed","ping_status":"closed","template":"","meta":{"give_campaign_id":0,"footnotes":""},"class_list":["post-4219","page","type-page","status-publish","hentry"],"acf":[],"yoast_head":"<!-- This site is optimized with the Yoast SEO plugin v26.5 - https:\/\/yoast.com\/wordpress\/plugins\/seo\/ -->\n<title>Termos &amp; Condi\u00e7\u00f5es - AIMM<\/title>\n<meta name=\"robots\" content=\"noindex, follow\" \/>\n<meta property=\"og:locale\" content=\"pt_PT\" \/>\n<meta property=\"og:type\" content=\"article\" \/>\n<meta property=\"og:title\" content=\"Termos &amp; Condi\u00e7\u00f5es - AIMM\" \/>\n<meta property=\"og:description\" content=\"A AIMM \u2013 Associa\u00e7\u00e3o para Investiga\u00e7\u00e3o do Meio Marinho,&nbsp;\u00e9 uma organiza\u00e7\u00e3o Portuguesa n\u00e3o governamental e sem fins lucrativos dedicada \u00e0 investiga\u00e7\u00e3o e conserva\u00e7\u00e3o de esp\u00e9cies marinhas e seus ecossistemas, especialmente de esp\u00e9cies que habitam no [&hellip;]\" \/>\n<meta property=\"og:url\" content=\"https:\/\/aimmportugal.org\/pt\/termos-condicoes\/\" \/>\n<meta property=\"og:site_name\" content=\"AIMM\" \/>\n<meta property=\"article:modified_time\" content=\"2023-08-04T14:20:57+00:00\" \/>\n<meta name=\"twitter:card\" content=\"summary_large_image\" \/>\n<meta name=\"twitter:label1\" content=\"Tempo estimado de leitura\" \/>\n\t<meta name=\"twitter:data1\" content=\"7 minutos\" \/>\n<script type=\"application\/ld+json\" class=\"yoast-schema-graph\">{\"@context\":\"https:\/\/schema.org\",\"@graph\":[{\"@type\":\"WebPage\",\"@id\":\"https:\/\/aimmportugal.org\/pt\/termos-condicoes\/\",\"url\":\"https:\/\/aimmportugal.org\/pt\/termos-condicoes\/\",\"name\":\"Termos & Condi\u00e7\u00f5es - AIMM\",\"isPartOf\":{\"@id\":\"https:\/\/aimmportugal.org\/pt\/#website\"},\"datePublished\":\"2021-10-29T10:31:18+00:00\",\"dateModified\":\"2023-08-04T14:20:57+00:00\",\"breadcrumb\":{\"@id\":\"https:\/\/aimmportugal.org\/pt\/termos-condicoes\/#breadcrumb\"},\"inLanguage\":\"pt-PT\",\"potentialAction\":[{\"@type\":\"ReadAction\",\"target\":[\"https:\/\/aimmportugal.org\/pt\/termos-condicoes\/\"]}]},{\"@type\":\"BreadcrumbList\",\"@id\":\"https:\/\/aimmportugal.org\/pt\/termos-condicoes\/#breadcrumb\",\"itemListElement\":[{\"@type\":\"ListItem\",\"position\":1,\"name\":\"\",\"item\":\"https:\/\/aimmportugal.org\/pt\/\"},{\"@type\":\"ListItem\",\"position\":2,\"name\":\"Termos &#038; Condi\u00e7\u00f5es\"}]},{\"@type\":\"WebSite\",\"@id\":\"https:\/\/aimmportugal.org\/pt\/#website\",\"url\":\"https:\/\/aimmportugal.org\/pt\/\",\"name\":\"AIMM\",\"description\":\"Marine Environment Research Association\",\"publisher\":{\"@id\":\"https:\/\/aimmportugal.org\/pt\/#organization\"},\"potentialAction\":[{\"@type\":\"SearchAction\",\"target\":{\"@type\":\"EntryPoint\",\"urlTemplate\":\"https:\/\/aimmportugal.org\/pt\/?s={search_term_string}\"},\"query-input\":{\"@type\":\"PropertyValueSpecification\",\"valueRequired\":true,\"valueName\":\"search_term_string\"}}],\"inLanguage\":\"pt-PT\"},{\"@type\":\"Organization\",\"@id\":\"https:\/\/aimmportugal.org\/pt\/#organization\",\"name\":\"AIMM Portugal\",\"url\":\"https:\/\/aimmportugal.org\/pt\/\",\"logo\":{\"@type\":\"ImageObject\",\"inLanguage\":\"pt-PT\",\"@id\":\"https:\/\/aimmportugal.org\/pt\/#\/schema\/logo\/image\/\",\"url\":\"https:\/\/aimmportugal.org\/wp-content\/uploads\/2021\/07\/logo_AIMM_bilingue_blue.png\",\"contentUrl\":\"https:\/\/aimmportugal.org\/wp-content\/uploads\/2021\/07\/logo_AIMM_bilingue_blue.png\",\"width\":2560,\"height\":1484,\"caption\":\"AIMM Portugal\"},\"image\":{\"@id\":\"https:\/\/aimmportugal.org\/pt\/#\/schema\/logo\/image\/\"}}]}<\/script>\n<!-- \/ Yoast SEO plugin. -->","yoast_head_json":{"title":"Termos & Condi\u00e7\u00f5es - AIMM","robots":{"index":"noindex","follow":"follow"},"og_locale":"pt_PT","og_type":"article","og_title":"Termos & Condi\u00e7\u00f5es - AIMM","og_description":"A AIMM \u2013 Associa\u00e7\u00e3o para Investiga\u00e7\u00e3o do Meio Marinho,&nbsp;\u00e9 uma organiza\u00e7\u00e3o Portuguesa n\u00e3o governamental e sem fins lucrativos dedicada \u00e0 investiga\u00e7\u00e3o e conserva\u00e7\u00e3o de esp\u00e9cies marinhas e seus ecossistemas, especialmente de esp\u00e9cies que habitam no [&hellip;]","og_url":"https:\/\/aimmportugal.org\/pt\/termos-condicoes\/","og_site_name":"AIMM","article_modified_time":"2023-08-04T14:20:57+00:00","twitter_card":"summary_large_image","twitter_misc":{"Tempo estimado de leitura":"7 minutos"},"schema":{"@context":"https:\/\/schema.org","@graph":[{"@type":"WebPage","@id":"https:\/\/aimmportugal.org\/pt\/termos-condicoes\/","url":"https:\/\/aimmportugal.org\/pt\/termos-condicoes\/","name":"Termos & Condi\u00e7\u00f5es - AIMM","isPartOf":{"@id":"https:\/\/aimmportugal.org\/pt\/#website"},"datePublished":"2021-10-29T10:31:18+00:00","dateModified":"2023-08-04T14:20:57+00:00","breadcrumb":{"@id":"https:\/\/aimmportugal.org\/pt\/termos-condicoes\/#breadcrumb"},"inLanguage":"pt-PT","potentialAction":[{"@type":"ReadAction","target":["https:\/\/aimmportugal.org\/pt\/termos-condicoes\/"]}]},{"@type":"BreadcrumbList","@id":"https:\/\/aimmportugal.org\/pt\/termos-condicoes\/#breadcrumb","itemListElement":[{"@type":"ListItem","position":1,"name":"","item":"https:\/\/aimmportugal.org\/pt\/"},{"@type":"ListItem","position":2,"name":"Termos &#038; Condi\u00e7\u00f5es"}]},{"@type":"WebSite","@id":"https:\/\/aimmportugal.org\/pt\/#website","url":"https:\/\/aimmportugal.org\/pt\/","name":"AIMM","description":"Marine Environment Research Association","publisher":{"@id":"https:\/\/aimmportugal.org\/pt\/#organization"},"potentialAction":[{"@type":"SearchAction","target":{"@type":"EntryPoint","urlTemplate":"https:\/\/aimmportugal.org\/pt\/?s={search_term_string}"},"query-input":{"@type":"PropertyValueSpecification","valueRequired":true,"valueName":"search_term_string"}}],"inLanguage":"pt-PT"},{"@type":"Organization","@id":"https:\/\/aimmportugal.org\/pt\/#organization","name":"AIMM Portugal","url":"https:\/\/aimmportugal.org\/pt\/","logo":{"@type":"ImageObject","inLanguage":"pt-PT","@id":"https:\/\/aimmportugal.org\/pt\/#\/schema\/logo\/image\/","url":"https:\/\/aimmportugal.org\/wp-content\/uploads\/2021\/07\/logo_AIMM_bilingue_blue.png","contentUrl":"https:\/\/aimmportugal.org\/wp-content\/uploads\/2021\/07\/logo_AIMM_bilingue_blue.png","width":2560,"height":1484,"caption":"AIMM Portugal"},"image":{"@id":"https:\/\/aimmportugal.org\/pt\/#\/schema\/logo\/image\/"}}]}},"campaignId":"","_links":{"self":[{"href":"https:\/\/aimmportugal.org\/pt\/wp-json\/wp\/v2\/pages\/4219","targetHints":{"allow":["GET"]}}],"collection":[{"href":"https:\/\/aimmportugal.org\/pt\/wp-json\/wp\/v2\/pages"}],"about":[{"href":"https:\/\/aimmportugal.org\/pt\/wp-json\/wp\/v2\/types\/page"}],"author":[{"embeddable":true,"href":"https:\/\/aimmportugal.org\/pt\/wp-json\/wp\/v2\/users\/1"}],"replies":[{"embeddable":true,"href":"https:\/\/aimmportugal.org\/pt\/wp-json\/wp\/v2\/comments?post=4219"}],"version-history":[{"count":5,"href":"https:\/\/aimmportugal.org\/pt\/wp-json\/wp\/v2\/pages\/4219\/revisions"}],"predecessor-version":[{"id":16760,"href":"https:\/\/aimmportugal.org\/pt\/wp-json\/wp\/v2\/pages\/4219\/revisions\/16760"}],"wp:attachment":[{"href":"https:\/\/aimmportugal.org\/pt\/wp-json\/wp\/v2\/media?parent=4219"}],"curies":[{"name":"wp","href":"https:\/\/api.w.org\/{rel}","templated":true}]}}