{"id":4214,"date":"2020-08-18T13:00:40","date_gmt":"2020-08-18T12:00:40","guid":{"rendered":"https:\/\/www.aimmportugal.org\/doar\/"},"modified":"2025-03-24T14:14:16","modified_gmt":"2025-03-24T14:14:16","slug":"doar","status":"publish","type":"page","link":"https:\/\/aimmportugal.org\/pt\/doar\/","title":{"rendered":"Doar"},"content":{"rendered":"\n<p class=\"has-text-align-center has-text-color has-medium-font-size\" style=\"color:#003451\">Torna-te num Her\u00f3i dos Oceanos ao <strong>fazer uma doa\u00e7\u00e3o<\/strong>, e ajuda-nos a preservar <strong>o meio marinho<\/strong>!<\/p>\n\n\n\n<div style=\"height:25px\" aria-hidden=\"true\" class=\"wp-block-spacer\"><\/div>\n\n\n\n<figure class=\"wp-block-image alignwide size-large\"><img loading=\"lazy\" decoding=\"async\" width=\"1024\" height=\"441\" src=\"https:\/\/aimmportugal.org\/wp-content\/uploads\/2022\/03\/donate-image-1024x441.jpg\" alt=\"\" class=\"wp-image-3657\" srcset=\"https:\/\/aimmportugal.org\/wp-content\/uploads\/2022\/03\/donate-image-1024x441.jpg 1024w, https:\/\/aimmportugal.org\/wp-content\/uploads\/2022\/03\/donate-image-300x129.jpg 300w, https:\/\/aimmportugal.org\/wp-content\/uploads\/2022\/03\/donate-image-768x331.jpg 768w, https:\/\/aimmportugal.org\/wp-content\/uploads\/2022\/03\/donate-image-1536x661.jpg 1536w, https:\/\/aimmportugal.org\/wp-content\/uploads\/2022\/03\/donate-image-2048x882.jpg 2048w, https:\/\/aimmportugal.org\/wp-content\/uploads\/2022\/03\/donate-image-324x140.jpg 324w, https:\/\/aimmportugal.org\/wp-content\/uploads\/2022\/03\/donate-image-416x179.jpg 416w\" sizes=\"auto, (max-width: 1024px) 100vw, 1024px\" \/><\/figure>\n\n\n\n<div style=\"height:25px\" aria-hidden=\"true\" class=\"wp-block-spacer\"><\/div>\n\n\n\n<p class=\"has-text-color\" style=\"color:#003451\">Existem v\u00e1rias maneiras de apoiar a nossa miss\u00e3o. Abaixo listamos algumas:<\/p>\n\n\n\n<ul class=\"wp-block-list\">\n<li>Adquirindo o nosso merchandising na nossa <a href=\"https:\/\/aimmportugal.org\/pt\/shop\/\">loja online<\/a>;<\/li>\n\n\n\n<li>Fazendo um donativo monet\u00e1rio (formul\u00e1rio abaixo);<\/li>\n\n\n\n<li>Financiando a manuten\u00e7\u00e3o de um dos nossos equipamentos;<\/li>\n\n\n\n<li>Fazendo uma doa\u00e7\u00e3o de equipamento em primeira\/segunda m\u00e3o (espreita a nossa <a href=\"https:\/\/aimmportugal.org\/pt\/lista-desejos\/\">lista de desejos<\/a>);<\/li>\n\n\n\n<li>Patrocinando a aquisi\u00e7\u00e3o de um equipamento.<\/li>\n<\/ul>\n\n\n\n<p class=\"has-text-color\" style=\"color:#003451\"><strong>Como forma de agradecer o teu apoio receber\u00e1s um certificado personalizado de doa\u00e7\u00e3o! <\/strong><u>A confirma\u00e7\u00e3o e emiss\u00e3o do certificado n\u00e3o s\u00e3o autom\u00e1ticas, por isso, pedimos compreens\u00e3o e que aguarde pelo menos dois dias \u00fateis para que possamos lhe enviar o seu certificado.<\/u><strong><br><\/strong>A tua contribui\u00e7\u00e3o garante que conseguimos manter os nossos esfor\u00e7os de divulga\u00e7\u00e3o e conserva\u00e7\u00e3o no Algarve.<br>Se sabes de alguma empresa ou algu\u00e9m que queira nos ajudar na nossa miss\u00e3o, entra em <a href=\"https:\/\/aimmportugal.org\/pt\/contact\/\">contato connosco<\/a>.<\/p>\n\n\n\n<p class=\"has-text-color\" style=\"color:#003451\"><strong>As doa\u00e7\u00f5es monet\u00e1rias podem ser feitas atrav\u00e9s de:<\/strong><\/p>\n\n\n\n<ul class=\"wp-block-list\">\n<li><a href=\"https:\/\/www.paypal.com\/donate\/?hosted_button_id=GNP2ACM4GNB68\" target=\"_blank\" rel=\"noreferrer noopener\">PayPal<\/a> (para o interns@aimmportugal.org)<\/li>\n\n\n\n<li>Tranfer\u00eancia banc\u00e1ria<\/li>\n\n\n\n<li>Formul\u00e1rio abaixo. <\/li>\n<\/ul>\n\n\n\n<p><strong>Detalhes para transfer\u00eancia banc\u00e1ria<\/strong>:<\/p>\n\n\n\n<p class=\"has-text-color\" style=\"color:#003451\"><strong>Nome do benefici\u00e1rio:<\/strong> AIMM &#8211; Associa\u00e7\u00e3o para a Investiga\u00e7\u00e3o do Meio Marinho<br><strong>IBAN:<\/strong> PT50 0018 0003 2272 0882 0201 5<br><strong>SWIFT code:<\/strong> TOTAPTPL<br><strong>Nome do Banco:<\/strong> Banco Santander Totta, SA<br><strong>Morada do Banco:<\/strong> Pra\u00e7a Alvalade 2 B, 1700-035 Lisboa, Portugal&nbsp;<\/p>\n\n\n\n<hr class=\"wp-block-separator has-css-opacity\"\/>\n\n\n<div class=\"give-embed-form-wrapper\" id=\"give-69d61570be272\"><iframe\n\t\t\t\tname=\"give-embed-form\"\n\t\t\t\tsrc=\"https:\/\/aimmportugal.org\/pt\/give\/donation-form\/?giveDonationFormInIframe=1\"\n\t\t\t\t\n\t\t\t\tdata-autoScroll=\"0\"\n\t\t\t\tonload=\"if( 'undefined' !== typeof Give ) { Give.initializeIframeResize(this) }\"\n\t\t\t\tstyle=\"border: 0;visibility: hidden;min-height: 598px;\"><\/iframe><div class=\"iframe-loader\">\n<div style=\"\n\t\theight: calc(100% - 28px);\n\t\twidth: calc(100% - 20px);\n\t\tmax-width: 552px;\n\t\tmargin: 10px auto 10px auto;\n\t\tbackground: transparent;\n\t\tborder-radius: 6px;\n\t\tdisplay: flex;\n\t\talign-items: center;\n\t\tjustify-content: center;\n\t\">\n    <div style=\"\n        pointer-events: none;\n        height: 90px;\n        width: 90px;\n        background-image: url(&quot;data:image\/svg+xml;charset=utf8,%3C?xml version='1.0' encoding='utf-8'?%3E%3C!-- Generator: Adobe Illustrator 24.1.0, SVG Export Plug-In . SVG Version: 6.00 Build 0) --%3E%3Csvg version='1.1' id='Layer_1' xmlns='http:\/\/www.w3.org\/2000\/svg' xmlns:xlink='http:\/\/www.w3.org\/1999\/xlink' x='0px' y='0px' viewBox='0 0 349 348' style='enable-background:new 0 0 349 348;' xml:space='preserve'%3E%3Cstyle type='text\/css'%3E .st0{fill:%2352deff;} %3C\/style%3E%3Cpath class='st0' d='M25.1,204.57c-13.38,0-24.47-10.6-24.97-24.08C0.04,178.09,0,175.97,0,174C0,77.78,78.28-0.5,174.5-0.5 c13.81,0,25,11.19,25,25s-11.19,25-25,25C105.85,49.5,50,105.35,50,174c0,1.37,0.03,2.85,0.1,4.65c0.51,13.8-10.27,25.39-24.07,25.9 C25.72,204.56,25.41,204.57,25.1,204.57z'\/%3E%3Cpath class='st0' d='M174.5,348.5c-13.81,0-25-11.19-25-25c0-13.81,11.19-25,25-25c68.65,0,124.5-55.85,124.5-124.5 c0-1.38-0.03-2.85-0.1-4.65c-0.51-13.8,10.26-25.4,24.06-25.91c13.83-0.53,25.4,10.26,25.91,24.06c0.09,2.39,0.13,4.51,0.13,6.49 C349,270.22,270.72,348.5,174.5,348.5z'\/%3E%3C\/svg%3E&quot;);\n        animation: spin 0.6s linear infinite;\n        \"><\/div>\n<\/div>\n<\/div><\/div>\n","protected":false},"excerpt":{"rendered":"<p>Torna-te num Her\u00f3i dos Oceanos ao fazer uma doa\u00e7\u00e3o, e ajuda-nos a preservar o meio marinho! Existem v\u00e1rias maneiras de apoiar a nossa miss\u00e3o. Abaixo listamos algumas: Como forma de agradecer o teu apoio receber\u00e1s [&hellip;]<\/p>\n","protected":false},"author":1,"featured_media":0,"parent":0,"menu_order":29,"comment_status":"closed","ping_status":"closed","template":"","meta":{"give_campaign_id":0,"footnotes":""},"class_list":["post-4214","page","type-page","status-publish","hentry"],"acf":[],"yoast_head":"<!-- This site is optimized with the Yoast SEO plugin v26.5 - https:\/\/yoast.com\/wordpress\/plugins\/seo\/ -->\n<title>Doar - AIMM<\/title>\n<meta name=\"robots\" content=\"index, follow, max-snippet:-1, max-image-preview:large, max-video-preview:-1\" \/>\n<link rel=\"canonical\" href=\"https:\/\/aimmportugal.org\/pt\/doar\/\" \/>\n<meta property=\"og:locale\" content=\"pt_PT\" \/>\n<meta property=\"og:type\" content=\"article\" \/>\n<meta property=\"og:title\" content=\"Doar - AIMM\" \/>\n<meta property=\"og:description\" content=\"Torna-te num Her\u00f3i dos Oceanos ao fazer uma doa\u00e7\u00e3o, e ajuda-nos a preservar o meio marinho! Existem v\u00e1rias maneiras de apoiar a nossa miss\u00e3o. Abaixo listamos algumas: Como forma de agradecer o teu apoio receber\u00e1s [&hellip;]\" \/>\n<meta property=\"og:url\" content=\"https:\/\/aimmportugal.org\/pt\/doar\/\" \/>\n<meta property=\"og:site_name\" content=\"AIMM\" \/>\n<meta property=\"article:modified_time\" content=\"2025-03-24T14:14:16+00:00\" \/>\n<meta property=\"og:image\" content=\"https:\/\/aimmportugal.org\/wp-content\/uploads\/2022\/03\/donate-image.jpg\" \/>\n\t<meta property=\"og:image:width\" content=\"2088\" \/>\n\t<meta property=\"og:image:height\" content=\"899\" \/>\n\t<meta property=\"og:image:type\" content=\"image\/jpeg\" \/>\n<meta name=\"twitter:card\" content=\"summary_large_image\" \/>\n<meta name=\"twitter:label1\" content=\"Tempo estimado de leitura\" \/>\n\t<meta name=\"twitter:data1\" content=\"2 minutos\" \/>\n<script type=\"application\/ld+json\" class=\"yoast-schema-graph\">{\"@context\":\"https:\/\/schema.org\",\"@graph\":[{\"@type\":\"WebPage\",\"@id\":\"https:\/\/aimmportugal.org\/pt\/doar\/\",\"url\":\"https:\/\/aimmportugal.org\/pt\/doar\/\",\"name\":\"Doar - AIMM\",\"isPartOf\":{\"@id\":\"https:\/\/aimmportugal.org\/pt\/#website\"},\"primaryImageOfPage\":{\"@id\":\"https:\/\/aimmportugal.org\/pt\/doar\/#primaryimage\"},\"image\":{\"@id\":\"https:\/\/aimmportugal.org\/pt\/doar\/#primaryimage\"},\"thumbnailUrl\":\"https:\/\/aimmportugal.org\/wp-content\/uploads\/2022\/03\/donate-image-1024x441.jpg\",\"datePublished\":\"2020-08-18T12:00:40+00:00\",\"dateModified\":\"2025-03-24T14:14:16+00:00\",\"breadcrumb\":{\"@id\":\"https:\/\/aimmportugal.org\/pt\/doar\/#breadcrumb\"},\"inLanguage\":\"pt-PT\",\"potentialAction\":[{\"@type\":\"ReadAction\",\"target\":[\"https:\/\/aimmportugal.org\/pt\/doar\/\"]}]},{\"@type\":\"ImageObject\",\"inLanguage\":\"pt-PT\",\"@id\":\"https:\/\/aimmportugal.org\/pt\/doar\/#primaryimage\",\"url\":\"https:\/\/aimmportugal.org\/wp-content\/uploads\/2022\/03\/donate-image-1024x441.jpg\",\"contentUrl\":\"https:\/\/aimmportugal.org\/wp-content\/uploads\/2022\/03\/donate-image-1024x441.jpg\"},{\"@type\":\"BreadcrumbList\",\"@id\":\"https:\/\/aimmportugal.org\/pt\/doar\/#breadcrumb\",\"itemListElement\":[{\"@type\":\"ListItem\",\"position\":1,\"name\":\"\",\"item\":\"https:\/\/aimmportugal.org\/pt\/\"},{\"@type\":\"ListItem\",\"position\":2,\"name\":\"Doar\"}]},{\"@type\":\"WebSite\",\"@id\":\"https:\/\/aimmportugal.org\/pt\/#website\",\"url\":\"https:\/\/aimmportugal.org\/pt\/\",\"name\":\"AIMM\",\"description\":\"Marine Environment Research Association\",\"publisher\":{\"@id\":\"https:\/\/aimmportugal.org\/pt\/#organization\"},\"potentialAction\":[{\"@type\":\"SearchAction\",\"target\":{\"@type\":\"EntryPoint\",\"urlTemplate\":\"https:\/\/aimmportugal.org\/pt\/?s={search_term_string}\"},\"query-input\":{\"@type\":\"PropertyValueSpecification\",\"valueRequired\":true,\"valueName\":\"search_term_string\"}}],\"inLanguage\":\"pt-PT\"},{\"@type\":\"Organization\",\"@id\":\"https:\/\/aimmportugal.org\/pt\/#organization\",\"name\":\"AIMM Portugal\",\"url\":\"https:\/\/aimmportugal.org\/pt\/\",\"logo\":{\"@type\":\"ImageObject\",\"inLanguage\":\"pt-PT\",\"@id\":\"https:\/\/aimmportugal.org\/pt\/#\/schema\/logo\/image\/\",\"url\":\"https:\/\/aimmportugal.org\/wp-content\/uploads\/2021\/07\/logo_AIMM_bilingue_blue.png\",\"contentUrl\":\"https:\/\/aimmportugal.org\/wp-content\/uploads\/2021\/07\/logo_AIMM_bilingue_blue.png\",\"width\":2560,\"height\":1484,\"caption\":\"AIMM Portugal\"},\"image\":{\"@id\":\"https:\/\/aimmportugal.org\/pt\/#\/schema\/logo\/image\/\"}}]}<\/script>\n<!-- \/ Yoast SEO plugin. -->","yoast_head_json":{"title":"Doar - AIMM","robots":{"index":"index","follow":"follow","max-snippet":"max-snippet:-1","max-image-preview":"max-image-preview:large","max-video-preview":"max-video-preview:-1"},"canonical":"https:\/\/aimmportugal.org\/pt\/doar\/","og_locale":"pt_PT","og_type":"article","og_title":"Doar - AIMM","og_description":"Torna-te num Her\u00f3i dos Oceanos ao fazer uma doa\u00e7\u00e3o, e ajuda-nos a preservar o meio marinho! Existem v\u00e1rias maneiras de apoiar a nossa miss\u00e3o. Abaixo listamos algumas: Como forma de agradecer o teu apoio receber\u00e1s [&hellip;]","og_url":"https:\/\/aimmportugal.org\/pt\/doar\/","og_site_name":"AIMM","article_modified_time":"2025-03-24T14:14:16+00:00","og_image":[{"width":2088,"height":899,"url":"https:\/\/aimmportugal.org\/wp-content\/uploads\/2022\/03\/donate-image.jpg","type":"image\/jpeg"}],"twitter_card":"summary_large_image","twitter_misc":{"Tempo estimado de leitura":"2 minutos"},"schema":{"@context":"https:\/\/schema.org","@graph":[{"@type":"WebPage","@id":"https:\/\/aimmportugal.org\/pt\/doar\/","url":"https:\/\/aimmportugal.org\/pt\/doar\/","name":"Doar - AIMM","isPartOf":{"@id":"https:\/\/aimmportugal.org\/pt\/#website"},"primaryImageOfPage":{"@id":"https:\/\/aimmportugal.org\/pt\/doar\/#primaryimage"},"image":{"@id":"https:\/\/aimmportugal.org\/pt\/doar\/#primaryimage"},"thumbnailUrl":"https:\/\/aimmportugal.org\/wp-content\/uploads\/2022\/03\/donate-image-1024x441.jpg","datePublished":"2020-08-18T12:00:40+00:00","dateModified":"2025-03-24T14:14:16+00:00","breadcrumb":{"@id":"https:\/\/aimmportugal.org\/pt\/doar\/#breadcrumb"},"inLanguage":"pt-PT","potentialAction":[{"@type":"ReadAction","target":["https:\/\/aimmportugal.org\/pt\/doar\/"]}]},{"@type":"ImageObject","inLanguage":"pt-PT","@id":"https:\/\/aimmportugal.org\/pt\/doar\/#primaryimage","url":"https:\/\/aimmportugal.org\/wp-content\/uploads\/2022\/03\/donate-image-1024x441.jpg","contentUrl":"https:\/\/aimmportugal.org\/wp-content\/uploads\/2022\/03\/donate-image-1024x441.jpg"},{"@type":"BreadcrumbList","@id":"https:\/\/aimmportugal.org\/pt\/doar\/#breadcrumb","itemListElement":[{"@type":"ListItem","position":1,"name":"","item":"https:\/\/aimmportugal.org\/pt\/"},{"@type":"ListItem","position":2,"name":"Doar"}]},{"@type":"WebSite","@id":"https:\/\/aimmportugal.org\/pt\/#website","url":"https:\/\/aimmportugal.org\/pt\/","name":"AIMM","description":"Marine Environment Research Association","publisher":{"@id":"https:\/\/aimmportugal.org\/pt\/#organization"},"potentialAction":[{"@type":"SearchAction","target":{"@type":"EntryPoint","urlTemplate":"https:\/\/aimmportugal.org\/pt\/?s={search_term_string}"},"query-input":{"@type":"PropertyValueSpecification","valueRequired":true,"valueName":"search_term_string"}}],"inLanguage":"pt-PT"},{"@type":"Organization","@id":"https:\/\/aimmportugal.org\/pt\/#organization","name":"AIMM Portugal","url":"https:\/\/aimmportugal.org\/pt\/","logo":{"@type":"ImageObject","inLanguage":"pt-PT","@id":"https:\/\/aimmportugal.org\/pt\/#\/schema\/logo\/image\/","url":"https:\/\/aimmportugal.org\/wp-content\/uploads\/2021\/07\/logo_AIMM_bilingue_blue.png","contentUrl":"https:\/\/aimmportugal.org\/wp-content\/uploads\/2021\/07\/logo_AIMM_bilingue_blue.png","width":2560,"height":1484,"caption":"AIMM Portugal"},"image":{"@id":"https:\/\/aimmportugal.org\/pt\/#\/schema\/logo\/image\/"}}]}},"campaignId":"","_links":{"self":[{"href":"https:\/\/aimmportugal.org\/pt\/wp-json\/wp\/v2\/pages\/4214","targetHints":{"allow":["GET"]}}],"collection":[{"href":"https:\/\/aimmportugal.org\/pt\/wp-json\/wp\/v2\/pages"}],"about":[{"href":"https:\/\/aimmportugal.org\/pt\/wp-json\/wp\/v2\/types\/page"}],"author":[{"embeddable":true,"href":"https:\/\/aimmportugal.org\/pt\/wp-json\/wp\/v2\/users\/1"}],"replies":[{"embeddable":true,"href":"https:\/\/aimmportugal.org\/pt\/wp-json\/wp\/v2\/comments?post=4214"}],"version-history":[{"count":16,"href":"https:\/\/aimmportugal.org\/pt\/wp-json\/wp\/v2\/pages\/4214\/revisions"}],"predecessor-version":[{"id":249709,"href":"https:\/\/aimmportugal.org\/pt\/wp-json\/wp\/v2\/pages\/4214\/revisions\/249709"}],"wp:attachment":[{"href":"https:\/\/aimmportugal.org\/pt\/wp-json\/wp\/v2\/media?parent=4214"}],"curies":[{"name":"wp","href":"https:\/\/api.w.org\/{rel}","templated":true}]}}