{"id":4204,"date":"2020-08-18T12:57:36","date_gmt":"2020-08-18T11:57:36","guid":{"rendered":"https:\/\/www.aimmportugal.org\/sobre-nos\/"},"modified":"2025-12-04T18:06:59","modified_gmt":"2025-12-04T18:06:59","slug":"sobre-nos","status":"publish","type":"page","link":"https:\/\/aimmportugal.org\/pt\/sobre-nos\/","title":{"rendered":"Sobre n\u00f3s"},"content":{"rendered":"\n<div class=\"wp-block-cover is-light\" style=\"min-height:355px;aspect-ratio:unset;\"><span aria-hidden=\"true\" class=\"wp-block-cover__background has-background-dim-0 has-background-dim\"><\/span><img loading=\"lazy\" decoding=\"async\" width=\"1800\" height=\"1053\" class=\"wp-block-cover__image-background wp-image-3222\" alt=\"\" src=\"https:\/\/aimmportugal.org\/wp-content\/uploads\/2022\/03\/boat.jpg\" style=\"object-position:48% 48%\" data-object-fit=\"cover\" data-object-position=\"48% 48%\" srcset=\"https:\/\/aimmportugal.org\/wp-content\/uploads\/2022\/03\/boat.jpg 1800w, https:\/\/aimmportugal.org\/wp-content\/uploads\/2022\/03\/boat-324x190.jpg 324w, https:\/\/aimmportugal.org\/wp-content\/uploads\/2022\/03\/boat-416x243.jpg 416w, https:\/\/aimmportugal.org\/wp-content\/uploads\/2022\/03\/boat-300x176.jpg 300w, https:\/\/aimmportugal.org\/wp-content\/uploads\/2022\/03\/boat-1024x599.jpg 1024w, https:\/\/aimmportugal.org\/wp-content\/uploads\/2022\/03\/boat-768x449.jpg 768w, https:\/\/aimmportugal.org\/wp-content\/uploads\/2022\/03\/boat-1536x899.jpg 1536w\" sizes=\"auto, (max-width: 1800px) 100vw, 1800px\" \/><div class=\"wp-block-cover__inner-container is-layout-flow wp-block-cover-is-layout-flow\">\n<p class=\"has-text-align-center has-large-font-size\"><\/p>\n<\/div><\/div>\n\n\n\n<div style=\"height:30px\" aria-hidden=\"true\" class=\"wp-block-spacer\"><\/div>\n\n\n\n<p>A AIMM \u00e9 uma organiza\u00e7\u00e3o ambiental portuguesa, n\u00e3o governamental e sem fins lucrativos, dedicada \u00e0 investiga\u00e7\u00e3o e conserva\u00e7\u00e3o de esp\u00e9cies e ecossistemas marinhos. Fundada em 2010 e sediada na regi\u00e3o do Algarve, a AIMM pretende ser uma refer\u00eancia na investiga\u00e7\u00e3o, conserva\u00e7\u00e3o e educa\u00e7\u00e3o do meio marinho,\u00a0promovendo atividades e estabelecendo parcerias que, de forma cooperativa, potenciem a compreens\u00e3o das quest\u00f5es relacionadas com o meio marinho. A AIMM tem desenvolvido a maior parte dos seus projetos na regi\u00e3o do Algarve, mas tamb\u00e9m noutras regi\u00f5es de Portugal e fora do pa\u00eds, nomeadamente no Atl\u00e2ntico.<\/p>\n\n\n\n<p>Trabalhamos em colabora\u00e7\u00e3o com entidades nacionais e internacionais, como agentes mar\u00edtimos, autoridades administrativas, empresas tur\u00edsticas de observa\u00e7\u00e3o de golfinhos, outras ONG e institui\u00e7\u00f5es p\u00fablicas. Em coopera\u00e7\u00e3o, tentamos promover um ambiente sustent\u00e1vel e mais seguro para as esp\u00e9cies marinhas presentes na \u00e1rea.<\/p>\n\n\n\n<h2 class=\"wp-block-heading\" id=\"our-mission\">A nossa Miss\u00e3o<\/h2>\n\n\n\n<p>Proteger as esp\u00e9cies marinhas e os seus ecossistemas atrav\u00e9s da investiga\u00e7\u00e3o cient\u00edfica, da conserva\u00e7\u00e3o e da educa\u00e7\u00e3o ambiental, oferecendo ao mesmo tempo oportunidades para que todos compreendam melhor o ambiente marinho.<\/p>\n\n\n\n<h2 class=\"wp-block-heading\" id=\"our-vision\">A nossa Vis\u00e3o<\/h2>\n\n\n\n<ul class=\"wp-block-list\">\n<li>Ser uma refer\u00eancia na investiga\u00e7\u00e3o, conserva\u00e7\u00e3o e educa\u00e7\u00e3o do meio marinho em Portugal e no estrangeiro, nomeadamente no Atl\u00e2ntico.<\/li>\n\n\n\n<li>Fornecer dados cient\u00edficos que promovam medidas eficazes de conserva\u00e7\u00e3o, pol\u00edticas de gest\u00e3o marinha e programas de monitoriza\u00e7\u00e3o.<\/li>\n\n\n\n<li>Incentivar um c\u00f3digo de conduta respons\u00e1vel e promover a educa\u00e7\u00e3o em atividades tur\u00edsticas relacionadas com os cet\u00e1ceos.<\/li>\n<\/ul>\n\n\n\n<div class=\"wp-block-media-text is-stacked-on-mobile\" style=\"grid-template-columns:40% auto\"><figure class=\"wp-block-media-text__media\"><img loading=\"lazy\" decoding=\"async\" width=\"300\" height=\"300\" src=\"https:\/\/aimmportugal.org\/wp-content\/uploads\/2023\/11\/sdg-wheel-300x300.png\" alt=\"\" class=\"wp-image-28157 size-medium\" srcset=\"https:\/\/aimmportugal.org\/wp-content\/uploads\/2023\/11\/sdg-wheel-300x300.png 300w, https:\/\/aimmportugal.org\/wp-content\/uploads\/2023\/11\/sdg-wheel-150x150.png 150w, https:\/\/aimmportugal.org\/wp-content\/uploads\/2023\/11\/sdg-wheel-324x324.png 324w, https:\/\/aimmportugal.org\/wp-content\/uploads\/2023\/11\/sdg-wheel-416x415.png 416w, https:\/\/aimmportugal.org\/wp-content\/uploads\/2023\/11\/sdg-wheel-100x100.png 100w, https:\/\/aimmportugal.org\/wp-content\/uploads\/2023\/11\/sdg-wheel.png 662w\" sizes=\"auto, (max-width: 300px) 100vw, 300px\" \/><\/figure><div class=\"wp-block-media-text__content\">\n<h2 class=\"wp-block-heading\">Agenda 2030 para o Desenvolvimento Sustent\u00e1vel<\/h2>\n\n\n\n<p>Os projetos cient\u00edficos e iniciativas educativas levadas a cabo pela AIMM pretendem cumprir a <a href=\"https:\/\/ods.pt\/ods\/\">Agenda 2030 das Na\u00e7\u00f5es Unidas (ONU) <\/a>para o Desenvolvimento Sustent\u00e1vel, composta por 17 Objetivos de Desenvolvimento Sustent\u00e1vel. A nossa a\u00e7\u00e3o e miss\u00e3o est\u00e1 especificamente inclu\u00edda no n\u00famero <a href=\"https:\/\/ods.pt\/objectivos\/4-educacao-de-qualidade\/\">4. Educa\u00e7\u00e3o de Qualidade<\/a>, n\u00famero <a href=\"https:\/\/ods.pt\/objectivos\/13-combater-as-alteracoes-climatericas\/\">13. A\u00e7\u00e3o Clim\u00e1tica<\/a> e n\u00famero <a href=\"https:\/\/ods.pt\/objectivos\/14-oceanos-mares-e-recursos-marinhos\/\">14. Proteger a Vida Marinha<\/a>.<\/p>\n<\/div><\/div>\n","protected":false},"excerpt":{"rendered":"<p>A AIMM \u00e9 uma organiza\u00e7\u00e3o ambiental portuguesa, n\u00e3o governamental e sem fins lucrativos, dedicada \u00e0 investiga\u00e7\u00e3o e conserva\u00e7\u00e3o de esp\u00e9cies e ecossistemas marinhos. Fundada em 2010 e sediada na regi\u00e3o do Algarve, a AIMM pretende [&hellip;]<\/p>\n","protected":false},"author":1,"featured_media":0,"parent":0,"menu_order":12,"comment_status":"closed","ping_status":"closed","template":"page-aboutus.php","meta":{"give_campaign_id":0,"footnotes":""},"class_list":["post-4204","page","type-page","status-publish","hentry"],"acf":[],"yoast_head":"<!-- This site is optimized with the Yoast SEO plugin v26.5 - https:\/\/yoast.com\/wordpress\/plugins\/seo\/ -->\n<title>Sobre n\u00f3s - AIMM<\/title>\n<meta name=\"robots\" content=\"index, follow, max-snippet:-1, max-image-preview:large, max-video-preview:-1\" \/>\n<link rel=\"canonical\" href=\"https:\/\/aimmportugal.org\/pt\/sobre-nos\/\" \/>\n<meta property=\"og:locale\" content=\"pt_PT\" \/>\n<meta property=\"og:type\" content=\"article\" \/>\n<meta property=\"og:title\" content=\"Sobre n\u00f3s - AIMM\" \/>\n<meta property=\"og:description\" content=\"A AIMM \u00e9 uma organiza\u00e7\u00e3o ambiental portuguesa, n\u00e3o governamental e sem fins lucrativos, dedicada \u00e0 investiga\u00e7\u00e3o e conserva\u00e7\u00e3o de esp\u00e9cies e ecossistemas marinhos. Fundada em 2010 e sediada na regi\u00e3o do Algarve, a AIMM pretende [&hellip;]\" \/>\n<meta property=\"og:url\" content=\"https:\/\/aimmportugal.org\/pt\/sobre-nos\/\" \/>\n<meta property=\"og:site_name\" content=\"AIMM\" \/>\n<meta property=\"article:modified_time\" content=\"2025-12-04T18:06:59+00:00\" \/>\n<meta property=\"og:image\" content=\"https:\/\/aimmportugal.org\/wp-content\/uploads\/2022\/03\/boat.jpg\" \/>\n\t<meta property=\"og:image:width\" content=\"1800\" \/>\n\t<meta property=\"og:image:height\" content=\"1053\" \/>\n\t<meta property=\"og:image:type\" content=\"image\/jpeg\" \/>\n<meta name=\"twitter:card\" content=\"summary_large_image\" \/>\n<meta name=\"twitter:label1\" content=\"Tempo estimado de leitura\" \/>\n\t<meta name=\"twitter:data1\" content=\"2 minutos\" \/>\n<script type=\"application\/ld+json\" class=\"yoast-schema-graph\">{\"@context\":\"https:\/\/schema.org\",\"@graph\":[{\"@type\":\"WebPage\",\"@id\":\"https:\/\/aimmportugal.org\/pt\/sobre-nos\/\",\"url\":\"https:\/\/aimmportugal.org\/pt\/sobre-nos\/\",\"name\":\"Sobre n\u00f3s - AIMM\",\"isPartOf\":{\"@id\":\"https:\/\/aimmportugal.org\/pt\/#website\"},\"primaryImageOfPage\":{\"@id\":\"https:\/\/aimmportugal.org\/pt\/sobre-nos\/#primaryimage\"},\"image\":{\"@id\":\"https:\/\/aimmportugal.org\/pt\/sobre-nos\/#primaryimage\"},\"thumbnailUrl\":\"https:\/\/aimmportugal.org\/wp-content\/uploads\/2022\/03\/boat.jpg\",\"datePublished\":\"2020-08-18T11:57:36+00:00\",\"dateModified\":\"2025-12-04T18:06:59+00:00\",\"breadcrumb\":{\"@id\":\"https:\/\/aimmportugal.org\/pt\/sobre-nos\/#breadcrumb\"},\"inLanguage\":\"pt-PT\",\"potentialAction\":[{\"@type\":\"ReadAction\",\"target\":[\"https:\/\/aimmportugal.org\/pt\/sobre-nos\/\"]}]},{\"@type\":\"ImageObject\",\"inLanguage\":\"pt-PT\",\"@id\":\"https:\/\/aimmportugal.org\/pt\/sobre-nos\/#primaryimage\",\"url\":\"https:\/\/aimmportugal.org\/wp-content\/uploads\/2022\/03\/boat.jpg\",\"contentUrl\":\"https:\/\/aimmportugal.org\/wp-content\/uploads\/2022\/03\/boat.jpg\"},{\"@type\":\"BreadcrumbList\",\"@id\":\"https:\/\/aimmportugal.org\/pt\/sobre-nos\/#breadcrumb\",\"itemListElement\":[{\"@type\":\"ListItem\",\"position\":1,\"name\":\"\",\"item\":\"https:\/\/aimmportugal.org\/pt\/\"},{\"@type\":\"ListItem\",\"position\":2,\"name\":\"Sobre n\u00f3s\"}]},{\"@type\":\"WebSite\",\"@id\":\"https:\/\/aimmportugal.org\/pt\/#website\",\"url\":\"https:\/\/aimmportugal.org\/pt\/\",\"name\":\"AIMM\",\"description\":\"Marine Environment Research Association\",\"publisher\":{\"@id\":\"https:\/\/aimmportugal.org\/pt\/#organization\"},\"potentialAction\":[{\"@type\":\"SearchAction\",\"target\":{\"@type\":\"EntryPoint\",\"urlTemplate\":\"https:\/\/aimmportugal.org\/pt\/?s={search_term_string}\"},\"query-input\":{\"@type\":\"PropertyValueSpecification\",\"valueRequired\":true,\"valueName\":\"search_term_string\"}}],\"inLanguage\":\"pt-PT\"},{\"@type\":\"Organization\",\"@id\":\"https:\/\/aimmportugal.org\/pt\/#organization\",\"name\":\"AIMM Portugal\",\"url\":\"https:\/\/aimmportugal.org\/pt\/\",\"logo\":{\"@type\":\"ImageObject\",\"inLanguage\":\"pt-PT\",\"@id\":\"https:\/\/aimmportugal.org\/pt\/#\/schema\/logo\/image\/\",\"url\":\"https:\/\/aimmportugal.org\/wp-content\/uploads\/2021\/07\/logo_AIMM_bilingue_blue.png\",\"contentUrl\":\"https:\/\/aimmportugal.org\/wp-content\/uploads\/2021\/07\/logo_AIMM_bilingue_blue.png\",\"width\":2560,\"height\":1484,\"caption\":\"AIMM Portugal\"},\"image\":{\"@id\":\"https:\/\/aimmportugal.org\/pt\/#\/schema\/logo\/image\/\"}}]}<\/script>\n<!-- \/ Yoast SEO plugin. -->","yoast_head_json":{"title":"Sobre n\u00f3s - AIMM","robots":{"index":"index","follow":"follow","max-snippet":"max-snippet:-1","max-image-preview":"max-image-preview:large","max-video-preview":"max-video-preview:-1"},"canonical":"https:\/\/aimmportugal.org\/pt\/sobre-nos\/","og_locale":"pt_PT","og_type":"article","og_title":"Sobre n\u00f3s - AIMM","og_description":"A AIMM \u00e9 uma organiza\u00e7\u00e3o ambiental portuguesa, n\u00e3o governamental e sem fins lucrativos, dedicada \u00e0 investiga\u00e7\u00e3o e conserva\u00e7\u00e3o de esp\u00e9cies e ecossistemas marinhos. Fundada em 2010 e sediada na regi\u00e3o do Algarve, a AIMM pretende [&hellip;]","og_url":"https:\/\/aimmportugal.org\/pt\/sobre-nos\/","og_site_name":"AIMM","article_modified_time":"2025-12-04T18:06:59+00:00","og_image":[{"width":1800,"height":1053,"url":"https:\/\/aimmportugal.org\/wp-content\/uploads\/2022\/03\/boat.jpg","type":"image\/jpeg"}],"twitter_card":"summary_large_image","twitter_misc":{"Tempo estimado de leitura":"2 minutos"},"schema":{"@context":"https:\/\/schema.org","@graph":[{"@type":"WebPage","@id":"https:\/\/aimmportugal.org\/pt\/sobre-nos\/","url":"https:\/\/aimmportugal.org\/pt\/sobre-nos\/","name":"Sobre n\u00f3s - AIMM","isPartOf":{"@id":"https:\/\/aimmportugal.org\/pt\/#website"},"primaryImageOfPage":{"@id":"https:\/\/aimmportugal.org\/pt\/sobre-nos\/#primaryimage"},"image":{"@id":"https:\/\/aimmportugal.org\/pt\/sobre-nos\/#primaryimage"},"thumbnailUrl":"https:\/\/aimmportugal.org\/wp-content\/uploads\/2022\/03\/boat.jpg","datePublished":"2020-08-18T11:57:36+00:00","dateModified":"2025-12-04T18:06:59+00:00","breadcrumb":{"@id":"https:\/\/aimmportugal.org\/pt\/sobre-nos\/#breadcrumb"},"inLanguage":"pt-PT","potentialAction":[{"@type":"ReadAction","target":["https:\/\/aimmportugal.org\/pt\/sobre-nos\/"]}]},{"@type":"ImageObject","inLanguage":"pt-PT","@id":"https:\/\/aimmportugal.org\/pt\/sobre-nos\/#primaryimage","url":"https:\/\/aimmportugal.org\/wp-content\/uploads\/2022\/03\/boat.jpg","contentUrl":"https:\/\/aimmportugal.org\/wp-content\/uploads\/2022\/03\/boat.jpg"},{"@type":"BreadcrumbList","@id":"https:\/\/aimmportugal.org\/pt\/sobre-nos\/#breadcrumb","itemListElement":[{"@type":"ListItem","position":1,"name":"","item":"https:\/\/aimmportugal.org\/pt\/"},{"@type":"ListItem","position":2,"name":"Sobre n\u00f3s"}]},{"@type":"WebSite","@id":"https:\/\/aimmportugal.org\/pt\/#website","url":"https:\/\/aimmportugal.org\/pt\/","name":"AIMM","description":"Marine Environment Research Association","publisher":{"@id":"https:\/\/aimmportugal.org\/pt\/#organization"},"potentialAction":[{"@type":"SearchAction","target":{"@type":"EntryPoint","urlTemplate":"https:\/\/aimmportugal.org\/pt\/?s={search_term_string}"},"query-input":{"@type":"PropertyValueSpecification","valueRequired":true,"valueName":"search_term_string"}}],"inLanguage":"pt-PT"},{"@type":"Organization","@id":"https:\/\/aimmportugal.org\/pt\/#organization","name":"AIMM Portugal","url":"https:\/\/aimmportugal.org\/pt\/","logo":{"@type":"ImageObject","inLanguage":"pt-PT","@id":"https:\/\/aimmportugal.org\/pt\/#\/schema\/logo\/image\/","url":"https:\/\/aimmportugal.org\/wp-content\/uploads\/2021\/07\/logo_AIMM_bilingue_blue.png","contentUrl":"https:\/\/aimmportugal.org\/wp-content\/uploads\/2021\/07\/logo_AIMM_bilingue_blue.png","width":2560,"height":1484,"caption":"AIMM Portugal"},"image":{"@id":"https:\/\/aimmportugal.org\/pt\/#\/schema\/logo\/image\/"}}]}},"campaignId":"","_links":{"self":[{"href":"https:\/\/aimmportugal.org\/pt\/wp-json\/wp\/v2\/pages\/4204","targetHints":{"allow":["GET"]}}],"collection":[{"href":"https:\/\/aimmportugal.org\/pt\/wp-json\/wp\/v2\/pages"}],"about":[{"href":"https:\/\/aimmportugal.org\/pt\/wp-json\/wp\/v2\/types\/page"}],"author":[{"embeddable":true,"href":"https:\/\/aimmportugal.org\/pt\/wp-json\/wp\/v2\/users\/1"}],"replies":[{"embeddable":true,"href":"https:\/\/aimmportugal.org\/pt\/wp-json\/wp\/v2\/comments?post=4204"}],"version-history":[{"count":72,"href":"https:\/\/aimmportugal.org\/pt\/wp-json\/wp\/v2\/pages\/4204\/revisions"}],"predecessor-version":[{"id":555091,"href":"https:\/\/aimmportugal.org\/pt\/wp-json\/wp\/v2\/pages\/4204\/revisions\/555091"}],"wp:attachment":[{"href":"https:\/\/aimmportugal.org\/pt\/wp-json\/wp\/v2\/media?parent=4204"}],"curies":[{"name":"wp","href":"https:\/\/api.w.org\/{rel}","templated":true}]}}