{"id":4192,"date":"2020-08-18T12:58:42","date_gmt":"2020-08-18T11:58:42","guid":{"rendered":"https:\/\/www.aimmportugal.org\/oportunidades\/"},"modified":"2022-04-01T12:01:33","modified_gmt":"2022-04-01T11:01:33","slug":"oportunidades","status":"publish","type":"page","link":"https:\/\/aimmportugal.org\/pt\/oportunidades\/","title":{"rendered":"Oportunidades"},"content":{"rendered":"\n<div class=\"wp-block-cover is-light\" style=\"min-height:224px;aspect-ratio:unset;\"><span aria-hidden=\"true\" class=\"has-background-dim-0 wp-block-cover__gradient-background has-background-dim\"><\/span><img loading=\"lazy\" decoding=\"async\" width=\"2560\" height=\"1707\" class=\"wp-block-cover__image-background wp-image-2413\" alt=\"\" src=\"https:\/\/aimmportugal.org\/wp-content\/uploads\/2022\/02\/Opportunities-scaled.jpg\" style=\"object-position:66% 31%\" data-object-fit=\"cover\" data-object-position=\"66% 31%\" srcset=\"https:\/\/aimmportugal.org\/wp-content\/uploads\/2022\/02\/Opportunities-scaled.jpg 2560w, https:\/\/aimmportugal.org\/wp-content\/uploads\/2022\/02\/Opportunities-scaled-324x216.jpg 324w, https:\/\/aimmportugal.org\/wp-content\/uploads\/2022\/02\/Opportunities-scaled-416x277.jpg 416w, https:\/\/aimmportugal.org\/wp-content\/uploads\/2022\/02\/Opportunities-300x200.jpg 300w, https:\/\/aimmportugal.org\/wp-content\/uploads\/2022\/02\/Opportunities-1024x683.jpg 1024w, https:\/\/aimmportugal.org\/wp-content\/uploads\/2022\/02\/Opportunities-768x512.jpg 768w, https:\/\/aimmportugal.org\/wp-content\/uploads\/2022\/02\/Opportunities-1536x1024.jpg 1536w, https:\/\/aimmportugal.org\/wp-content\/uploads\/2022\/02\/Opportunities-2048x1365.jpg 2048w\" sizes=\"auto, (max-width: 2560px) 100vw, 2560px\" \/><div class=\"wp-block-cover__inner-container is-layout-flow wp-block-cover-is-layout-flow\">\n<p class=\"has-text-align-center has-large-font-size\"><\/p>\n<\/div><\/div>\n\n\n\n<div style=\"height:50px\" aria-hidden=\"true\" class=\"wp-block-spacer\"><\/div>\n\n\n\n<p>N\u00f3s sabemos que come\u00e7ar uma carreira como bi\u00f3logo marinho ou na \u00e1rea dos mam\u00edferos marinhos pode ser muito desafiante e requer muita dedica\u00e7\u00e3o. Na AIMM oferecemos uma ampla variedade de forma\u00e7\u00f5es para te ajudar a ganhar experi\u00eancia e aprofundares conhecimentos \u2013 desde o Curso Intensivo de Investiga\u00e7\u00e3o de Golfinhos at\u00e9 v\u00e1rios cursos te\u00f3rico-pr\u00e1ticos e workshops. Al\u00e9m destes programas educacionais, sempre que poss\u00edvel tamb\u00e9m apoiamos estudantes que queiram desenvolver as suas teses e outros projetos de investiga\u00e7\u00e3o.<\/p>\n\n\n\n<hr class=\"wp-block-separator\"\/>\n\n\n\n<h2 class=\"has-text-align-left wp-block-heading\"><\/h2>\n\n\n\n<p><\/p>\n","protected":false},"excerpt":{"rendered":"<p>N\u00f3s sabemos que come\u00e7ar uma carreira como bi\u00f3logo marinho ou na \u00e1rea dos mam\u00edferos marinhos pode ser muito desafiante e requer muita dedica\u00e7\u00e3o. Na AIMM oferecemos uma ampla variedade de forma\u00e7\u00f5es para te ajudar a [&hellip;]<\/p>\n","protected":false},"author":1,"featured_media":0,"parent":0,"menu_order":6,"comment_status":"closed","ping_status":"closed","template":"page-opportunities.php","meta":{"give_campaign_id":0,"footnotes":""},"class_list":["post-4192","page","type-page","status-publish","hentry"],"acf":[],"yoast_head":"<!-- This site is optimized with the Yoast SEO plugin v26.5 - https:\/\/yoast.com\/wordpress\/plugins\/seo\/ -->\n<title>Oportunidades - AIMM<\/title>\n<meta name=\"robots\" content=\"index, follow, max-snippet:-1, max-image-preview:large, max-video-preview:-1\" \/>\n<link rel=\"canonical\" href=\"https:\/\/aimmportugal.org\/pt\/oportunidades\/\" \/>\n<meta property=\"og:locale\" content=\"pt_PT\" \/>\n<meta property=\"og:type\" content=\"article\" \/>\n<meta property=\"og:title\" content=\"Oportunidades - AIMM\" \/>\n<meta property=\"og:description\" content=\"N\u00f3s sabemos que come\u00e7ar uma carreira como bi\u00f3logo marinho ou na \u00e1rea dos mam\u00edferos marinhos pode ser muito desafiante e requer muita dedica\u00e7\u00e3o. Na AIMM oferecemos uma ampla variedade de forma\u00e7\u00f5es para te ajudar a [&hellip;]\" \/>\n<meta property=\"og:url\" content=\"https:\/\/aimmportugal.org\/pt\/oportunidades\/\" \/>\n<meta property=\"og:site_name\" content=\"AIMM\" \/>\n<meta property=\"article:modified_time\" content=\"2022-04-01T11:01:33+00:00\" \/>\n<meta property=\"og:image\" content=\"https:\/\/aimmportugal.org\/wp-content\/uploads\/2022\/02\/Opportunities-scaled.jpg\" \/>\n<meta name=\"twitter:card\" content=\"summary_large_image\" \/>\n<meta name=\"twitter:label1\" content=\"Tempo estimado de leitura\" \/>\n\t<meta name=\"twitter:data1\" content=\"1 minuto\" \/>\n<script type=\"application\/ld+json\" class=\"yoast-schema-graph\">{\"@context\":\"https:\/\/schema.org\",\"@graph\":[{\"@type\":\"WebPage\",\"@id\":\"https:\/\/aimmportugal.org\/pt\/oportunidades\/\",\"url\":\"https:\/\/aimmportugal.org\/pt\/oportunidades\/\",\"name\":\"Oportunidades - AIMM\",\"isPartOf\":{\"@id\":\"https:\/\/aimmportugal.org\/pt\/#website\"},\"primaryImageOfPage\":{\"@id\":\"https:\/\/aimmportugal.org\/pt\/oportunidades\/#primaryimage\"},\"image\":{\"@id\":\"https:\/\/aimmportugal.org\/pt\/oportunidades\/#primaryimage\"},\"thumbnailUrl\":\"https:\/\/aimmportugal.org\/wp-content\/uploads\/2022\/02\/Opportunities-scaled.jpg\",\"datePublished\":\"2020-08-18T11:58:42+00:00\",\"dateModified\":\"2022-04-01T11:01:33+00:00\",\"breadcrumb\":{\"@id\":\"https:\/\/aimmportugal.org\/pt\/oportunidades\/#breadcrumb\"},\"inLanguage\":\"pt-PT\",\"potentialAction\":[{\"@type\":\"ReadAction\",\"target\":[\"https:\/\/aimmportugal.org\/pt\/oportunidades\/\"]}]},{\"@type\":\"ImageObject\",\"inLanguage\":\"pt-PT\",\"@id\":\"https:\/\/aimmportugal.org\/pt\/oportunidades\/#primaryimage\",\"url\":\"https:\/\/aimmportugal.org\/wp-content\/uploads\/2022\/02\/Opportunities-scaled.jpg\",\"contentUrl\":\"https:\/\/aimmportugal.org\/wp-content\/uploads\/2022\/02\/Opportunities-scaled.jpg\"},{\"@type\":\"BreadcrumbList\",\"@id\":\"https:\/\/aimmportugal.org\/pt\/oportunidades\/#breadcrumb\",\"itemListElement\":[{\"@type\":\"ListItem\",\"position\":1,\"name\":\"\",\"item\":\"https:\/\/aimmportugal.org\/pt\/\"},{\"@type\":\"ListItem\",\"position\":2,\"name\":\"Oportunidades\"}]},{\"@type\":\"WebSite\",\"@id\":\"https:\/\/aimmportugal.org\/pt\/#website\",\"url\":\"https:\/\/aimmportugal.org\/pt\/\",\"name\":\"AIMM\",\"description\":\"Marine Environment Research Association\",\"publisher\":{\"@id\":\"https:\/\/aimmportugal.org\/pt\/#organization\"},\"potentialAction\":[{\"@type\":\"SearchAction\",\"target\":{\"@type\":\"EntryPoint\",\"urlTemplate\":\"https:\/\/aimmportugal.org\/pt\/?s={search_term_string}\"},\"query-input\":{\"@type\":\"PropertyValueSpecification\",\"valueRequired\":true,\"valueName\":\"search_term_string\"}}],\"inLanguage\":\"pt-PT\"},{\"@type\":\"Organization\",\"@id\":\"https:\/\/aimmportugal.org\/pt\/#organization\",\"name\":\"AIMM Portugal\",\"url\":\"https:\/\/aimmportugal.org\/pt\/\",\"logo\":{\"@type\":\"ImageObject\",\"inLanguage\":\"pt-PT\",\"@id\":\"https:\/\/aimmportugal.org\/pt\/#\/schema\/logo\/image\/\",\"url\":\"https:\/\/aimmportugal.org\/wp-content\/uploads\/2021\/07\/logo_AIMM_bilingue_blue.png\",\"contentUrl\":\"https:\/\/aimmportugal.org\/wp-content\/uploads\/2021\/07\/logo_AIMM_bilingue_blue.png\",\"width\":2560,\"height\":1484,\"caption\":\"AIMM Portugal\"},\"image\":{\"@id\":\"https:\/\/aimmportugal.org\/pt\/#\/schema\/logo\/image\/\"}}]}<\/script>\n<!-- \/ Yoast SEO plugin. -->","yoast_head_json":{"title":"Oportunidades - AIMM","robots":{"index":"index","follow":"follow","max-snippet":"max-snippet:-1","max-image-preview":"max-image-preview:large","max-video-preview":"max-video-preview:-1"},"canonical":"https:\/\/aimmportugal.org\/pt\/oportunidades\/","og_locale":"pt_PT","og_type":"article","og_title":"Oportunidades - AIMM","og_description":"N\u00f3s sabemos que come\u00e7ar uma carreira como bi\u00f3logo marinho ou na \u00e1rea dos mam\u00edferos marinhos pode ser muito desafiante e requer muita dedica\u00e7\u00e3o. Na AIMM oferecemos uma ampla variedade de forma\u00e7\u00f5es para te ajudar a [&hellip;]","og_url":"https:\/\/aimmportugal.org\/pt\/oportunidades\/","og_site_name":"AIMM","article_modified_time":"2022-04-01T11:01:33+00:00","og_image":[{"url":"https:\/\/aimmportugal.org\/wp-content\/uploads\/2022\/02\/Opportunities-scaled.jpg","type":"","width":"","height":""}],"twitter_card":"summary_large_image","twitter_misc":{"Tempo estimado de leitura":"1 minuto"},"schema":{"@context":"https:\/\/schema.org","@graph":[{"@type":"WebPage","@id":"https:\/\/aimmportugal.org\/pt\/oportunidades\/","url":"https:\/\/aimmportugal.org\/pt\/oportunidades\/","name":"Oportunidades - AIMM","isPartOf":{"@id":"https:\/\/aimmportugal.org\/pt\/#website"},"primaryImageOfPage":{"@id":"https:\/\/aimmportugal.org\/pt\/oportunidades\/#primaryimage"},"image":{"@id":"https:\/\/aimmportugal.org\/pt\/oportunidades\/#primaryimage"},"thumbnailUrl":"https:\/\/aimmportugal.org\/wp-content\/uploads\/2022\/02\/Opportunities-scaled.jpg","datePublished":"2020-08-18T11:58:42+00:00","dateModified":"2022-04-01T11:01:33+00:00","breadcrumb":{"@id":"https:\/\/aimmportugal.org\/pt\/oportunidades\/#breadcrumb"},"inLanguage":"pt-PT","potentialAction":[{"@type":"ReadAction","target":["https:\/\/aimmportugal.org\/pt\/oportunidades\/"]}]},{"@type":"ImageObject","inLanguage":"pt-PT","@id":"https:\/\/aimmportugal.org\/pt\/oportunidades\/#primaryimage","url":"https:\/\/aimmportugal.org\/wp-content\/uploads\/2022\/02\/Opportunities-scaled.jpg","contentUrl":"https:\/\/aimmportugal.org\/wp-content\/uploads\/2022\/02\/Opportunities-scaled.jpg"},{"@type":"BreadcrumbList","@id":"https:\/\/aimmportugal.org\/pt\/oportunidades\/#breadcrumb","itemListElement":[{"@type":"ListItem","position":1,"name":"","item":"https:\/\/aimmportugal.org\/pt\/"},{"@type":"ListItem","position":2,"name":"Oportunidades"}]},{"@type":"WebSite","@id":"https:\/\/aimmportugal.org\/pt\/#website","url":"https:\/\/aimmportugal.org\/pt\/","name":"AIMM","description":"Marine Environment Research Association","publisher":{"@id":"https:\/\/aimmportugal.org\/pt\/#organization"},"potentialAction":[{"@type":"SearchAction","target":{"@type":"EntryPoint","urlTemplate":"https:\/\/aimmportugal.org\/pt\/?s={search_term_string}"},"query-input":{"@type":"PropertyValueSpecification","valueRequired":true,"valueName":"search_term_string"}}],"inLanguage":"pt-PT"},{"@type":"Organization","@id":"https:\/\/aimmportugal.org\/pt\/#organization","name":"AIMM Portugal","url":"https:\/\/aimmportugal.org\/pt\/","logo":{"@type":"ImageObject","inLanguage":"pt-PT","@id":"https:\/\/aimmportugal.org\/pt\/#\/schema\/logo\/image\/","url":"https:\/\/aimmportugal.org\/wp-content\/uploads\/2021\/07\/logo_AIMM_bilingue_blue.png","contentUrl":"https:\/\/aimmportugal.org\/wp-content\/uploads\/2021\/07\/logo_AIMM_bilingue_blue.png","width":2560,"height":1484,"caption":"AIMM Portugal"},"image":{"@id":"https:\/\/aimmportugal.org\/pt\/#\/schema\/logo\/image\/"}}]}},"campaignId":"","_links":{"self":[{"href":"https:\/\/aimmportugal.org\/pt\/wp-json\/wp\/v2\/pages\/4192","targetHints":{"allow":["GET"]}}],"collection":[{"href":"https:\/\/aimmportugal.org\/pt\/wp-json\/wp\/v2\/pages"}],"about":[{"href":"https:\/\/aimmportugal.org\/pt\/wp-json\/wp\/v2\/types\/page"}],"author":[{"embeddable":true,"href":"https:\/\/aimmportugal.org\/pt\/wp-json\/wp\/v2\/users\/1"}],"replies":[{"embeddable":true,"href":"https:\/\/aimmportugal.org\/pt\/wp-json\/wp\/v2\/comments?post=4192"}],"version-history":[{"count":1,"href":"https:\/\/aimmportugal.org\/pt\/wp-json\/wp\/v2\/pages\/4192\/revisions"}],"predecessor-version":[{"id":4468,"href":"https:\/\/aimmportugal.org\/pt\/wp-json\/wp\/v2\/pages\/4192\/revisions\/4468"}],"wp:attachment":[{"href":"https:\/\/aimmportugal.org\/pt\/wp-json\/wp\/v2\/media?parent=4192"}],"curies":[{"name":"wp","href":"https:\/\/api.w.org\/{rel}","templated":true}]}}