{"id":4092,"date":"2021-04-16T09:27:06","date_gmt":"2021-04-16T08:27:06","guid":{"rendered":"https:\/\/www.aimmportugal.org\/marine-pocket-guide\/"},"modified":"2026-03-17T11:58:11","modified_gmt":"2026-03-17T11:58:11","slug":"guia-aimm","status":"publish","type":"page","link":"https:\/\/aimmportugal.org\/pt\/guia-aimm\/","title":{"rendered":"Bem-vindo ao Guia de Bolso das Esp\u00e9cies Marinhas de Portugal Continental"},"content":{"rendered":"\n<div style=\"height:20px\" aria-hidden=\"true\" class=\"wp-block-spacer\"><\/div>\n\n\n\n<p class=\"has-white-color has-text-color has-background\" style=\"background-color:#045184\"><strong><strong>Ol\u00e1! Somos  a AIMM &#8211; Associa\u00e7\u00e3o para a Investiga\u00e7\u00e3o do Meio Marinho<\/strong>&nbsp;uma ONG que trabalha na prote\u00e7\u00e3o das esp\u00e9cies marinhas atrav\u00e9s de projetos de investiga\u00e7\u00e3o, educa\u00e7\u00e3o e dos nossos esfor\u00e7os pela conserva\u00e7\u00e3o.&nbsp;<strong>Sabe mais sobre o nosso trabalho&nbsp;<a href=\"https:\/\/aimmportugal.org\/pt-pt\/sobre-nos\/\" target=\"_blank\" rel=\"noreferrer noopener\">aqui<\/a>!<\/strong><\/strong><\/p>\n\n\n\n<p class=\"has-text-color\" style=\"color:#2b6ca3\">Cri\u00e1mos este Guia de Bolso para aumentar a consciencializa\u00e7\u00e3o e a compreens\u00e3o sobre o meio ambiente marinho. Partilhamos contigo informa\u00e7\u00e3o sobre as v\u00e1rias\u00a0<strong>Esp\u00e9cies Marinhas<\/strong> presentes em Portugal Continental, sobre o <strong>C\u00f3digo de Conduta<\/strong> que te ajuda a respeitar melhor a vida selvagem no seu ambiente natural. E tamb\u00e9m partilhamos dicas de\u00a0<strong>Como Encontrar Golfinho<\/strong>s\u00a0na natureza. V\u00ea quantos consegues encontrar!<\/p>\n\n\n\n<p class=\"has-text-color\" style=\"color:#2b6ca3\">Se estiveres pelo Sul de Portugal, aconselhamos-te que descubras mais sobre a <strong>\u00c1rea Marinha Protegida<\/strong> que foi criada no Algarve em 2023, o Parque Natural Marinho do Recife do Algarve \u2013 Pedra do Valado. <\/p>\n\n\n\n<p><\/p>\n","protected":false},"excerpt":{"rendered":"<p>Ol\u00e1! Somos a AIMM &#8211; Associa\u00e7\u00e3o para a Investiga\u00e7\u00e3o do Meio Marinho&nbsp;uma ONG que trabalha na prote\u00e7\u00e3o das esp\u00e9cies marinhas atrav\u00e9s de projetos de investiga\u00e7\u00e3o, educa\u00e7\u00e3o e dos nossos esfor\u00e7os pela conserva\u00e7\u00e3o.&nbsp;Sabe mais sobre o [&hellip;]<\/p>\n","protected":false},"author":1,"featured_media":0,"parent":0,"menu_order":3,"comment_status":"closed","ping_status":"closed","template":"page-beforesailing.php","meta":{"give_campaign_id":0,"footnotes":""},"class_list":["post-4092","page","type-page","status-publish","hentry"],"acf":[],"yoast_head":"<!-- This site is optimized with the Yoast SEO plugin v26.5 - https:\/\/yoast.com\/wordpress\/plugins\/seo\/ -->\n<title>Guia de Bolso - AIMM<\/title>\n<meta name=\"robots\" content=\"index, follow, max-snippet:-1, max-image-preview:large, max-video-preview:-1\" \/>\n<link rel=\"canonical\" href=\"https:\/\/aimmportugal.org\/pt\/guia-aimm\/\" \/>\n<meta property=\"og:locale\" content=\"pt_PT\" \/>\n<meta property=\"og:type\" content=\"article\" \/>\n<meta property=\"og:title\" content=\"Guia de Bolso - AIMM\" \/>\n<meta property=\"og:description\" content=\"Ol\u00e1! Somos a AIMM &#8211; Associa\u00e7\u00e3o para a Investiga\u00e7\u00e3o do Meio Marinho&nbsp;uma ONG que trabalha na prote\u00e7\u00e3o das esp\u00e9cies marinhas atrav\u00e9s de projetos de investiga\u00e7\u00e3o, educa\u00e7\u00e3o e dos nossos esfor\u00e7os pela conserva\u00e7\u00e3o.&nbsp;Sabe mais sobre o [&hellip;]\" \/>\n<meta property=\"og:url\" content=\"https:\/\/aimmportugal.org\/pt\/guia-aimm\/\" \/>\n<meta property=\"og:site_name\" content=\"AIMM\" \/>\n<meta property=\"article:modified_time\" content=\"2026-03-17T11:58:11+00:00\" \/>\n<meta name=\"twitter:card\" content=\"summary_large_image\" \/>\n<meta name=\"twitter:label1\" content=\"Tempo estimado de leitura\" \/>\n\t<meta name=\"twitter:data1\" content=\"1 minuto\" \/>\n<script type=\"application\/ld+json\" class=\"yoast-schema-graph\">{\"@context\":\"https:\/\/schema.org\",\"@graph\":[{\"@type\":\"WebPage\",\"@id\":\"https:\/\/aimmportugal.org\/pt\/guia-aimm\/\",\"url\":\"https:\/\/aimmportugal.org\/pt\/guia-aimm\/\",\"name\":\"Guia de Bolso - AIMM\",\"isPartOf\":{\"@id\":\"https:\/\/aimmportugal.org\/pt\/#website\"},\"datePublished\":\"2021-04-16T08:27:06+00:00\",\"dateModified\":\"2026-03-17T11:58:11+00:00\",\"breadcrumb\":{\"@id\":\"https:\/\/aimmportugal.org\/pt\/guia-aimm\/#breadcrumb\"},\"inLanguage\":\"pt-PT\",\"potentialAction\":[{\"@type\":\"ReadAction\",\"target\":[\"https:\/\/aimmportugal.org\/pt\/guia-aimm\/\"]}]},{\"@type\":\"BreadcrumbList\",\"@id\":\"https:\/\/aimmportugal.org\/pt\/guia-aimm\/#breadcrumb\",\"itemListElement\":[{\"@type\":\"ListItem\",\"position\":1,\"name\":\"\",\"item\":\"https:\/\/aimmportugal.org\/pt\/\"},{\"@type\":\"ListItem\",\"position\":2,\"name\":\"Bem-vindo ao Guia de Bolso das Esp\u00e9cies Marinhas de Portugal Continental\"}]},{\"@type\":\"WebSite\",\"@id\":\"https:\/\/aimmportugal.org\/pt\/#website\",\"url\":\"https:\/\/aimmportugal.org\/pt\/\",\"name\":\"AIMM\",\"description\":\"Marine Environment Research Association\",\"publisher\":{\"@id\":\"https:\/\/aimmportugal.org\/pt\/#organization\"},\"potentialAction\":[{\"@type\":\"SearchAction\",\"target\":{\"@type\":\"EntryPoint\",\"urlTemplate\":\"https:\/\/aimmportugal.org\/pt\/?s={search_term_string}\"},\"query-input\":{\"@type\":\"PropertyValueSpecification\",\"valueRequired\":true,\"valueName\":\"search_term_string\"}}],\"inLanguage\":\"pt-PT\"},{\"@type\":\"Organization\",\"@id\":\"https:\/\/aimmportugal.org\/pt\/#organization\",\"name\":\"AIMM Portugal\",\"url\":\"https:\/\/aimmportugal.org\/pt\/\",\"logo\":{\"@type\":\"ImageObject\",\"inLanguage\":\"pt-PT\",\"@id\":\"https:\/\/aimmportugal.org\/pt\/#\/schema\/logo\/image\/\",\"url\":\"https:\/\/aimmportugal.org\/wp-content\/uploads\/2021\/07\/logo_AIMM_bilingue_blue.png\",\"contentUrl\":\"https:\/\/aimmportugal.org\/wp-content\/uploads\/2021\/07\/logo_AIMM_bilingue_blue.png\",\"width\":2560,\"height\":1484,\"caption\":\"AIMM Portugal\"},\"image\":{\"@id\":\"https:\/\/aimmportugal.org\/pt\/#\/schema\/logo\/image\/\"}}]}<\/script>\n<!-- \/ Yoast SEO plugin. -->","yoast_head_json":{"title":"Guia de Bolso - AIMM","robots":{"index":"index","follow":"follow","max-snippet":"max-snippet:-1","max-image-preview":"max-image-preview:large","max-video-preview":"max-video-preview:-1"},"canonical":"https:\/\/aimmportugal.org\/pt\/guia-aimm\/","og_locale":"pt_PT","og_type":"article","og_title":"Guia de Bolso - AIMM","og_description":"Ol\u00e1! Somos a AIMM &#8211; Associa\u00e7\u00e3o para a Investiga\u00e7\u00e3o do Meio Marinho&nbsp;uma ONG que trabalha na prote\u00e7\u00e3o das esp\u00e9cies marinhas atrav\u00e9s de projetos de investiga\u00e7\u00e3o, educa\u00e7\u00e3o e dos nossos esfor\u00e7os pela conserva\u00e7\u00e3o.&nbsp;Sabe mais sobre o [&hellip;]","og_url":"https:\/\/aimmportugal.org\/pt\/guia-aimm\/","og_site_name":"AIMM","article_modified_time":"2026-03-17T11:58:11+00:00","twitter_card":"summary_large_image","twitter_misc":{"Tempo estimado de leitura":"1 minuto"},"schema":{"@context":"https:\/\/schema.org","@graph":[{"@type":"WebPage","@id":"https:\/\/aimmportugal.org\/pt\/guia-aimm\/","url":"https:\/\/aimmportugal.org\/pt\/guia-aimm\/","name":"Guia de Bolso - AIMM","isPartOf":{"@id":"https:\/\/aimmportugal.org\/pt\/#website"},"datePublished":"2021-04-16T08:27:06+00:00","dateModified":"2026-03-17T11:58:11+00:00","breadcrumb":{"@id":"https:\/\/aimmportugal.org\/pt\/guia-aimm\/#breadcrumb"},"inLanguage":"pt-PT","potentialAction":[{"@type":"ReadAction","target":["https:\/\/aimmportugal.org\/pt\/guia-aimm\/"]}]},{"@type":"BreadcrumbList","@id":"https:\/\/aimmportugal.org\/pt\/guia-aimm\/#breadcrumb","itemListElement":[{"@type":"ListItem","position":1,"name":"","item":"https:\/\/aimmportugal.org\/pt\/"},{"@type":"ListItem","position":2,"name":"Bem-vindo ao Guia de Bolso das Esp\u00e9cies Marinhas de Portugal Continental"}]},{"@type":"WebSite","@id":"https:\/\/aimmportugal.org\/pt\/#website","url":"https:\/\/aimmportugal.org\/pt\/","name":"AIMM","description":"Marine Environment Research Association","publisher":{"@id":"https:\/\/aimmportugal.org\/pt\/#organization"},"potentialAction":[{"@type":"SearchAction","target":{"@type":"EntryPoint","urlTemplate":"https:\/\/aimmportugal.org\/pt\/?s={search_term_string}"},"query-input":{"@type":"PropertyValueSpecification","valueRequired":true,"valueName":"search_term_string"}}],"inLanguage":"pt-PT"},{"@type":"Organization","@id":"https:\/\/aimmportugal.org\/pt\/#organization","name":"AIMM Portugal","url":"https:\/\/aimmportugal.org\/pt\/","logo":{"@type":"ImageObject","inLanguage":"pt-PT","@id":"https:\/\/aimmportugal.org\/pt\/#\/schema\/logo\/image\/","url":"https:\/\/aimmportugal.org\/wp-content\/uploads\/2021\/07\/logo_AIMM_bilingue_blue.png","contentUrl":"https:\/\/aimmportugal.org\/wp-content\/uploads\/2021\/07\/logo_AIMM_bilingue_blue.png","width":2560,"height":1484,"caption":"AIMM Portugal"},"image":{"@id":"https:\/\/aimmportugal.org\/pt\/#\/schema\/logo\/image\/"}}]}},"campaignId":"","_links":{"self":[{"href":"https:\/\/aimmportugal.org\/pt\/wp-json\/wp\/v2\/pages\/4092","targetHints":{"allow":["GET"]}}],"collection":[{"href":"https:\/\/aimmportugal.org\/pt\/wp-json\/wp\/v2\/pages"}],"about":[{"href":"https:\/\/aimmportugal.org\/pt\/wp-json\/wp\/v2\/types\/page"}],"author":[{"embeddable":true,"href":"https:\/\/aimmportugal.org\/pt\/wp-json\/wp\/v2\/users\/1"}],"replies":[{"embeddable":true,"href":"https:\/\/aimmportugal.org\/pt\/wp-json\/wp\/v2\/comments?post=4092"}],"version-history":[{"count":5,"href":"https:\/\/aimmportugal.org\/pt\/wp-json\/wp\/v2\/pages\/4092\/revisions"}],"predecessor-version":[{"id":672319,"href":"https:\/\/aimmportugal.org\/pt\/wp-json\/wp\/v2\/pages\/4092\/revisions\/672319"}],"wp:attachment":[{"href":"https:\/\/aimmportugal.org\/pt\/wp-json\/wp\/v2\/media?parent=4092"}],"curies":[{"name":"wp","href":"https:\/\/api.w.org\/{rel}","templated":true}]}}