{"id":4090,"date":"2021-07-22T11:44:52","date_gmt":"2021-07-22T10:44:52","guid":{"rendered":"https:\/\/www.aimmportugal.org\/como-encontrar-um-golfinho\/"},"modified":"2022-05-30T18:03:39","modified_gmt":"2022-05-30T17:03:39","slug":"como-encontrar-cetaceos","status":"publish","type":"page","link":"https:\/\/aimmportugal.org\/pt\/guia-aimm\/como-encontrar-cetaceos\/","title":{"rendered":"Como encontrar golfinhos e baleias"},"content":{"rendered":"\n<hr class=\"wp-block-separator\"\/>\n\n\n\n<p class=\"has-text-align-center\" style=\"font-size:20px\">Tamb\u00e9m podes usar estas dicas que partilhamos contigo para procurares tartarugas marinhas ou mesmo tubar\u00f5es. Bons avistamentos!<\/p>\n\n\n\n<div style=\"height:30px\" aria-hidden=\"true\" class=\"wp-block-spacer\"><\/div>\n\n\n\n<div class=\"wp-block-columns is-layout-flex wp-container-core-columns-is-layout-9d6595d7 wp-block-columns-is-layout-flex\">\n<div class=\"wp-block-column is-layout-flow wp-block-column-is-layout-flow\" style=\"flex-basis:65%\">\n<div class=\"wp-block-image\"><figure class=\"alignright size-large is-resized\"><img loading=\"lazy\" decoding=\"async\" src=\"https:\/\/aimmportugal.org\/wp-content\/uploads\/2022\/05\/AIMM_website_how-to-spot_2021-1-1022x1024.png\" alt=\"\" class=\"wp-image-5249\" width=\"602\" height=\"603\" srcset=\"https:\/\/aimmportugal.org\/wp-content\/uploads\/2022\/05\/AIMM_website_how-to-spot_2021-1-1022x1024.png 1022w, https:\/\/aimmportugal.org\/wp-content\/uploads\/2022\/05\/AIMM_website_how-to-spot_2021-1-300x300.png 300w, https:\/\/aimmportugal.org\/wp-content\/uploads\/2022\/05\/AIMM_website_how-to-spot_2021-1-150x150.png 150w, https:\/\/aimmportugal.org\/wp-content\/uploads\/2022\/05\/AIMM_website_how-to-spot_2021-1-768x769.png 768w, https:\/\/aimmportugal.org\/wp-content\/uploads\/2022\/05\/AIMM_website_how-to-spot_2021-1-1533x1536.png 1533w, https:\/\/aimmportugal.org\/wp-content\/uploads\/2022\/05\/AIMM_website_how-to-spot_2021-1-2044x2048.png 2044w, https:\/\/aimmportugal.org\/wp-content\/uploads\/2022\/05\/AIMM_website_how-to-spot_2021-1-324x325.png 324w, https:\/\/aimmportugal.org\/wp-content\/uploads\/2022\/05\/AIMM_website_how-to-spot_2021-1-416x417.png 416w, https:\/\/aimmportugal.org\/wp-content\/uploads\/2022\/05\/AIMM_website_how-to-spot_2021-1-100x100.png 100w\" sizes=\"auto, (max-width: 602px) 100vw, 602px\" \/><\/figure><\/div>\n<\/div>\n\n\n\n<div class=\"wp-block-column is-layout-flow wp-block-column-is-layout-flow\" style=\"flex-basis:35%\">\n<div style=\"height:30px\" aria-hidden=\"true\" class=\"wp-block-spacer\"><\/div>\n\n\n\n<p style=\"font-size: 17px; line-height: 1.7;\"><strong><span class=\"has-inline-color has-vivid-green-cyan-color\">1 &#8211; SALPICOS<\/span><\/strong> S\u00c3O INDICADORES!<br>Especialmente se forem contra a ondula\u00e7\u00e3o. Pode ser dif\u00edcil!<\/p>\n\n\n\n<div style=\"height:30px\" aria-hidden=\"true\" class=\"wp-block-spacer\"><\/div>\n\n\n\n<p style=\"font-size: 17px; line-height: 1.7;\"><strong><span class=\"has-inline-color has-vivid-green-cyan-color\">2 &#8211; <\/span><\/strong>PROCURA POR&nbsp;<strong><span class=\"has-inline-color has-vivid-green-cyan-color\">SOPROS<\/span><\/strong>!<br>Este borrifo de \u00e1gua \u00e9 frequentemente vis\u00edvel \u00e0 dist\u00e2ncia como uma nuvem branca.<\/p>\n\n\n\n<div style=\"height:30px\" aria-hidden=\"true\" class=\"wp-block-spacer\"><\/div>\n\n\n\n<p style=\"font-size: 17px; line-height: 1.7;\"><strong><span class=\"has-inline-color has-vivid-green-cyan-color\">3 &#8211; AVES MARINHAS&nbsp;<\/span><\/strong>S\u00c3O UM SINAL DE PEIXE E COMIDA, por isso presta aten\u00e7\u00e3o a aves marinhas a voar ou a mergulhar! Na maioria dos casos, haver\u00e1 golfinhos a alimentarem-se nas proximidades.<\/p>\n\n\n\n<div style=\"height:30px\" aria-hidden=\"true\" class=\"wp-block-spacer\"><\/div>\n\n\n\n<p style=\"font-size: 17px; line-height: 1.7;\"><strong><span class=\"has-inline-color has-vivid-green-cyan-color\">4 &#8211; <\/span><\/strong>PROCURA POR&nbsp;<strong><span class=\"has-inline-color has-vivid-green-cyan-color\">BARBATANAS DORSAIS<\/span><\/strong>, mas presta aten\u00e7\u00e3o porque poder\u00e1 ser uma ave a descansar, uma b\u00f3ia ou um detrito marinho.<\/p>\n<\/div>\n<\/div>\n","protected":false},"excerpt":{"rendered":"<p>Tamb\u00e9m podes usar estas dicas que partilhamos contigo para procurares tartarugas marinhas ou mesmo tubar\u00f5es. Bons avistamentos! 1 &#8211; SALPICOS S\u00c3O INDICADORES!Especialmente se forem contra a ondula\u00e7\u00e3o. Pode ser dif\u00edcil! 2 &#8211; PROCURA POR&nbsp;SOPROS!Este borrifo [&hellip;]<\/p>\n","protected":false},"author":1,"featured_media":0,"parent":4092,"menu_order":4,"comment_status":"closed","ping_status":"closed","template":"","meta":{"give_campaign_id":0,"footnotes":""},"class_list":["post-4090","page","type-page","status-publish","hentry"],"acf":[],"yoast_head":"<!-- This site is optimized with the Yoast SEO plugin v26.5 - https:\/\/yoast.com\/wordpress\/plugins\/seo\/ -->\n<title>Como encontrar golfinhos e baleias - AIMM<\/title>\n<meta name=\"robots\" content=\"index, follow, max-snippet:-1, max-image-preview:large, max-video-preview:-1\" \/>\n<link rel=\"canonical\" href=\"https:\/\/aimmportugal.org\/pt\/guia-aimm\/como-encontrar-cetaceos\/\" \/>\n<meta property=\"og:locale\" content=\"pt_PT\" \/>\n<meta property=\"og:type\" content=\"article\" \/>\n<meta property=\"og:title\" content=\"Como encontrar golfinhos e baleias - AIMM\" \/>\n<meta property=\"og:description\" content=\"Tamb\u00e9m podes usar estas dicas que partilhamos contigo para procurares tartarugas marinhas ou mesmo tubar\u00f5es. Bons avistamentos! 1 &#8211; SALPICOS S\u00c3O INDICADORES!Especialmente se forem contra a ondula\u00e7\u00e3o. Pode ser dif\u00edcil! 2 &#8211; PROCURA POR&nbsp;SOPROS!Este borrifo [&hellip;]\" \/>\n<meta property=\"og:url\" content=\"https:\/\/aimmportugal.org\/pt\/guia-aimm\/como-encontrar-cetaceos\/\" \/>\n<meta property=\"og:site_name\" content=\"AIMM\" \/>\n<meta property=\"article:modified_time\" content=\"2022-05-30T17:03:39+00:00\" \/>\n<meta property=\"og:image\" content=\"https:\/\/aimmportugal.org\/wp-content\/uploads\/2022\/05\/AIMM_website_how-to-spot_2021-1-1022x1024.png\" \/>\n<meta name=\"twitter:card\" content=\"summary_large_image\" \/>\n<meta name=\"twitter:label1\" content=\"Tempo estimado de leitura\" \/>\n\t<meta name=\"twitter:data1\" content=\"1 minuto\" \/>\n<script type=\"application\/ld+json\" class=\"yoast-schema-graph\">{\"@context\":\"https:\/\/schema.org\",\"@graph\":[{\"@type\":\"WebPage\",\"@id\":\"https:\/\/aimmportugal.org\/pt\/guia-aimm\/como-encontrar-cetaceos\/\",\"url\":\"https:\/\/aimmportugal.org\/pt\/guia-aimm\/como-encontrar-cetaceos\/\",\"name\":\"Como encontrar golfinhos e baleias - AIMM\",\"isPartOf\":{\"@id\":\"https:\/\/aimmportugal.org\/pt\/#website\"},\"primaryImageOfPage\":{\"@id\":\"https:\/\/aimmportugal.org\/pt\/guia-aimm\/como-encontrar-cetaceos\/#primaryimage\"},\"image\":{\"@id\":\"https:\/\/aimmportugal.org\/pt\/guia-aimm\/como-encontrar-cetaceos\/#primaryimage\"},\"thumbnailUrl\":\"https:\/\/aimmportugal.org\/wp-content\/uploads\/2022\/05\/AIMM_website_how-to-spot_2021-1-1022x1024.png\",\"datePublished\":\"2021-07-22T10:44:52+00:00\",\"dateModified\":\"2022-05-30T17:03:39+00:00\",\"breadcrumb\":{\"@id\":\"https:\/\/aimmportugal.org\/pt\/guia-aimm\/como-encontrar-cetaceos\/#breadcrumb\"},\"inLanguage\":\"pt-PT\",\"potentialAction\":[{\"@type\":\"ReadAction\",\"target\":[\"https:\/\/aimmportugal.org\/pt\/guia-aimm\/como-encontrar-cetaceos\/\"]}]},{\"@type\":\"ImageObject\",\"inLanguage\":\"pt-PT\",\"@id\":\"https:\/\/aimmportugal.org\/pt\/guia-aimm\/como-encontrar-cetaceos\/#primaryimage\",\"url\":\"https:\/\/aimmportugal.org\/wp-content\/uploads\/2022\/05\/AIMM_website_how-to-spot_2021-1-1022x1024.png\",\"contentUrl\":\"https:\/\/aimmportugal.org\/wp-content\/uploads\/2022\/05\/AIMM_website_how-to-spot_2021-1-1022x1024.png\"},{\"@type\":\"BreadcrumbList\",\"@id\":\"https:\/\/aimmportugal.org\/pt\/guia-aimm\/como-encontrar-cetaceos\/#breadcrumb\",\"itemListElement\":[{\"@type\":\"ListItem\",\"position\":1,\"name\":\"\",\"item\":\"https:\/\/aimmportugal.org\/pt\/\"},{\"@type\":\"ListItem\",\"position\":2,\"name\":\"Bem-vindo ao Guia de Bolso das Esp\u00e9cies Marinhas de Portugal Continental\",\"item\":\"https:\/\/aimmportugal.org\/pt\/guia-aimm\/\"},{\"@type\":\"ListItem\",\"position\":3,\"name\":\"Como encontrar golfinhos e baleias\"}]},{\"@type\":\"WebSite\",\"@id\":\"https:\/\/aimmportugal.org\/pt\/#website\",\"url\":\"https:\/\/aimmportugal.org\/pt\/\",\"name\":\"AIMM\",\"description\":\"Marine Environment Research Association\",\"publisher\":{\"@id\":\"https:\/\/aimmportugal.org\/pt\/#organization\"},\"potentialAction\":[{\"@type\":\"SearchAction\",\"target\":{\"@type\":\"EntryPoint\",\"urlTemplate\":\"https:\/\/aimmportugal.org\/pt\/?s={search_term_string}\"},\"query-input\":{\"@type\":\"PropertyValueSpecification\",\"valueRequired\":true,\"valueName\":\"search_term_string\"}}],\"inLanguage\":\"pt-PT\"},{\"@type\":\"Organization\",\"@id\":\"https:\/\/aimmportugal.org\/pt\/#organization\",\"name\":\"AIMM Portugal\",\"url\":\"https:\/\/aimmportugal.org\/pt\/\",\"logo\":{\"@type\":\"ImageObject\",\"inLanguage\":\"pt-PT\",\"@id\":\"https:\/\/aimmportugal.org\/pt\/#\/schema\/logo\/image\/\",\"url\":\"https:\/\/aimmportugal.org\/wp-content\/uploads\/2021\/07\/logo_AIMM_bilingue_blue.png\",\"contentUrl\":\"https:\/\/aimmportugal.org\/wp-content\/uploads\/2021\/07\/logo_AIMM_bilingue_blue.png\",\"width\":2560,\"height\":1484,\"caption\":\"AIMM Portugal\"},\"image\":{\"@id\":\"https:\/\/aimmportugal.org\/pt\/#\/schema\/logo\/image\/\"}}]}<\/script>\n<!-- \/ Yoast SEO plugin. -->","yoast_head_json":{"title":"Como encontrar golfinhos e baleias - AIMM","robots":{"index":"index","follow":"follow","max-snippet":"max-snippet:-1","max-image-preview":"max-image-preview:large","max-video-preview":"max-video-preview:-1"},"canonical":"https:\/\/aimmportugal.org\/pt\/guia-aimm\/como-encontrar-cetaceos\/","og_locale":"pt_PT","og_type":"article","og_title":"Como encontrar golfinhos e baleias - AIMM","og_description":"Tamb\u00e9m podes usar estas dicas que partilhamos contigo para procurares tartarugas marinhas ou mesmo tubar\u00f5es. Bons avistamentos! 1 &#8211; SALPICOS S\u00c3O INDICADORES!Especialmente se forem contra a ondula\u00e7\u00e3o. Pode ser dif\u00edcil! 2 &#8211; PROCURA POR&nbsp;SOPROS!Este borrifo [&hellip;]","og_url":"https:\/\/aimmportugal.org\/pt\/guia-aimm\/como-encontrar-cetaceos\/","og_site_name":"AIMM","article_modified_time":"2022-05-30T17:03:39+00:00","og_image":[{"url":"https:\/\/aimmportugal.org\/wp-content\/uploads\/2022\/05\/AIMM_website_how-to-spot_2021-1-1022x1024.png","type":"","width":"","height":""}],"twitter_card":"summary_large_image","twitter_misc":{"Tempo estimado de leitura":"1 minuto"},"schema":{"@context":"https:\/\/schema.org","@graph":[{"@type":"WebPage","@id":"https:\/\/aimmportugal.org\/pt\/guia-aimm\/como-encontrar-cetaceos\/","url":"https:\/\/aimmportugal.org\/pt\/guia-aimm\/como-encontrar-cetaceos\/","name":"Como encontrar golfinhos e baleias - AIMM","isPartOf":{"@id":"https:\/\/aimmportugal.org\/pt\/#website"},"primaryImageOfPage":{"@id":"https:\/\/aimmportugal.org\/pt\/guia-aimm\/como-encontrar-cetaceos\/#primaryimage"},"image":{"@id":"https:\/\/aimmportugal.org\/pt\/guia-aimm\/como-encontrar-cetaceos\/#primaryimage"},"thumbnailUrl":"https:\/\/aimmportugal.org\/wp-content\/uploads\/2022\/05\/AIMM_website_how-to-spot_2021-1-1022x1024.png","datePublished":"2021-07-22T10:44:52+00:00","dateModified":"2022-05-30T17:03:39+00:00","breadcrumb":{"@id":"https:\/\/aimmportugal.org\/pt\/guia-aimm\/como-encontrar-cetaceos\/#breadcrumb"},"inLanguage":"pt-PT","potentialAction":[{"@type":"ReadAction","target":["https:\/\/aimmportugal.org\/pt\/guia-aimm\/como-encontrar-cetaceos\/"]}]},{"@type":"ImageObject","inLanguage":"pt-PT","@id":"https:\/\/aimmportugal.org\/pt\/guia-aimm\/como-encontrar-cetaceos\/#primaryimage","url":"https:\/\/aimmportugal.org\/wp-content\/uploads\/2022\/05\/AIMM_website_how-to-spot_2021-1-1022x1024.png","contentUrl":"https:\/\/aimmportugal.org\/wp-content\/uploads\/2022\/05\/AIMM_website_how-to-spot_2021-1-1022x1024.png"},{"@type":"BreadcrumbList","@id":"https:\/\/aimmportugal.org\/pt\/guia-aimm\/como-encontrar-cetaceos\/#breadcrumb","itemListElement":[{"@type":"ListItem","position":1,"name":"","item":"https:\/\/aimmportugal.org\/pt\/"},{"@type":"ListItem","position":2,"name":"Bem-vindo ao Guia de Bolso das Esp\u00e9cies Marinhas de Portugal Continental","item":"https:\/\/aimmportugal.org\/pt\/guia-aimm\/"},{"@type":"ListItem","position":3,"name":"Como encontrar golfinhos e baleias"}]},{"@type":"WebSite","@id":"https:\/\/aimmportugal.org\/pt\/#website","url":"https:\/\/aimmportugal.org\/pt\/","name":"AIMM","description":"Marine Environment Research Association","publisher":{"@id":"https:\/\/aimmportugal.org\/pt\/#organization"},"potentialAction":[{"@type":"SearchAction","target":{"@type":"EntryPoint","urlTemplate":"https:\/\/aimmportugal.org\/pt\/?s={search_term_string}"},"query-input":{"@type":"PropertyValueSpecification","valueRequired":true,"valueName":"search_term_string"}}],"inLanguage":"pt-PT"},{"@type":"Organization","@id":"https:\/\/aimmportugal.org\/pt\/#organization","name":"AIMM Portugal","url":"https:\/\/aimmportugal.org\/pt\/","logo":{"@type":"ImageObject","inLanguage":"pt-PT","@id":"https:\/\/aimmportugal.org\/pt\/#\/schema\/logo\/image\/","url":"https:\/\/aimmportugal.org\/wp-content\/uploads\/2021\/07\/logo_AIMM_bilingue_blue.png","contentUrl":"https:\/\/aimmportugal.org\/wp-content\/uploads\/2021\/07\/logo_AIMM_bilingue_blue.png","width":2560,"height":1484,"caption":"AIMM Portugal"},"image":{"@id":"https:\/\/aimmportugal.org\/pt\/#\/schema\/logo\/image\/"}}]}},"campaignId":"","_links":{"self":[{"href":"https:\/\/aimmportugal.org\/pt\/wp-json\/wp\/v2\/pages\/4090","targetHints":{"allow":["GET"]}}],"collection":[{"href":"https:\/\/aimmportugal.org\/pt\/wp-json\/wp\/v2\/pages"}],"about":[{"href":"https:\/\/aimmportugal.org\/pt\/wp-json\/wp\/v2\/types\/page"}],"author":[{"embeddable":true,"href":"https:\/\/aimmportugal.org\/pt\/wp-json\/wp\/v2\/users\/1"}],"replies":[{"embeddable":true,"href":"https:\/\/aimmportugal.org\/pt\/wp-json\/wp\/v2\/comments?post=4090"}],"version-history":[{"count":7,"href":"https:\/\/aimmportugal.org\/pt\/wp-json\/wp\/v2\/pages\/4090\/revisions"}],"predecessor-version":[{"id":5633,"href":"https:\/\/aimmportugal.org\/pt\/wp-json\/wp\/v2\/pages\/4090\/revisions\/5633"}],"up":[{"embeddable":true,"href":"https:\/\/aimmportugal.org\/pt\/wp-json\/wp\/v2\/pages\/4092"}],"wp:attachment":[{"href":"https:\/\/aimmportugal.org\/pt\/wp-json\/wp\/v2\/media?parent=4090"}],"curies":[{"name":"wp","href":"https:\/\/api.w.org\/{rel}","templated":true}]}}