{"id":3756,"date":"2022-03-16T11:09:38","date_gmt":"2022-03-16T11:09:38","guid":{"rendered":"https:\/\/www.aimmportugal.org\/?page_id=3756"},"modified":"2025-05-09T16:44:25","modified_gmt":"2025-05-09T15:44:25","slug":"educacao","status":"publish","type":"page","link":"https:\/\/aimmportugal.org\/pt\/sobre-nos\/trabalho\/educacao\/","title":{"rendered":"Educa\u00e7\u00e3o"},"content":{"rendered":"\n<div style=\"height:30px\" aria-hidden=\"true\" class=\"wp-block-spacer\"><\/div>\n\n\n\n<div class=\"wp-block-cover is-light\"><img loading=\"lazy\" decoding=\"async\" width=\"2560\" height=\"1714\" class=\"wp-block-cover__image-background wp-image-3023\" alt=\"\" src=\"https:\/\/aimmportugal.org\/wp-content\/uploads\/2022\/02\/our-work-education-cover-scaled.jpg\" style=\"object-position:44% 54%\" data-object-fit=\"cover\" data-object-position=\"44% 54%\" srcset=\"https:\/\/aimmportugal.org\/wp-content\/uploads\/2022\/02\/our-work-education-cover-scaled.jpg 2560w, https:\/\/aimmportugal.org\/wp-content\/uploads\/2022\/02\/our-work-education-cover-scaled-324x217.jpg 324w, https:\/\/aimmportugal.org\/wp-content\/uploads\/2022\/02\/our-work-education-cover-scaled-416x279.jpg 416w\" sizes=\"auto, (max-width: 2560px) 100vw, 2560px\" \/><span aria-hidden=\"true\" class=\"wp-block-cover__background has-background-dim-0 has-background-dim\"><\/span><div class=\"wp-block-cover__inner-container is-layout-flow wp-block-cover-is-layout-flow\">\n<p class=\"has-text-align-center has-large-font-size\"><\/p>\n<\/div><\/div>\n\n\n\n<div style=\"height:30px\" aria-hidden=\"true\" class=\"wp-block-spacer\"><\/div>\n\n\n\n<hr class=\"wp-block-separator has-css-opacity\"\/>\n\n\n\n<h2 class=\"wp-block-heading has-text-align-center\">Projetos educacionais:<\/h2>\n\n\n\n<div style=\"height:30px\" aria-hidden=\"true\" class=\"wp-block-spacer\"><\/div>\n\n\n\n<div class=\"wp-block-columns is-layout-flex wp-container-core-columns-is-layout-9d6595d7 wp-block-columns-is-layout-flex\">\n<div class=\"wp-block-column is-layout-flow wp-block-column-is-layout-flow\">\n<figure class=\"wp-block-image size-full\"><a href=\"https:\/\/aimmportugal.org\/pt\/sobre-nos\/trabalho\/educacao\/projeto-nauticinblu-2025\/\"><img loading=\"lazy\" decoding=\"async\" width=\"760\" height=\"757\" src=\"https:\/\/aimmportugal.org\/wp-content\/uploads\/2025\/05\/nauticinblu-faro.png\" alt=\"\" class=\"wp-image-300998\" srcset=\"https:\/\/aimmportugal.org\/wp-content\/uploads\/2025\/05\/nauticinblu-faro.png 760w, https:\/\/aimmportugal.org\/wp-content\/uploads\/2025\/05\/nauticinblu-faro-300x300.png 300w, https:\/\/aimmportugal.org\/wp-content\/uploads\/2025\/05\/nauticinblu-faro-150x150.png 150w, https:\/\/aimmportugal.org\/wp-content\/uploads\/2025\/05\/nauticinblu-faro-324x323.png 324w, https:\/\/aimmportugal.org\/wp-content\/uploads\/2025\/05\/nauticinblu-faro-416x414.png 416w, https:\/\/aimmportugal.org\/wp-content\/uploads\/2025\/05\/nauticinblu-faro-100x100.png 100w\" sizes=\"auto, (max-width: 760px) 100vw, 760px\" \/><\/a><\/figure>\n\n\n\n<h3 class=\"wp-block-heading\">Projeto Nauticinblu &#8217;25<\/h3>\n\n\n\n<p>Atividades pr\u00e1ticas e te\u00f3ricas com os alunos de duas escolas de Faro (Algarve).<\/p>\n\n\n\n<p><a href=\"https:\/\/aimmportugal.org\/pt\/sobre-nos\/trabalho\/educacao\/projeto-nauticinblu-2025\/\" target=\"_blank\" rel=\"noreferrer noopener\"><strong>+ INFO<\/strong><\/a><strong><a href=\"https:\/\/aimmportugal.org\/pt\/sobre-nos\/trabalho\/educacao\/tour-algarve\/\" target=\"_blank\" rel=\"noreferrer noopener\"><\/a><\/strong><\/p>\n\n\n\n<div style=\"height:20px\" aria-hidden=\"true\" class=\"wp-block-spacer\"><\/div>\n<\/div>\n\n\n\n<div class=\"wp-block-column is-layout-flow wp-block-column-is-layout-flow\">\n<figure class=\"wp-block-image size-full\"><a href=\"https:\/\/aimmportugal.org\/pt\/nauticinblu-em-portugal\/\"><img loading=\"lazy\" decoding=\"async\" width=\"376\" height=\"368\" src=\"https:\/\/aimmportugal.org\/wp-content\/uploads\/2024\/06\/nauticinblu-website-1.jpg\" alt=\"\" class=\"wp-image-46121\" srcset=\"https:\/\/aimmportugal.org\/wp-content\/uploads\/2024\/06\/nauticinblu-website-1.jpg 376w, https:\/\/aimmportugal.org\/wp-content\/uploads\/2024\/06\/nauticinblu-website-1-300x294.jpg 300w, https:\/\/aimmportugal.org\/wp-content\/uploads\/2024\/06\/nauticinblu-website-1-324x317.jpg 324w\" sizes=\"auto, (max-width: 376px) 100vw, 376px\" \/><\/a><\/figure>\n\n\n\n<h3 class=\"wp-block-heading\">Projeto Nauticinblu &#8217;24<\/h3>\n\n\n\n<p>Quatro dias de atividades com os alunos de uma escola em Almada (Lisboa).<\/p>\n\n\n\n<p><a href=\"https:\/\/aimmportugal.org\/pt\/nauticinblu-em-portugal\/\" target=\"_blank\" rel=\"noreferrer noopener\"><strong>+ INFO<\/strong><\/a><strong><a href=\"https:\/\/aimmportugal.org\/pt\/sobre-nos\/trabalho\/educacao\/tour-algarve\/\" target=\"_blank\" rel=\"noreferrer noopener\"><\/a><\/strong><\/p>\n\n\n\n<div style=\"height:20px\" aria-hidden=\"true\" class=\"wp-block-spacer\"><\/div>\n<\/div>\n\n\n\n<div class=\"wp-block-column is-layout-flow wp-block-column-is-layout-flow\">\n<figure class=\"wp-block-image size-full\"><a href=\"https:\/\/aimmportugal.org\/pt\/sobre-nos\/trabalho\/educacao\/tour-algarve\/\"><img loading=\"lazy\" decoding=\"async\" width=\"488\" height=\"487\" src=\"https:\/\/aimmportugal.org\/wp-content\/uploads\/2024\/04\/tour-square-2.png\" alt=\"\" class=\"wp-image-45387\" srcset=\"https:\/\/aimmportugal.org\/wp-content\/uploads\/2024\/04\/tour-square-2.png 488w, https:\/\/aimmportugal.org\/wp-content\/uploads\/2024\/04\/tour-square-2-300x300.png 300w, https:\/\/aimmportugal.org\/wp-content\/uploads\/2024\/04\/tour-square-2-150x150.png 150w, https:\/\/aimmportugal.org\/wp-content\/uploads\/2024\/04\/tour-square-2-324x323.png 324w, https:\/\/aimmportugal.org\/wp-content\/uploads\/2024\/04\/tour-square-2-416x415.png 416w, https:\/\/aimmportugal.org\/wp-content\/uploads\/2024\/04\/tour-square-2-100x100.png 100w\" sizes=\"auto, (max-width: 488px) 100vw, 488px\" \/><\/a><\/figure>\n\n\n\n<h3 class=\"wp-block-heading\">Tour Escola a Bordo<\/h3>\n\n\n\n<p>Uma Tour Educacional e Ambiental pelas escolas do Algarve.<\/p>\n\n\n\n<p><a href=\"https:\/\/aimmportugal.org\/pt\/sobre-nos\/trabalho\/educacao\/tour-algarve\/\" target=\"_blank\" rel=\"noreferrer noopener\"><strong>+ INFO<\/strong><\/a><strong><a href=\"https:\/\/aimmportugal.org\/pt\/sobre-nos\/trabalho\/educacao\/tour-algarve\/\" target=\"_blank\" rel=\"noreferrer noopener\"><\/a><\/strong><\/p>\n\n\n\n<div style=\"height:20px\" aria-hidden=\"true\" class=\"wp-block-spacer\"><\/div>\n<\/div>\n<\/div>\n\n\n\n<div class=\"wp-block-columns is-layout-flex wp-container-core-columns-is-layout-9d6595d7 wp-block-columns-is-layout-flex\">\n<div class=\"wp-block-column is-layout-flow wp-block-column-is-layout-flow\">\n<figure class=\"wp-block-image size-full\"><img loading=\"lazy\" decoding=\"async\" width=\"394\" height=\"384\" src=\"https:\/\/aimmportugal.org\/wp-content\/uploads\/2022\/03\/our-work-education-1-new.jpg\" alt=\"\" class=\"wp-image-3265\" srcset=\"https:\/\/aimmportugal.org\/wp-content\/uploads\/2022\/03\/our-work-education-1-new.jpg 394w, https:\/\/aimmportugal.org\/wp-content\/uploads\/2022\/03\/our-work-education-1-new-324x316.jpg 324w, https:\/\/aimmportugal.org\/wp-content\/uploads\/2022\/03\/our-work-education-1-new-300x292.jpg 300w\" sizes=\"auto, (max-width: 394px) 100vw, 394px\" \/><\/figure>\n\n\n\n<h3 class=\"wp-block-heading\">Forma\u00e7\u00e3o avan\u00e7ada em ci\u00eancias marinhas<\/h3>\n\n\n\n<p>Workshops e cursos podem ser realizados de acordo com as necessidades.<\/p>\n\n\n\n<div style=\"height:20px\" aria-hidden=\"true\" class=\"wp-block-spacer\"><\/div>\n<\/div>\n\n\n\n<div class=\"wp-block-column is-layout-flow wp-block-column-is-layout-flow\">\n<figure class=\"wp-block-image size-full\"><img loading=\"lazy\" decoding=\"async\" width=\"394\" height=\"384\" src=\"https:\/\/aimmportugal.org\/wp-content\/uploads\/2022\/03\/our-work-education-2a-new.jpg\" alt=\"\" class=\"wp-image-4116\" srcset=\"https:\/\/aimmportugal.org\/wp-content\/uploads\/2022\/03\/our-work-education-2a-new.jpg 394w, https:\/\/aimmportugal.org\/wp-content\/uploads\/2022\/03\/our-work-education-2a-new-324x316.jpg 324w, https:\/\/aimmportugal.org\/wp-content\/uploads\/2022\/03\/our-work-education-2a-new-300x292.jpg 300w\" sizes=\"auto, (max-width: 394px) 100vw, 394px\" \/><\/figure>\n\n\n\n<h3 class=\"wp-block-heading\">Supervis\u00e3o de estudantes<\/h3>\n\n\n\n<p>Colabora\u00e7\u00f5es com universidades nacionais e internacionais.<\/p>\n\n\n\n<div style=\"height:20px\" aria-hidden=\"true\" class=\"wp-block-spacer\"><\/div>\n<\/div>\n\n\n\n<div class=\"wp-block-column is-layout-flow wp-block-column-is-layout-flow\">\n<figure class=\"wp-block-image size-full\"><img loading=\"lazy\" decoding=\"async\" width=\"394\" height=\"384\" src=\"https:\/\/aimmportugal.org\/wp-content\/uploads\/2022\/03\/our-work-education-3-new.jpg\" alt=\"\" class=\"wp-image-4117\" srcset=\"https:\/\/aimmportugal.org\/wp-content\/uploads\/2022\/03\/our-work-education-3-new.jpg 394w, https:\/\/aimmportugal.org\/wp-content\/uploads\/2022\/03\/our-work-education-3-new-324x316.jpg 324w, https:\/\/aimmportugal.org\/wp-content\/uploads\/2022\/03\/our-work-education-3-new-300x292.jpg 300w\" sizes=\"auto, (max-width: 394px) 100vw, 394px\" \/><\/figure>\n\n\n\n<h3 class=\"wp-block-heading\">Sess\u00f5es educativas sobre a conserva\u00e7\u00e3o marinha<\/h3>\n\n\n\n<p>Realizado em colabora\u00e7\u00e3o com escolas locais com diferentes n\u00edveis de educa\u00e7\u00e3o (desde a pr\u00e9-prim\u00e1ria a universidades).<\/p>\n\n\n\n<div style=\"height:20px\" aria-hidden=\"true\" class=\"wp-block-spacer\"><\/div>\n<\/div>\n\n\n\n<div class=\"wp-block-column is-layout-flow wp-block-column-is-layout-flow\">\n<figure class=\"wp-block-image size-full\"><img loading=\"lazy\" decoding=\"async\" width=\"394\" height=\"384\" src=\"https:\/\/aimmportugal.org\/wp-content\/uploads\/2022\/03\/our-work-education-4-new.jpg\" alt=\"\" class=\"wp-image-4118\" srcset=\"https:\/\/aimmportugal.org\/wp-content\/uploads\/2022\/03\/our-work-education-4-new.jpg 394w, https:\/\/aimmportugal.org\/wp-content\/uploads\/2022\/03\/our-work-education-4-new-324x316.jpg 324w, https:\/\/aimmportugal.org\/wp-content\/uploads\/2022\/03\/our-work-education-4-new-300x292.jpg 300w\" sizes=\"auto, (max-width: 394px) 100vw, 394px\" \/><\/figure>\n\n\n\n<h3 class=\"wp-block-heading\">Atividades educacionais<\/h3>\n\n\n\n<p>Participa\u00e7\u00e3o em feiras ambientais, festivais e outros eventos do g\u00e9nero, nacionais e internacionais. Presen\u00e7a em alguns eventos nacionais como BioBlitz, Sagres Birdwatching e Nature Activities Festival, e Whale Fest a n\u00edvel internacional.<\/p>\n<\/div>\n<\/div>\n","protected":false},"excerpt":{"rendered":"<p>Projetos educacionais: Projeto Nauticinblu &#8217;25 Atividades pr\u00e1ticas e te\u00f3ricas com os alunos de duas escolas de Faro (Algarve). + INFO Projeto Nauticinblu &#8217;24 Quatro dias de atividades com os alunos de uma escola em Almada [&hellip;]<\/p>\n","protected":false},"author":5,"featured_media":0,"parent":4223,"menu_order":0,"comment_status":"closed","ping_status":"closed","template":"","meta":{"give_campaign_id":0,"footnotes":""},"class_list":["post-3756","page","type-page","status-publish","hentry"],"acf":[],"yoast_head":"<!-- This site is optimized with the Yoast SEO plugin v26.5 - https:\/\/yoast.com\/wordpress\/plugins\/seo\/ -->\n<title>Educa\u00e7\u00e3o - AIMM<\/title>\n<meta name=\"robots\" content=\"index, follow, max-snippet:-1, max-image-preview:large, max-video-preview:-1\" \/>\n<link rel=\"canonical\" href=\"https:\/\/aimmportugal.org\/pt\/sobre-nos\/trabalho\/educacao\/\" \/>\n<meta property=\"og:locale\" content=\"pt_PT\" \/>\n<meta property=\"og:type\" content=\"article\" \/>\n<meta property=\"og:title\" content=\"Educa\u00e7\u00e3o - AIMM\" \/>\n<meta property=\"og:description\" content=\"Projetos educacionais: Projeto Nauticinblu &#8217;25 Atividades pr\u00e1ticas e te\u00f3ricas com os alunos de duas escolas de Faro (Algarve). + INFO Projeto Nauticinblu &#8217;24 Quatro dias de atividades com os alunos de uma escola em Almada [&hellip;]\" \/>\n<meta property=\"og:url\" content=\"https:\/\/aimmportugal.org\/pt\/sobre-nos\/trabalho\/educacao\/\" \/>\n<meta property=\"og:site_name\" content=\"AIMM\" \/>\n<meta property=\"article:modified_time\" content=\"2025-05-09T15:44:25+00:00\" \/>\n<meta property=\"og:image\" content=\"https:\/\/aimmportugal.org\/wp-content\/uploads\/2022\/02\/our-work-education-cover-scaled.jpg\" \/>\n\t<meta property=\"og:image:width\" content=\"2560\" \/>\n\t<meta property=\"og:image:height\" content=\"1714\" \/>\n\t<meta property=\"og:image:type\" content=\"image\/jpeg\" \/>\n<meta name=\"twitter:card\" content=\"summary_large_image\" \/>\n<meta name=\"twitter:label1\" content=\"Tempo estimado de leitura\" \/>\n\t<meta name=\"twitter:data1\" content=\"3 minutos\" \/>\n<script type=\"application\/ld+json\" class=\"yoast-schema-graph\">{\"@context\":\"https:\/\/schema.org\",\"@graph\":[{\"@type\":\"WebPage\",\"@id\":\"https:\/\/aimmportugal.org\/pt\/sobre-nos\/trabalho\/educacao\/\",\"url\":\"https:\/\/aimmportugal.org\/pt\/sobre-nos\/trabalho\/educacao\/\",\"name\":\"Educa\u00e7\u00e3o - AIMM\",\"isPartOf\":{\"@id\":\"https:\/\/aimmportugal.org\/pt\/#website\"},\"primaryImageOfPage\":{\"@id\":\"https:\/\/aimmportugal.org\/pt\/sobre-nos\/trabalho\/educacao\/#primaryimage\"},\"image\":{\"@id\":\"https:\/\/aimmportugal.org\/pt\/sobre-nos\/trabalho\/educacao\/#primaryimage\"},\"thumbnailUrl\":\"https:\/\/aimmportugal.org\/wp-content\/uploads\/2022\/02\/our-work-education-cover-scaled.jpg\",\"datePublished\":\"2022-03-16T11:09:38+00:00\",\"dateModified\":\"2025-05-09T15:44:25+00:00\",\"breadcrumb\":{\"@id\":\"https:\/\/aimmportugal.org\/pt\/sobre-nos\/trabalho\/educacao\/#breadcrumb\"},\"inLanguage\":\"pt-PT\",\"potentialAction\":[{\"@type\":\"ReadAction\",\"target\":[\"https:\/\/aimmportugal.org\/pt\/sobre-nos\/trabalho\/educacao\/\"]}]},{\"@type\":\"ImageObject\",\"inLanguage\":\"pt-PT\",\"@id\":\"https:\/\/aimmportugal.org\/pt\/sobre-nos\/trabalho\/educacao\/#primaryimage\",\"url\":\"https:\/\/aimmportugal.org\/wp-content\/uploads\/2022\/02\/our-work-education-cover-scaled.jpg\",\"contentUrl\":\"https:\/\/aimmportugal.org\/wp-content\/uploads\/2022\/02\/our-work-education-cover-scaled.jpg\"},{\"@type\":\"BreadcrumbList\",\"@id\":\"https:\/\/aimmportugal.org\/pt\/sobre-nos\/trabalho\/educacao\/#breadcrumb\",\"itemListElement\":[{\"@type\":\"ListItem\",\"position\":1,\"name\":\"\",\"item\":\"https:\/\/aimmportugal.org\/pt\/\"},{\"@type\":\"ListItem\",\"position\":2,\"name\":\"Sobre n\u00f3s\",\"item\":\"https:\/\/aimmportugal.org\/pt\/sobre-nos\/\"},{\"@type\":\"ListItem\",\"position\":3,\"name\":\"O nosso trabalho\",\"item\":\"https:\/\/aimmportugal.org\/pt\/sobre-nos\/trabalho\/\"},{\"@type\":\"ListItem\",\"position\":4,\"name\":\"Educa\u00e7\u00e3o\"}]},{\"@type\":\"WebSite\",\"@id\":\"https:\/\/aimmportugal.org\/pt\/#website\",\"url\":\"https:\/\/aimmportugal.org\/pt\/\",\"name\":\"AIMM\",\"description\":\"Marine Environment Research Association\",\"publisher\":{\"@id\":\"https:\/\/aimmportugal.org\/pt\/#organization\"},\"potentialAction\":[{\"@type\":\"SearchAction\",\"target\":{\"@type\":\"EntryPoint\",\"urlTemplate\":\"https:\/\/aimmportugal.org\/pt\/?s={search_term_string}\"},\"query-input\":{\"@type\":\"PropertyValueSpecification\",\"valueRequired\":true,\"valueName\":\"search_term_string\"}}],\"inLanguage\":\"pt-PT\"},{\"@type\":\"Organization\",\"@id\":\"https:\/\/aimmportugal.org\/pt\/#organization\",\"name\":\"AIMM Portugal\",\"url\":\"https:\/\/aimmportugal.org\/pt\/\",\"logo\":{\"@type\":\"ImageObject\",\"inLanguage\":\"pt-PT\",\"@id\":\"https:\/\/aimmportugal.org\/pt\/#\/schema\/logo\/image\/\",\"url\":\"https:\/\/aimmportugal.org\/wp-content\/uploads\/2021\/07\/logo_AIMM_bilingue_blue.png\",\"contentUrl\":\"https:\/\/aimmportugal.org\/wp-content\/uploads\/2021\/07\/logo_AIMM_bilingue_blue.png\",\"width\":2560,\"height\":1484,\"caption\":\"AIMM Portugal\"},\"image\":{\"@id\":\"https:\/\/aimmportugal.org\/pt\/#\/schema\/logo\/image\/\"}}]}<\/script>\n<!-- \/ Yoast SEO plugin. -->","yoast_head_json":{"title":"Educa\u00e7\u00e3o - AIMM","robots":{"index":"index","follow":"follow","max-snippet":"max-snippet:-1","max-image-preview":"max-image-preview:large","max-video-preview":"max-video-preview:-1"},"canonical":"https:\/\/aimmportugal.org\/pt\/sobre-nos\/trabalho\/educacao\/","og_locale":"pt_PT","og_type":"article","og_title":"Educa\u00e7\u00e3o - AIMM","og_description":"Projetos educacionais: Projeto Nauticinblu &#8217;25 Atividades pr\u00e1ticas e te\u00f3ricas com os alunos de duas escolas de Faro (Algarve). + INFO Projeto Nauticinblu &#8217;24 Quatro dias de atividades com os alunos de uma escola em Almada [&hellip;]","og_url":"https:\/\/aimmportugal.org\/pt\/sobre-nos\/trabalho\/educacao\/","og_site_name":"AIMM","article_modified_time":"2025-05-09T15:44:25+00:00","og_image":[{"width":2560,"height":1714,"url":"https:\/\/aimmportugal.org\/wp-content\/uploads\/2022\/02\/our-work-education-cover-scaled.jpg","type":"image\/jpeg"}],"twitter_card":"summary_large_image","twitter_misc":{"Tempo estimado de leitura":"3 minutos"},"schema":{"@context":"https:\/\/schema.org","@graph":[{"@type":"WebPage","@id":"https:\/\/aimmportugal.org\/pt\/sobre-nos\/trabalho\/educacao\/","url":"https:\/\/aimmportugal.org\/pt\/sobre-nos\/trabalho\/educacao\/","name":"Educa\u00e7\u00e3o - AIMM","isPartOf":{"@id":"https:\/\/aimmportugal.org\/pt\/#website"},"primaryImageOfPage":{"@id":"https:\/\/aimmportugal.org\/pt\/sobre-nos\/trabalho\/educacao\/#primaryimage"},"image":{"@id":"https:\/\/aimmportugal.org\/pt\/sobre-nos\/trabalho\/educacao\/#primaryimage"},"thumbnailUrl":"https:\/\/aimmportugal.org\/wp-content\/uploads\/2022\/02\/our-work-education-cover-scaled.jpg","datePublished":"2022-03-16T11:09:38+00:00","dateModified":"2025-05-09T15:44:25+00:00","breadcrumb":{"@id":"https:\/\/aimmportugal.org\/pt\/sobre-nos\/trabalho\/educacao\/#breadcrumb"},"inLanguage":"pt-PT","potentialAction":[{"@type":"ReadAction","target":["https:\/\/aimmportugal.org\/pt\/sobre-nos\/trabalho\/educacao\/"]}]},{"@type":"ImageObject","inLanguage":"pt-PT","@id":"https:\/\/aimmportugal.org\/pt\/sobre-nos\/trabalho\/educacao\/#primaryimage","url":"https:\/\/aimmportugal.org\/wp-content\/uploads\/2022\/02\/our-work-education-cover-scaled.jpg","contentUrl":"https:\/\/aimmportugal.org\/wp-content\/uploads\/2022\/02\/our-work-education-cover-scaled.jpg"},{"@type":"BreadcrumbList","@id":"https:\/\/aimmportugal.org\/pt\/sobre-nos\/trabalho\/educacao\/#breadcrumb","itemListElement":[{"@type":"ListItem","position":1,"name":"","item":"https:\/\/aimmportugal.org\/pt\/"},{"@type":"ListItem","position":2,"name":"Sobre n\u00f3s","item":"https:\/\/aimmportugal.org\/pt\/sobre-nos\/"},{"@type":"ListItem","position":3,"name":"O nosso trabalho","item":"https:\/\/aimmportugal.org\/pt\/sobre-nos\/trabalho\/"},{"@type":"ListItem","position":4,"name":"Educa\u00e7\u00e3o"}]},{"@type":"WebSite","@id":"https:\/\/aimmportugal.org\/pt\/#website","url":"https:\/\/aimmportugal.org\/pt\/","name":"AIMM","description":"Marine Environment Research Association","publisher":{"@id":"https:\/\/aimmportugal.org\/pt\/#organization"},"potentialAction":[{"@type":"SearchAction","target":{"@type":"EntryPoint","urlTemplate":"https:\/\/aimmportugal.org\/pt\/?s={search_term_string}"},"query-input":{"@type":"PropertyValueSpecification","valueRequired":true,"valueName":"search_term_string"}}],"inLanguage":"pt-PT"},{"@type":"Organization","@id":"https:\/\/aimmportugal.org\/pt\/#organization","name":"AIMM Portugal","url":"https:\/\/aimmportugal.org\/pt\/","logo":{"@type":"ImageObject","inLanguage":"pt-PT","@id":"https:\/\/aimmportugal.org\/pt\/#\/schema\/logo\/image\/","url":"https:\/\/aimmportugal.org\/wp-content\/uploads\/2021\/07\/logo_AIMM_bilingue_blue.png","contentUrl":"https:\/\/aimmportugal.org\/wp-content\/uploads\/2021\/07\/logo_AIMM_bilingue_blue.png","width":2560,"height":1484,"caption":"AIMM Portugal"},"image":{"@id":"https:\/\/aimmportugal.org\/pt\/#\/schema\/logo\/image\/"}}]}},"campaignId":"","_links":{"self":[{"href":"https:\/\/aimmportugal.org\/pt\/wp-json\/wp\/v2\/pages\/3756","targetHints":{"allow":["GET"]}}],"collection":[{"href":"https:\/\/aimmportugal.org\/pt\/wp-json\/wp\/v2\/pages"}],"about":[{"href":"https:\/\/aimmportugal.org\/pt\/wp-json\/wp\/v2\/types\/page"}],"author":[{"embeddable":true,"href":"https:\/\/aimmportugal.org\/pt\/wp-json\/wp\/v2\/users\/5"}],"replies":[{"embeddable":true,"href":"https:\/\/aimmportugal.org\/pt\/wp-json\/wp\/v2\/comments?post=3756"}],"version-history":[{"count":25,"href":"https:\/\/aimmportugal.org\/pt\/wp-json\/wp\/v2\/pages\/3756\/revisions"}],"predecessor-version":[{"id":310824,"href":"https:\/\/aimmportugal.org\/pt\/wp-json\/wp\/v2\/pages\/3756\/revisions\/310824"}],"up":[{"embeddable":true,"href":"https:\/\/aimmportugal.org\/pt\/wp-json\/wp\/v2\/pages\/4223"}],"wp:attachment":[{"href":"https:\/\/aimmportugal.org\/pt\/wp-json\/wp\/v2\/media?parent=3756"}],"curies":[{"name":"wp","href":"https:\/\/api.w.org\/{rel}","templated":true}]}}